{"id":2761,"date":"2020-11-30T10:12:31","date_gmt":"2020-11-30T13:12:31","guid":{"rendered":"https:\/\/controllab.com\/?post_type=product&#038;p=2761"},"modified":"2025-04-10T16:24:49","modified_gmt":"2025-04-10T19:24:49","slug":"antigeno-hla-b-27","status":"publish","type":"product","link":"https:\/\/controllab.com\/es\/programa\/antigeno-hla-b-27\/","title":{"rendered":"Ant\u00edgeno HLA-B-27"},"content":{"rendered":"\t\t<div data-elementor-type=\"product-post\" data-elementor-id=\"2761\" class=\"elementor elementor-2761 elementor-2759\" data-elementor-post-type=\"product\">\n\t\t\t\t\t\t<section class=\"has_ae_slider elementor-section elementor-top-section elementor-element elementor-element-5743423f elementor-section-boxed elementor-section-height-default elementor-section-height-default ae-bg-gallery-type-default\" data-id=\"5743423f\" data-element_type=\"section\" data-e-type=\"section\">\n\t\t\t\t\t\t<div class=\"elementor-container elementor-column-gap-default\">\n\t\t\t\t\t<div class=\"has_ae_slider elementor-column elementor-col-100 elementor-top-column elementor-element elementor-element-5ebefcf1 ae-bg-gallery-type-default\" data-id=\"5ebefcf1\" data-element_type=\"column\" data-e-type=\"column\">\n\t\t\t<div class=\"elementor-widget-wrap elementor-element-populated\">\n\t\t\t\t\t\t<div class=\"elementor-element elementor-element-29a2d0c4 elementor-widget elementor-widget-text-editor\" data-id=\"29a2d0c4\" data-element_type=\"widget\" data-e-type=\"widget\" data-widget_type=\"text-editor.default\">\n\t\t\t\t<div class=\"elementor-widget-container\">\n\t\t\t\t\t\t\t\t\t<p><strong>El programa incluye t\u00e9cnicas moleculares basadas en la PCR. <\/strong><br \/>Las muestras contienen el genoma completo del microorganismo.<\/p><p>Ant\u00edgeno HLA-B-27 <sup>1<\/sup><\/p><p><strong style=\"font-family: 'Open Sans';letter-spacing: 0px\">Ex\u00e1menes relacionados<\/strong><\/p><p><sup style=\"font-style: inherit;font-weight: inherit;letter-spacing: 0px\">1<\/sup><span style=\"font-family: 'Open Sans';letter-spacing: 0px\">HLAB27<\/span><\/p>\t\t\t\t\t\t\t\t<\/div>\n\t\t\t\t<\/div>\n\t\t\t\t\t<\/div>\n\t\t<\/div>\n\t\t\t\t\t<\/div>\n\t\t<\/section>\n\t\t\t\t<\/div>\n\t\t","protected":false},"excerpt":{"rendered":"<p>El programa incluye t\u00e9cnicas moleculares basadas en la PCR. Las muestras contienen el genoma completo del microorganismo. Ant\u00edgeno HLA-B-27 1 Ex\u00e1menes relacionados 1HLAB27<\/p>\n","protected":false},"featured_media":15909,"template":"","meta":{"_acf_changed":false},"product_brand":[],"product_cat":[440,436,492],"product_tag":[],"class_list":{"0":"post-2761","1":"product","2":"type-product","3":"status-publish","4":"has-post-thumbnail","6":"product_cat-clinico-es","7":"product_cat-ep-es","8":"product_cat-genetica-biologia-molecular","9":"tm-has-options","11":"first","12":"instock","13":"taxable","14":"shipping-taxable","15":"purchasable","16":"product-type-simple"},"acf":[],"_links":{"self":[{"href":"https:\/\/controllab.com\/es\/wp-json\/wp\/v2\/product\/2761","targetHints":{"allow":["GET"]}}],"collection":[{"href":"https:\/\/controllab.com\/es\/wp-json\/wp\/v2\/product"}],"about":[{"href":"https:\/\/controllab.com\/es\/wp-json\/wp\/v2\/types\/product"}],"version-history":[{"count":2,"href":"https:\/\/controllab.com\/es\/wp-json\/wp\/v2\/product\/2761\/revisions"}],"predecessor-version":[{"id":184613,"href":"https:\/\/controllab.com\/es\/wp-json\/wp\/v2\/product\/2761\/revisions\/184613"}],"wp:featuredmedia":[{"embeddable":true,"href":"https:\/\/controllab.com\/es\/wp-json\/wp\/v2\/media\/15909"}],"wp:attachment":[{"href":"https:\/\/controllab.com\/es\/wp-json\/wp\/v2\/media?parent=2761"}],"wp:term":[{"taxonomy":"product_brand","embeddable":true,"href":"https:\/\/controllab.com\/es\/wp-json\/wp\/v2\/product_brand?post=2761"},{"taxonomy":"product_cat","embeddable":true,"href":"https:\/\/controllab.com\/es\/wp-json\/wp\/v2\/product_cat?post=2761"},{"taxonomy":"product_tag","embeddable":true,"href":"https:\/\/controllab.com\/es\/wp-json\/wp\/v2\/product_tag?post=2761"}],"curies":[{"name":"wp","href":"https:\/\/api.w.org\/{rel}","templated":true}]}}