{"id":27960,"date":"2020-11-17T15:14:35","date_gmt":"2020-11-17T18:14:35","guid":{"rendered":"https:\/\/controllab.com\/produto\/hormonios-especializados\/"},"modified":"2025-02-24T13:20:11","modified_gmt":"2025-02-24T16:20:11","slug":"hormonas","status":"publish","type":"product","link":"https:\/\/controllab.com\/es\/programa\/hormonas\/","title":{"rendered":"Hormonas"},"content":{"rendered":"\t\t<div data-elementor-type=\"product-post\" data-elementor-id=\"27960\" class=\"elementor elementor-27960 elementor-1113\" data-elementor-post-type=\"product\">\n\t\t\t\t\t\t<section class=\"has_ae_slider elementor-section elementor-top-section elementor-element elementor-element-f35d108 elementor-section-boxed elementor-section-height-default elementor-section-height-default ae-bg-gallery-type-default\" data-id=\"f35d108\" data-element_type=\"section\" data-e-type=\"section\">\n\t\t\t\t\t\t<div class=\"elementor-container elementor-column-gap-default\">\n\t\t\t\t\t<div class=\"has_ae_slider elementor-column elementor-col-50 elementor-top-column elementor-element elementor-element-90059b7 ae-bg-gallery-type-default\" data-id=\"90059b7\" data-element_type=\"column\" data-e-type=\"column\">\n\t\t\t<div class=\"elementor-widget-wrap elementor-element-populated\">\n\t\t\t\t\t\t<div class=\"elementor-element elementor-element-2fe68ed elementor-widget elementor-widget-text-editor\" data-id=\"2fe68ed\" data-element_type=\"widget\" data-e-type=\"widget\" data-widget_type=\"text-editor.default\">\n\t\t\t\t<div class=\"elementor-widget-container\">\n\t\t\t\t\t\t\t\t\t<p><strong>Hormonas I<\/strong><\/p><ul><li>17OH Progesterona<\/li><li>Androstenediona<\/li><li>Androsterona<\/li><li>Captaci\u00f3n de T3 (triyodotironina)<\/li><li>Cortisol<\/li><li>DHEA<\/li><li>Estradiol (E2)<\/li><li>Estriol (EU3) Total<\/li><li>Estriol (UE3) Libre<\/li><li>Estrona (E1)<\/li><li>FSH (Hormona foliculoestimulante)<\/li><li>GH (hormona del crecimiento)<\/li><li>Grelina<\/li><li>HCG (gonadotrofina cori\u00f3nica humana)\/Beta HCG<\/li><li>\u00cdndice Beta Homa<\/li><li>\u00cdndice de andr\u00f3genos libres<\/li><li>\u00cdndice IR Homa<\/li><li>Insulina total<\/li><li>Leptina<\/li><li>LH (hormona luteinizante)<\/li><li>Progesterona<\/li><li>Prolactina<\/li><li>SHBG (globulina fijadora de hormonas sexuales)<\/li><li>Sulfato de DHEA (S-DHEA)<\/li><li>T3 (Triyodotironina) Total<\/li><li>T3 libre (triyodotironina)<\/li><li>T4 (Tiroxina) Libre<\/li><li>T4 (Tiroxina) Total<\/li><li>Testosterona biodisponible<\/li><li>Testosterona libre<\/li><li>Testosterona total<\/li><li>TSH (Hormona estimulante del tiroides)<\/li><\/ul><p><strong>Hormonas II<\/strong><\/p><ul><li>ACTH (hormona adrenocorticotr\u00f3pica)<\/li><li>Eritropoyetina (EPO)<\/li><\/ul>\t\t\t\t\t\t\t\t<\/div>\n\t\t\t\t<\/div>\n\t\t\t\t\t<\/div>\n\t\t<\/div>\n\t\t\t\t<div class=\"has_ae_slider elementor-column elementor-col-50 elementor-top-column elementor-element elementor-element-25505c8 ae-bg-gallery-type-default\" data-id=\"25505c8\" data-element_type=\"column\" data-e-type=\"column\">\n\t\t\t<div class=\"elementor-widget-wrap elementor-element-populated\">\n\t\t\t\t\t\t<div class=\"elementor-element elementor-element-cbe83d0 elementor-widget elementor-widget-text-editor\" data-id=\"cbe83d0\" data-element_type=\"widget\" data-e-type=\"widget\" data-widget_type=\"text-editor.default\">\n\t\t\t\t<div class=\"elementor-widget-container\">\n\t\t\t\t\t\t\t\t\t<p><strong style=\"color: inherit;font-family: 'Open Sans';letter-spacing: inherit\">Hormonas III<\/strong><\/p>\n<ul>\n<li>Macroprolactina<\/li>\n<li>Prolactina inicial<\/li>\n<li>Prolactina Monom\u00e9rica<\/li>\n<\/ul>\n<p><strong>Hormonas IV<\/strong><\/p>\n<ul>\n<li>11-Desoxicorticosterona (DOC)<\/li>\n<li>11-Desoxicortisol (compostos)<\/li>\n<li>17 Hidroxipregnenolona<\/li>\n<li>18 Hidroxicorticosterona<\/li>\n<li>21-Deoxicortisol<\/li>\n<li>Corticosterona (Composto B)<\/li>\n<li>Cortisona (Composto E)<\/li>\n<li>DHT (Dihidrotestosterona)<\/li>\n<li>GHBP<\/li>\n<li>Glicuron\u00eddeo de 3-alfa-androstanediol (3-ALFA-DIOL)<\/li>\n<li>Globulina de liga\u00e7\u00e3o ao cortisol (CGB)<\/li>\n<li>Glucagon<\/li>\n<li>Inibina A<\/li>\n<li>Inibina B<\/li>\n<li>Insulina B<\/li>\n<li>Pregnenolona<\/li>\n<li>Pr\u00f3-insulina<\/li>\n<li>T3 reverso (triiodotironina)<\/li>\n<li>TBG (globulina de liga\u00e7\u00e3o \u00e0 tiroxina)<\/li><\/ul><ul>\n<\/ul>\n<p><strong>Hormonas VI<\/strong><\/p>\n<ul>\n<li>AMH (Hormona Antimulleriana)<\/li>\n<\/ul>\n<p><strong>Hormonas VII<\/strong><\/p>\n<ul>\n<li>PTH (1-84)<\/li>\n<li>PTH intacta<\/li>\n<li>PTH &#8211; Prote\u00edna relacionada<\/li>\n<\/ul>\t\t\t\t\t\t\t\t<\/div>\n\t\t\t\t<\/div>\n\t\t\t\t\t<\/div>\n\t\t<\/div>\n\t\t\t\t\t<\/div>\n\t\t<\/section>\n\t\t\t\t<\/div>\n\t\t","protected":false},"excerpt":{"rendered":"<p>Hormonas I 17OH Progesterona Androstenediona Androsterona Captaci\u00f3n de T3 (triyodotironina) Cortisol DHEA Estradiol (E2) Estriol (EU3) Total Estriol (UE3) Libre Estrona (E1) FSH (Hormona foliculoestimulante) GH<span class=\"excerpt-hellip\"> [\u2026]<\/span><\/p>\n","protected":false},"featured_media":16619,"template":"","meta":{"_acf_changed":false},"product_brand":[],"product_cat":[440,442,436,524],"product_tag":[],"class_list":{"0":"post-27960","1":"product","2":"type-product","3":"status-publish","4":"has-post-thumbnail","6":"product_cat-clinico-es","7":"product_cat-ci-es","8":"product_cat-ep-es","9":"product_cat-inmunoensayos-endocrinologia","10":"tm-has-options","12":"first","13":"instock","14":"taxable","15":"shipping-taxable","16":"purchasable","17":"product-type-simple"},"acf":[],"_links":{"self":[{"href":"https:\/\/controllab.com\/es\/wp-json\/wp\/v2\/product\/27960","targetHints":{"allow":["GET"]}}],"collection":[{"href":"https:\/\/controllab.com\/es\/wp-json\/wp\/v2\/product"}],"about":[{"href":"https:\/\/controllab.com\/es\/wp-json\/wp\/v2\/types\/product"}],"version-history":[{"count":2,"href":"https:\/\/controllab.com\/es\/wp-json\/wp\/v2\/product\/27960\/revisions"}],"predecessor-version":[{"id":179814,"href":"https:\/\/controllab.com\/es\/wp-json\/wp\/v2\/product\/27960\/revisions\/179814"}],"wp:featuredmedia":[{"embeddable":true,"href":"https:\/\/controllab.com\/es\/wp-json\/wp\/v2\/media\/16619"}],"wp:attachment":[{"href":"https:\/\/controllab.com\/es\/wp-json\/wp\/v2\/media?parent=27960"}],"wp:term":[{"taxonomy":"product_brand","embeddable":true,"href":"https:\/\/controllab.com\/es\/wp-json\/wp\/v2\/product_brand?post=27960"},{"taxonomy":"product_cat","embeddable":true,"href":"https:\/\/controllab.com\/es\/wp-json\/wp\/v2\/product_cat?post=27960"},{"taxonomy":"product_tag","embeddable":true,"href":"https:\/\/controllab.com\/es\/wp-json\/wp\/v2\/product_tag?post=27960"}],"curies":[{"name":"wp","href":"https:\/\/api.w.org\/{rel}","templated":true}]}}