{"id":27972,"date":"2021-08-27T14:02:11","date_gmt":"2021-08-27T17:02:11","guid":{"rendered":"https:\/\/controllab.com\/produto\/urinalise-bioquimica-ii\/"},"modified":"2024-12-12T16:41:36","modified_gmt":"2024-12-12T19:41:36","slug":"urinalise-bioquimica-ii","status":"publish","type":"product","link":"https:\/\/controllab.com\/es\/programa\/urinalise-bioquimica-ii\/","title":{"rendered":"An\u00e1lisis Bioqu\u00edmico de Orina II"},"content":{"rendered":"\t\t<div data-elementor-type=\"product-post\" data-elementor-id=\"27972\" class=\"elementor elementor-27972 elementor-569\" data-elementor-post-type=\"product\">\n\t\t\t\t\t\t<section class=\"has_ae_slider elementor-section elementor-top-section elementor-element elementor-element-55e7b65f elementor-section-boxed elementor-section-height-default elementor-section-height-default ae-bg-gallery-type-default\" data-id=\"55e7b65f\" data-element_type=\"section\" data-e-type=\"section\">\n\t\t\t\t\t\t<div class=\"elementor-container elementor-column-gap-default\">\n\t\t\t\t\t<div class=\"has_ae_slider elementor-column elementor-col-100 elementor-top-column elementor-element elementor-element-75be5632 ae-bg-gallery-type-default\" data-id=\"75be5632\" data-element_type=\"column\" data-e-type=\"column\">\n\t\t\t<div class=\"elementor-widget-wrap elementor-element-populated\">\n\t\t\t\t\t\t<div class=\"elementor-element elementor-element-64de156 elementor-widget elementor-widget-text-editor\" data-id=\"64de156\" data-element_type=\"widget\" data-e-type=\"widget\" data-widget_type=\"text-editor.default\">\n\t\t\t\t<div class=\"elementor-widget-container\">\n\t\t\t\t\t\t\t\t\t<ul><li>17-Cetosteroides (17-KS)<\/li><li>17-Hidroxicorticosteroides (17-OH)<\/li><li>3-Metoxitiramina (3-MT)<\/li><li>\u00c1cido 5-Hidroxi Indolac\u00e9tico (HIAA)<\/li><li>\u00c1cido Asp\u00e1rtico<\/li><li>\u00c1cido Gamma Aminobut\u00edrico (GABA)<\/li><li>\u00c1cido Glut\u00e1mico<\/li><li>\u00c1cido Homovan\u00edlico (HVA)<\/li><li>\u00c1cido Metilmal\u00f3nico<\/li><li>\u00c1cido Or\u00f3tico<\/li><li>\u00c1cido Vanililmand\u00e9lico (VMA)<\/li><li>Alanina<\/li><li>Aldosterona<\/li><li>AMP c\u00edclico<\/li><li>Arginina<\/li><li>Asparagina<\/li><li>Beta-2-microglobulina<\/li><li>Cotinina<\/li><li>Dopamina<\/li><li>Epinefrina (adrenalina)<\/li><li>Hierro<\/li><li>Hidroxiprolina Total<\/li><li>Histamina<\/li><li>Homociste\u00edna<\/li><li>IgA<\/li><li>IgG<\/li><li>Yodo<\/li><li>Metanefrina<\/li><li>Mioglobina<\/li><li>Nicotina<\/li><li>Norepinefrina (Noradrenalina)<\/li><li>Normetanefrina<\/li><li>Prueba de \u00c1cido Homogent\u00edsico<\/li><li>Prueba de Homocistina<\/li><li>Prueba de Mioglobina<\/li><li>Prueba de Mucopolisac\u00e1ridos<\/li><li>Prote\u00edna de Uni\u00f3n al Retinol<\/li><li>Serotonina<\/li><li>Transferrina<\/li><\/ul>\t\t\t\t\t\t\t\t<\/div>\n\t\t\t\t<\/div>\n\t\t\t\t\t<\/div>\n\t\t<\/div>\n\t\t\t\t\t<\/div>\n\t\t<\/section>\n\t\t\t\t<\/div>\n\t\t","protected":false},"excerpt":{"rendered":"<p>17-Cetosteroides (17-KS) 17-Hidroxicorticosteroides (17-OH) 3-Metoxitiramina (3-MT) \u00c1cido 5-Hidroxi Indolac\u00e9tico (HIAA) \u00c1cido Asp\u00e1rtico \u00c1cido Gamma Aminobut\u00edrico (GABA) \u00c1cido Glut\u00e1mico \u00c1cido Homovan\u00edlico (HVA) \u00c1cido Metilmal\u00f3nico \u00c1cido Or\u00f3tico \u00c1cido<span class=\"excerpt-hellip\"> [\u2026]<\/span><\/p>\n","protected":false},"featured_media":19298,"template":"","meta":{"_acf_changed":false},"product_brand":[],"product_cat":[440,436,434,435],"product_tag":[],"class_list":{"0":"post-27972","1":"product","2":"type-product","3":"status-publish","4":"has-post-thumbnail","6":"product_cat-clinico-es","7":"product_cat-ep-es","8":"product_cat-farmaceuticos-es-2","9":"product_cat-urinalisis","10":"tm-has-options","12":"first","13":"instock","14":"taxable","15":"shipping-taxable","16":"purchasable","17":"product-type-simple"},"acf":[],"_links":{"self":[{"href":"https:\/\/controllab.com\/es\/wp-json\/wp\/v2\/product\/27972","targetHints":{"allow":["GET"]}}],"collection":[{"href":"https:\/\/controllab.com\/es\/wp-json\/wp\/v2\/product"}],"about":[{"href":"https:\/\/controllab.com\/es\/wp-json\/wp\/v2\/types\/product"}],"version-history":[{"count":2,"href":"https:\/\/controllab.com\/es\/wp-json\/wp\/v2\/product\/27972\/revisions"}],"predecessor-version":[{"id":174349,"href":"https:\/\/controllab.com\/es\/wp-json\/wp\/v2\/product\/27972\/revisions\/174349"}],"wp:featuredmedia":[{"embeddable":true,"href":"https:\/\/controllab.com\/es\/wp-json\/wp\/v2\/media\/19298"}],"wp:attachment":[{"href":"https:\/\/controllab.com\/es\/wp-json\/wp\/v2\/media?parent=27972"}],"wp:term":[{"taxonomy":"product_brand","embeddable":true,"href":"https:\/\/controllab.com\/es\/wp-json\/wp\/v2\/product_brand?post=27972"},{"taxonomy":"product_cat","embeddable":true,"href":"https:\/\/controllab.com\/es\/wp-json\/wp\/v2\/product_cat?post=27972"},{"taxonomy":"product_tag","embeddable":true,"href":"https:\/\/controllab.com\/es\/wp-json\/wp\/v2\/product_tag?post=27972"}],"curies":[{"name":"wp","href":"https:\/\/api.w.org\/{rel}","templated":true}]}}