{"id":27975,"date":"2020-10-27T13:57:14","date_gmt":"2020-10-27T16:57:14","guid":{"rendered":"https:\/\/controllab.com\/produto\/risco-de-calculo-renal\/"},"modified":"2024-08-23T09:20:30","modified_gmt":"2024-08-23T12:20:30","slug":"riesgo-de-calculo-renal","status":"publish","type":"product","link":"https:\/\/controllab.com\/es\/programa\/riesgo-de-calculo-renal\/","title":{"rendered":"Riesgo de C\u00e1lculo Renal"},"content":{"rendered":"<ul>\n<li>Cistina<\/li>\n<li>Citrato (\u00c1cido C\u00edtrico)<\/li>\n<li>Oxalato (\u00c1cido Ox\u00e1lico)<\/li>\n<li>Sulfato<\/li>\n<\/ul>\n","protected":false},"excerpt":{"rendered":"<p>Cistina Citrato (\u00c1cido C\u00edtrico) Oxalato (\u00c1cido Ox\u00e1lico) Sulfato<\/p>\n","protected":false},"featured_media":15956,"template":"","meta":{"_acf_changed":false},"product_brand":[],"product_cat":[440,442,436,435],"product_tag":[],"class_list":{"0":"post-27975","1":"product","2":"type-product","3":"status-publish","4":"has-post-thumbnail","6":"product_cat-clinico-es","7":"product_cat-ci-es","8":"product_cat-ep-es","9":"product_cat-urinalisis","10":"tm-has-options","12":"first","13":"instock","14":"taxable","15":"shipping-taxable","16":"purchasable","17":"product-type-simple"},"acf":[],"_links":{"self":[{"href":"https:\/\/controllab.com\/es\/wp-json\/wp\/v2\/product\/27975","targetHints":{"allow":["GET"]}}],"collection":[{"href":"https:\/\/controllab.com\/es\/wp-json\/wp\/v2\/product"}],"about":[{"href":"https:\/\/controllab.com\/es\/wp-json\/wp\/v2\/types\/product"}],"version-history":[{"count":0,"href":"https:\/\/controllab.com\/es\/wp-json\/wp\/v2\/product\/27975\/revisions"}],"wp:featuredmedia":[{"embeddable":true,"href":"https:\/\/controllab.com\/es\/wp-json\/wp\/v2\/media\/15956"}],"wp:attachment":[{"href":"https:\/\/controllab.com\/es\/wp-json\/wp\/v2\/media?parent=27975"}],"wp:term":[{"taxonomy":"product_brand","embeddable":true,"href":"https:\/\/controllab.com\/es\/wp-json\/wp\/v2\/product_brand?post=27975"},{"taxonomy":"product_cat","embeddable":true,"href":"https:\/\/controllab.com\/es\/wp-json\/wp\/v2\/product_cat?post=27975"},{"taxonomy":"product_tag","embeddable":true,"href":"https:\/\/controllab.com\/es\/wp-json\/wp\/v2\/product_tag?post=27975"}],"curies":[{"name":"wp","href":"https:\/\/api.w.org\/{rel}","templated":true}]}}