{"id":27979,"date":"2020-10-27T13:10:54","date_gmt":"2020-10-27T16:10:54","guid":{"rendered":"https:\/\/controllab.com\/produto\/velocidade-de-hemossedimentacao-vhs\/"},"modified":"2026-04-01T15:51:41","modified_gmt":"2026-04-01T18:51:41","slug":"velocidad-de-sedimentacion-globular-vsg","status":"publish","type":"product","link":"https:\/\/controllab.com\/es\/programa\/velocidad-de-sedimentacion-globular-vsg\/","title":{"rendered":"Velocidad de Sedimentaci\u00f3n Globular (VSG)"},"content":{"rendered":"\t\t<div data-elementor-type=\"product-post\" data-elementor-id=\"27979\" class=\"elementor elementor-27979 elementor-557\" data-elementor-post-type=\"product\">\n\t\t\t\t\t\t<section class=\"has_ae_slider elementor-section elementor-top-section elementor-element elementor-element-5433821b elementor-section-boxed elementor-section-height-default elementor-section-height-default ae-bg-gallery-type-default\" data-id=\"5433821b\" data-element_type=\"section\" data-e-type=\"section\">\n\t\t\t\t\t\t<div class=\"elementor-container elementor-column-gap-default\">\n\t\t\t\t\t<div class=\"has_ae_slider elementor-column elementor-col-100 elementor-top-column elementor-element elementor-element-5651bced ae-bg-gallery-type-default\" data-id=\"5651bced\" data-element_type=\"column\" data-e-type=\"column\">\n\t\t\t<div class=\"elementor-widget-wrap elementor-element-populated\">\n\t\t\t\t\t\t<div class=\"elementor-element elementor-element-2ad037e8 elementor-widget elementor-widget-text-editor\" data-id=\"2ad037e8\" data-element_type=\"widget\" data-e-type=\"widget\" data-widget_type=\"text-editor.default\">\n\t\t\t\t<div class=\"elementor-widget-container\">\n\t\t\t\t\t\t\t\t\t<p>La EP VSG se divide en 5 programas diferentes en funci\u00f3n de los sistemas anal\u00edticos a los que sirve:<\/p><p><strong>Velocidad de Sedimentaci\u00f3n Globular<\/strong> &#8211; <strong>Alifax:<\/strong> Sistema Alifax<\/p><p><strong>Velocidad de Sedimentaci\u00f3n Globular &#8211; I: <\/strong>Para Pipetas y Tubos de Vidrio)<\/p><p><strong>Velocidad de Sedimentaci\u00f3n Globular &#8211; II: <\/strong>Sistemas de automatizaci\u00f3n (excepto Alifax, BC-780 y H550E), pipetas y tubos de pl\u00e1stico (excepto Cralplast)<\/p><p><strong>Velocidad de Sedimentaci\u00f3n Globular &#8211; III: <\/strong>Pipetas de pl\u00e1stico Cralplast y sistemas de automatizaci\u00f3n (BC-780 y H550E<strong>)<br \/><\/strong><\/p><p><strong>Velocidad de Sedimentaci\u00f3n Globular &#8211; IV: <\/strong>Sistema Wiener E32<\/p><table width=\"551\"><tbody><tr><td width=\"180\"><p style=\"text-align: center;\"><strong>VSG &#8211; I<\/strong><\/p><\/td><td style=\"text-align: center;\" width=\"183\"><strong>VSG &#8211; II<\/strong><\/td><td style=\"text-align: center;\" width=\"188\"><strong>VSG &#8211; III<\/strong><\/td><\/tr><tr><td width=\"180\">ESR Fast Detector<\/td><td width=\"183\"><span style=\", sans-serif;font-size: 14px; font-style: normal; font-weight: 400;\">HumanSRate 24PT<\/span><\/td><td width=\"188\"><span style=\", sans-serif;font-size: 14px; font-style: normal; font-weight: 400;\">BC-780<\/span><\/td><\/tr><tr><td width=\"180\">Labor Import<\/td><td width=\"183\"><span style=\", sans-serif;font-size: 14px; font-style: normal; font-weight: 400;\">Humased 20\/40<\/span><\/td><td>Cralplast<\/td><\/tr><tr><td width=\"180\">Petrovacuum<\/td><td width=\"183\"><span style=\", sans-serif;font-size: 14px; font-style: normal; font-weight: 400;\">Labor Import<\/span><\/td><td><span style=\"text-align: start; font-style: normal; font-size: 14.5px;\">H550E<\/span><\/td><\/tr><tr><td width=\"180\">Seditainer<\/td><td width=\"183\"><span style=\", sans-serif;font-size: 14px; font-style: normal; font-weight: 400;\">Microsed System<\/span><\/td><td style=\"text-align: center;\" width=\"188\"><strong>VSG &#8211; IV<\/strong><\/td><\/tr><tr><td width=\"180\">Takives<\/td><td width=\"183\"><span style=\", sans-serif;font-size: 14px; font-style: normal; font-weight: 400;\">Mini-Ves<\/span><\/td><td width=\"188\">Sistema Wiener E32<\/td><\/tr><tr><td width=\"180\">Vacuplast<\/td><td width=\"183\"><span style=\", sans-serif;font-size: 14px; font-style: normal; font-weight: 400;\">Mix Rate X20 y X100<\/span><\/td><td>\u00a0<\/td><\/tr><tr><td width=\"180\">Westergren<\/td><td width=\"183\"><span style=\", sans-serif;font-size: 14px; font-style: normal; font-weight: 400;\">Westergren Modificado (Pipeta de Pl\u00e1stico)<\/span><\/td><td><strong>VSG &#8211; Alifax<\/strong><\/td><\/tr><tr><td width=\"180\">Wintrobe<\/td><td width=\"183\"><span style=\", sans-serif;font-size: 14px; font-style: normal; font-weight: 400;\">Seddi Pette<\/span><\/td><td>Sistemas Alifax<\/td><\/tr><tr><td width=\"180\">\u00a0<\/td><td width=\"183\"><span style=\", sans-serif;font-size: 14px; font-style: normal; font-weight: 400;\">Sarstedt Sediplus S2000 y Sedivette (Manual)<\/span><\/td><td>\u00a0<\/td><\/tr><tr><td width=\"180\">\u00a0<\/td><td width=\"183\"><span style=\", sans-serif;font-size: 14px; font-style: normal; font-weight: 400;\">Vacuette Manual Tubo y Pipeta<\/span><\/td><td>\u00a0<\/td><\/tr><tr><td width=\"180\">\u00a0<\/td><td width=\"183\"><span style=\", sans-serif;font-size: 14px; font-style: normal; font-weight: 400;\">Vacuette SRT 10\/II, SRS 20\/II y SRS 100\/II<\/span><\/td><td>\u00a0<\/td><\/tr><tr><td width=\"180\">\u00a0<\/td><td width=\"183\"><span style=\", sans-serif;font-size: 14px; font-style: normal; font-weight: 400;\">Ves-Matic Cube 30, 30 Touch, 80 y 200; Easy; Mini; Original 20, 20 Plus, 30 y 30 Plus; Track<\/span><\/td><td>\u00a0<\/td><\/tr><tr><td width=\"180\">\u00a0<\/td><td width=\"183\"><span style=\", sans-serif;font-size: 14px; font-style: normal; font-weight: 400;\">VHS Max<\/span><\/td><td>\u00a0<\/td><\/tr><tr><td width=\"180\">\u00a0<\/td><td width=\"183\"><span style=\", sans-serif;font-size: 14px; font-style: normal; font-weight: 400;\">VHS Timer<\/span><\/td><td>\u00a0<\/td><\/tr><tr><td>\u00a0<\/td><td width=\"183\">\u00a0<\/td><td>\u00a0<\/td><\/tr><tr><td>\u00a0<\/td><td width=\"183\">\u00a0<\/td><td>\u00a0<\/td><\/tr><\/tbody><\/table><p>(Sistemas de automatizaci\u00f3n (excepto Alifax, BC-780 y H550E), pipetas y tubos de pl\u00e1stico (excepto Cralplast))<\/p>\t\t\t\t\t\t\t\t<\/div>\n\t\t\t\t<\/div>\n\t\t\t\t\t<\/div>\n\t\t<\/div>\n\t\t\t\t\t<\/div>\n\t\t<\/section>\n\t\t\t\t<\/div>\n\t\t","protected":false},"excerpt":{"rendered":"<p>La EP VSG se divide en 5 programas diferentes en funci\u00f3n de los sistemas anal\u00edticos a los que sirve: Velocidad de Sedimentaci\u00f3n Globular &#8211; Alifax: Sistema<span class=\"excerpt-hellip\"> [\u2026]<\/span><\/p>\n","protected":false},"featured_media":19301,"template":"","meta":{"_acf_changed":false},"product_brand":[],"product_cat":[440,442,436,526],"product_tag":[],"class_list":{"0":"post-27979","1":"product","2":"type-product","3":"status-publish","4":"has-post-thumbnail","6":"product_cat-clinico-es","7":"product_cat-ci-es","8":"product_cat-ep-es","9":"product_cat-hematologia-hematoscopia-es-2","10":"tm-has-options","12":"first","13":"instock","14":"taxable","15":"shipping-taxable","16":"purchasable","17":"product-type-simple"},"acf":[],"_links":{"self":[{"href":"https:\/\/controllab.com\/es\/wp-json\/wp\/v2\/product\/27979","targetHints":{"allow":["GET"]}}],"collection":[{"href":"https:\/\/controllab.com\/es\/wp-json\/wp\/v2\/product"}],"about":[{"href":"https:\/\/controllab.com\/es\/wp-json\/wp\/v2\/types\/product"}],"version-history":[{"count":4,"href":"https:\/\/controllab.com\/es\/wp-json\/wp\/v2\/product\/27979\/revisions"}],"predecessor-version":[{"id":204784,"href":"https:\/\/controllab.com\/es\/wp-json\/wp\/v2\/product\/27979\/revisions\/204784"}],"wp:featuredmedia":[{"embeddable":true,"href":"https:\/\/controllab.com\/es\/wp-json\/wp\/v2\/media\/19301"}],"wp:attachment":[{"href":"https:\/\/controllab.com\/es\/wp-json\/wp\/v2\/media?parent=27979"}],"wp:term":[{"taxonomy":"product_brand","embeddable":true,"href":"https:\/\/controllab.com\/es\/wp-json\/wp\/v2\/product_brand?post=27979"},{"taxonomy":"product_cat","embeddable":true,"href":"https:\/\/controllab.com\/es\/wp-json\/wp\/v2\/product_cat?post=27979"},{"taxonomy":"product_tag","embeddable":true,"href":"https:\/\/controllab.com\/es\/wp-json\/wp\/v2\/product_tag?post=27979"}],"curies":[{"name":"wp","href":"https:\/\/api.w.org\/{rel}","templated":true}]}}