{"id":27987,"date":"2020-10-27T12:59:00","date_gmt":"2020-10-27T15:59:00","guid":{"rendered":"https:\/\/controllab.com\/produto\/pesquisa-de-celulas-le\/"},"modified":"2024-08-23T14:07:34","modified_gmt":"2024-08-23T17:07:34","slug":"investigacion-de-celulas-le","status":"publish","type":"product","link":"https:\/\/controllab.com\/es\/programa\/investigacion-de-celulas-le\/","title":{"rendered":"Investigaci\u00f3n de C\u00e9lulas LE"},"content":{"rendered":"<p>Investigaci\u00f3n de C\u00e9lulas LE<\/p>\n","protected":false},"excerpt":{"rendered":"<p>Investigaci\u00f3n de C\u00e9lulas LE<\/p>\n","protected":false},"featured_media":45544,"template":"","meta":{"_acf_changed":false},"product_brand":[],"product_cat":[440,436,526],"product_tag":[],"class_list":{"0":"post-27987","1":"product","2":"type-product","3":"status-publish","4":"has-post-thumbnail","6":"product_cat-clinico-es","7":"product_cat-ep-es","8":"product_cat-hematologia-hematoscopia-es-2","9":"tm-has-options","11":"first","12":"instock","13":"taxable","14":"shipping-taxable","15":"purchasable","16":"product-type-simple"},"acf":[],"_links":{"self":[{"href":"https:\/\/controllab.com\/es\/wp-json\/wp\/v2\/product\/27987","targetHints":{"allow":["GET"]}}],"collection":[{"href":"https:\/\/controllab.com\/es\/wp-json\/wp\/v2\/product"}],"about":[{"href":"https:\/\/controllab.com\/es\/wp-json\/wp\/v2\/types\/product"}],"version-history":[{"count":0,"href":"https:\/\/controllab.com\/es\/wp-json\/wp\/v2\/product\/27987\/revisions"}],"wp:featuredmedia":[{"embeddable":true,"href":"https:\/\/controllab.com\/es\/wp-json\/wp\/v2\/media\/45544"}],"wp:attachment":[{"href":"https:\/\/controllab.com\/es\/wp-json\/wp\/v2\/media?parent=27987"}],"wp:term":[{"taxonomy":"product_brand","embeddable":true,"href":"https:\/\/controllab.com\/es\/wp-json\/wp\/v2\/product_brand?post=27987"},{"taxonomy":"product_cat","embeddable":true,"href":"https:\/\/controllab.com\/es\/wp-json\/wp\/v2\/product_cat?post=27987"},{"taxonomy":"product_tag","embeddable":true,"href":"https:\/\/controllab.com\/es\/wp-json\/wp\/v2\/product_tag?post=27987"}],"curies":[{"name":"wp","href":"https:\/\/api.w.org\/{rel}","templated":true}]}}