{"id":27991,"date":"2020-10-27T12:56:24","date_gmt":"2020-10-27T15:56:24","guid":{"rendered":"https:\/\/controllab.com\/produto\/hemoparasitologia\/"},"modified":"2025-01-13T09:18:49","modified_gmt":"2025-01-13T12:18:49","slug":"hemoparasitologia","status":"publish","type":"product","link":"https:\/\/controllab.com\/es\/programa\/hemoparasitologia\/","title":{"rendered":"Hemoparasitolog\u00eda"},"content":{"rendered":"<p><strong>Identificaci\u00f3n de G\u00e9nero y Especie.<\/strong><\/p>\n","protected":false},"excerpt":{"rendered":"<p>Identificaci\u00f3n de G\u00e9nero y Especie.<\/p>\n","protected":false},"featured_media":45512,"template":"","meta":{"_acf_changed":false},"product_brand":[],"product_cat":[440,436,2494],"product_tag":[],"class_list":{"0":"post-27991","1":"product","2":"type-product","3":"status-publish","4":"has-post-thumbnail","6":"product_cat-clinico-es","7":"product_cat-ep-es","8":"product_cat-microbiologia-clinica-es","9":"tm-has-options","11":"first","12":"instock","13":"taxable","14":"shipping-taxable","15":"purchasable","16":"product-type-simple"},"acf":[],"_links":{"self":[{"href":"https:\/\/controllab.com\/es\/wp-json\/wp\/v2\/product\/27991","targetHints":{"allow":["GET"]}}],"collection":[{"href":"https:\/\/controllab.com\/es\/wp-json\/wp\/v2\/product"}],"about":[{"href":"https:\/\/controllab.com\/es\/wp-json\/wp\/v2\/types\/product"}],"version-history":[{"count":1,"href":"https:\/\/controllab.com\/es\/wp-json\/wp\/v2\/product\/27991\/revisions"}],"predecessor-version":[{"id":174525,"href":"https:\/\/controllab.com\/es\/wp-json\/wp\/v2\/product\/27991\/revisions\/174525"}],"wp:featuredmedia":[{"embeddable":true,"href":"https:\/\/controllab.com\/es\/wp-json\/wp\/v2\/media\/45512"}],"wp:attachment":[{"href":"https:\/\/controllab.com\/es\/wp-json\/wp\/v2\/media?parent=27991"}],"wp:term":[{"taxonomy":"product_brand","embeddable":true,"href":"https:\/\/controllab.com\/es\/wp-json\/wp\/v2\/product_brand?post=27991"},{"taxonomy":"product_cat","embeddable":true,"href":"https:\/\/controllab.com\/es\/wp-json\/wp\/v2\/product_cat?post=27991"},{"taxonomy":"product_tag","embeddable":true,"href":"https:\/\/controllab.com\/es\/wp-json\/wp\/v2\/product_tag?post=27991"}],"curies":[{"name":"wp","href":"https:\/\/api.w.org\/{rel}","templated":true}]}}