{"id":27994,"date":"2020-10-27T12:50:27","date_gmt":"2020-10-27T15:50:27","guid":{"rendered":"https:\/\/controllab.com\/produto\/hematoscopia\/"},"modified":"2024-12-10T09:19:14","modified_gmt":"2024-12-10T12:19:14","slug":"hematoscopia","status":"publish","type":"product","link":"https:\/\/controllab.com\/es\/programa\/hematoscopia\/","title":{"rendered":"Hematoscopia"},"content":{"rendered":"\t\t<div data-elementor-type=\"product-post\" data-elementor-id=\"27994\" class=\"elementor elementor-27994 elementor-549\" data-elementor-post-type=\"product\">\n\t\t\t\t\t\t<section class=\"has_ae_slider elementor-section elementor-top-section elementor-element elementor-element-381fe2b9 elementor-section-boxed elementor-section-height-default elementor-section-height-default ae-bg-gallery-type-default\" data-id=\"381fe2b9\" data-element_type=\"section\" data-e-type=\"section\">\n\t\t\t\t\t\t<div class=\"elementor-container elementor-column-gap-default\">\n\t\t\t\t\t<div class=\"has_ae_slider elementor-column elementor-col-100 elementor-top-column elementor-element elementor-element-1631bcd3 ae-bg-gallery-type-default\" data-id=\"1631bcd3\" data-element_type=\"column\" data-e-type=\"column\">\n\t\t\t<div class=\"elementor-widget-wrap elementor-element-populated\">\n\t\t\t\t\t\t<div class=\"elementor-element elementor-element-73ee1e96 elementor-widget elementor-widget-text-editor\" data-id=\"73ee1e96\" data-element_type=\"widget\" data-e-type=\"widget\" data-widget_type=\"text-editor.default\">\n\t\t\t\t<div class=\"elementor-widget-container\">\n\t\t\t\t\t\t\t\t\t<p><strong>Hematoscopia I<\/strong><\/p><ul><li>Bas\u00f3filos<\/li><li>Bastones Neutr\u00f3filos<\/li><li>Blastocitos (c\u00e9lulas inmaduras)<\/li><li>Eosin\u00f3filos<\/li><li>Eritroblastos<\/li><li>Identificaci\u00f3n Celular<\/li><li>Linfocitos<\/li><li>Metamielocitos Neutr\u00f3filos<\/li><li>Mielocitos Neutr\u00f3filos<\/li><li>Monocitos<\/li><li>Morfolog\u00eda de la Serie Roja<\/li><li>Neutr\u00f3filos Segmentados<\/li><li>Otras afecciones de las Plaquetas<\/li><li>Otras condiciones de la Serie Blanca<\/li><li>Promielocitos<\/li><\/ul><p><strong>Hematoscopia II<\/strong><\/p><p>Este programa incluye muestras de sangre perif\u00e9rica de pacientes con alteraciones menos frecuentes en los laboratorios de rutina, como los casos de neoplasias hematol\u00f3gicas.<\/p><ul><li>Bas\u00f3filos<\/li><li>Bastones Neutr\u00f3filos<\/li><li>Blastocitos (c\u00e9lulas inmaduras)<\/li><li>Eosin\u00f3filos<\/li><li>Eritroblastos<\/li><li>Linfocitos<\/li><li>Metamielocitos Neutr\u00f3filos<\/li><li>Mielocitos Neutr\u00f3filos<\/li><li>Monocitos<\/li><li>Neutr\u00f3filos Segmentados<\/li><li>Otros Cambios Relevantes (Evaluaci\u00f3n Cualitativa): Morfolog\u00eda de la Serie Roja, Otras Condiciones para las Plaquetas y para la Serie Blanca.<\/li><li>Promielocitos<\/li><\/ul>\t\t\t\t\t\t\t\t<\/div>\n\t\t\t\t<\/div>\n\t\t\t\t\t<\/div>\n\t\t<\/div>\n\t\t\t\t\t<\/div>\n\t\t<\/section>\n\t\t\t\t<\/div>\n\t\t","protected":false},"excerpt":{"rendered":"<p>Hematoscopia I Bas\u00f3filos Bastones Neutr\u00f3filos Blastocitos (c\u00e9lulas inmaduras) Eosin\u00f3filos Eritroblastos Identificaci\u00f3n Celular Linfocitos Metamielocitos Neutr\u00f3filos Mielocitos Neutr\u00f3filos Monocitos Morfolog\u00eda de la Serie Roja Neutr\u00f3filos Segmentados Otras<span class=\"excerpt-hellip\"> [\u2026]<\/span><\/p>\n","protected":false},"featured_media":45506,"template":"","meta":{"_acf_changed":false},"product_brand":[],"product_cat":[440,436,526],"product_tag":[],"class_list":{"0":"post-27994","1":"product","2":"type-product","3":"status-publish","4":"has-post-thumbnail","6":"product_cat-clinico-es","7":"product_cat-ep-es","8":"product_cat-hematologia-hematoscopia-es-2","9":"tm-has-options","11":"first","12":"instock","13":"taxable","14":"shipping-taxable","15":"purchasable","16":"product-type-simple"},"acf":[],"_links":{"self":[{"href":"https:\/\/controllab.com\/es\/wp-json\/wp\/v2\/product\/27994","targetHints":{"allow":["GET"]}}],"collection":[{"href":"https:\/\/controllab.com\/es\/wp-json\/wp\/v2\/product"}],"about":[{"href":"https:\/\/controllab.com\/es\/wp-json\/wp\/v2\/types\/product"}],"version-history":[{"count":1,"href":"https:\/\/controllab.com\/es\/wp-json\/wp\/v2\/product\/27994\/revisions"}],"predecessor-version":[{"id":174060,"href":"https:\/\/controllab.com\/es\/wp-json\/wp\/v2\/product\/27994\/revisions\/174060"}],"wp:featuredmedia":[{"embeddable":true,"href":"https:\/\/controllab.com\/es\/wp-json\/wp\/v2\/media\/45506"}],"wp:attachment":[{"href":"https:\/\/controllab.com\/es\/wp-json\/wp\/v2\/media?parent=27994"}],"wp:term":[{"taxonomy":"product_brand","embeddable":true,"href":"https:\/\/controllab.com\/es\/wp-json\/wp\/v2\/product_brand?post=27994"},{"taxonomy":"product_cat","embeddable":true,"href":"https:\/\/controllab.com\/es\/wp-json\/wp\/v2\/product_cat?post=27994"},{"taxonomy":"product_tag","embeddable":true,"href":"https:\/\/controllab.com\/es\/wp-json\/wp\/v2\/product_tag?post=27994"}],"curies":[{"name":"wp","href":"https:\/\/api.w.org\/{rel}","templated":true}]}}