{"id":27999,"date":"2020-10-27T12:42:57","date_gmt":"2020-10-27T15:42:57","guid":{"rendered":"https:\/\/controllab.com\/produto\/anticoagulante-lupico\/"},"modified":"2025-12-02T09:02:54","modified_gmt":"2025-12-02T12:02:54","slug":"anticoagulante-lupico","status":"publish","type":"product","link":"https:\/\/controllab.com\/es\/programa\/anticoagulante-lupico\/","title":{"rendered":"Anticoagulante L\u00fapico"},"content":{"rendered":"\t\t<div data-elementor-type=\"product-post\" data-elementor-id=\"27999\" class=\"elementor elementor-27999 elementor-510\" data-elementor-post-type=\"product\">\n\t\t\t\t\t\t<section class=\"has_ae_slider elementor-section elementor-top-section elementor-element elementor-element-696edb58 elementor-section-boxed elementor-section-height-default elementor-section-height-default ae-bg-gallery-type-default\" data-id=\"696edb58\" data-element_type=\"section\" data-e-type=\"section\">\n\t\t\t\t\t\t<div class=\"elementor-container elementor-column-gap-default\">\n\t\t\t\t\t<div class=\"has_ae_slider elementor-column elementor-col-100 elementor-top-column elementor-element elementor-element-72980e8b ae-bg-gallery-type-default\" data-id=\"72980e8b\" data-element_type=\"column\" data-e-type=\"column\">\n\t\t\t<div class=\"elementor-widget-wrap elementor-element-populated\">\n\t\t\t\t\t\t<div class=\"elementor-element elementor-element-18e1a721 elementor-widget elementor-widget-text-editor\" data-id=\"18e1a721\" data-element_type=\"widget\" data-e-type=\"widget\" data-widget_type=\"text-editor.default\">\n\t\t\t\t<div class=\"elementor-widget-container\">\n\t\t\t\t\t\t\t\t\t<p data-start=\"51\" data-end=\"139\"><strong data-start=\"51\" data-end=\"139\">Detecci\u00f3n e interpretaci\u00f3n del anticoagulante l\u00fapico mediante las siguientes etapas:<\/strong><\/p><ul data-start=\"141\" data-end=\"438\"><li data-start=\"141\" data-end=\"181\"><p data-start=\"143\" data-end=\"181\">Prueba de cribado (Relaci\u00f3n) \u2013 DRVVT<\/p><\/li><li>Prueba de mezcla cribado (Relaci\u00f3n) \u2013 DRVVT<\/li><li data-start=\"182\" data-end=\"225\"><p data-start=\"184\" data-end=\"225\">Prueba confirmatoria (Relaci\u00f3n) \u2013 DRVVT<\/p><\/li><li data-start=\"274\" data-end=\"315\"><p data-start=\"276\" data-end=\"315\">Raz\u00f3n (Cribado\/Confirmatoria) \u2013 DRVVT<\/p><\/li><li data-start=\"316\" data-end=\"369\"><p data-start=\"318\" data-end=\"369\">Prueba de mezcla confirmatoria (Relaci\u00f3n) \u2013 DRVVT<\/p><\/li><li data-start=\"370\" data-end=\"425\"><p data-start=\"372\" data-end=\"425\">Raz\u00f3n (Mezcla cribado\/Mezcla confirmatoria) \u2013 DRVVT<\/p><\/li><li data-start=\"426\" data-end=\"438\"><p data-start=\"428\" data-end=\"438\">Conclusi\u00f3n<\/p><\/li><\/ul>\t\t\t\t\t\t\t\t<\/div>\n\t\t\t\t<\/div>\n\t\t\t\t\t<\/div>\n\t\t<\/div>\n\t\t\t\t\t<\/div>\n\t\t<\/section>\n\t\t\t\t<\/div>\n\t\t","protected":false},"excerpt":{"rendered":"<p>Detecci\u00f3n e interpretaci\u00f3n del anticoagulante l\u00fapico mediante las siguientes etapas: Prueba de cribado (Relaci\u00f3n) \u2013 DRVVT Prueba confirmatoria (Relaci\u00f3n) \u2013 DRVVT Prueba de mezcla cribado (Relaci\u00f3n)<span class=\"excerpt-hellip\"> [\u2026]<\/span><\/p>\n","protected":false},"featured_media":5369,"template":"","meta":{"_acf_changed":false},"product_brand":[],"product_cat":[440,518,442,436],"product_tag":[],"class_list":{"0":"post-27999","1":"product","2":"type-product","3":"status-publish","4":"has-post-thumbnail","6":"product_cat-clinico-es","7":"product_cat-coagulacion-hemostasia","8":"product_cat-ci-es","9":"product_cat-ep-es","10":"tm-has-options","12":"first","13":"instock","14":"taxable","15":"shipping-taxable","16":"purchasable","17":"product-type-simple"},"acf":[],"_links":{"self":[{"href":"https:\/\/controllab.com\/es\/wp-json\/wp\/v2\/product\/27999","targetHints":{"allow":["GET"]}}],"collection":[{"href":"https:\/\/controllab.com\/es\/wp-json\/wp\/v2\/product"}],"about":[{"href":"https:\/\/controllab.com\/es\/wp-json\/wp\/v2\/types\/product"}],"version-history":[{"count":5,"href":"https:\/\/controllab.com\/es\/wp-json\/wp\/v2\/product\/27999\/revisions"}],"predecessor-version":[{"id":204816,"href":"https:\/\/controllab.com\/es\/wp-json\/wp\/v2\/product\/27999\/revisions\/204816"}],"wp:featuredmedia":[{"embeddable":true,"href":"https:\/\/controllab.com\/es\/wp-json\/wp\/v2\/media\/5369"}],"wp:attachment":[{"href":"https:\/\/controllab.com\/es\/wp-json\/wp\/v2\/media?parent=27999"}],"wp:term":[{"taxonomy":"product_brand","embeddable":true,"href":"https:\/\/controllab.com\/es\/wp-json\/wp\/v2\/product_brand?post=27999"},{"taxonomy":"product_cat","embeddable":true,"href":"https:\/\/controllab.com\/es\/wp-json\/wp\/v2\/product_cat?post=27999"},{"taxonomy":"product_tag","embeddable":true,"href":"https:\/\/controllab.com\/es\/wp-json\/wp\/v2\/product_tag?post=27999"}],"curies":[{"name":"wp","href":"https:\/\/api.w.org\/{rel}","templated":true}]}}