{"id":28004,"date":"2021-02-08T09:00:40","date_gmt":"2021-02-08T12:00:40","guid":{"rendered":"https:\/\/controllab.com\/produto\/coagulacao-e-hemostasia\/"},"modified":"2026-01-19T16:52:55","modified_gmt":"2026-01-19T19:52:55","slug":"coagulacion-y-hemostasia","status":"publish","type":"product","link":"https:\/\/controllab.com\/es\/programa\/coagulacion-y-hemostasia\/","title":{"rendered":"Coagulaci\u00f3n y Hemostasia"},"content":{"rendered":"\t\t<div data-elementor-type=\"product-post\" data-elementor-id=\"28004\" class=\"elementor elementor-28004 elementor-313\" data-elementor-post-type=\"product\">\n\t\t\t\t\t\t<section class=\"has_ae_slider elementor-section elementor-top-section elementor-element elementor-element-f35d108 elementor-section-boxed elementor-section-height-default elementor-section-height-default ae-bg-gallery-type-default\" data-id=\"f35d108\" data-element_type=\"section\" data-e-type=\"section\">\n\t\t\t\t\t\t<div class=\"elementor-container elementor-column-gap-default\">\n\t\t\t\t\t<div class=\"has_ae_slider elementor-column elementor-col-25 elementor-top-column elementor-element elementor-element-90059b7 ae-bg-gallery-type-default\" data-id=\"90059b7\" data-element_type=\"column\" data-e-type=\"column\">\n\t\t\t<div class=\"elementor-widget-wrap elementor-element-populated\">\n\t\t\t\t\t\t<div class=\"elementor-element elementor-element-2fe68ed elementor-widget elementor-widget-text-editor\" data-id=\"2fe68ed\" data-element_type=\"widget\" data-e-type=\"widget\" data-widget_type=\"text-editor.default\">\n\t\t\t\t<div class=\"elementor-widget-container\">\n\t\t\t\t\t\t\t\t\t<strong>Coagulaci\u00f3n<\/strong>\r\n<ul>\r\n \t<li>Fibrin\u00f3geno Inmunol\u00f3gico<\/li>\r\n \t<li>Fibrin\u00f3geno Funcional<\/li>\r\n \t<li>Tiempo de protrombina (TP) &#8211; Actividad<\/li>\r\n \t<li>Tiempo de protrombina (TP) &#8211; Tiempo<\/li>\r\n \t<li>Tiempo de protrombina (TP) &#8211; INR<\/li>\r\n \t<li>Tiempo de Tromboplastina Parcial Activada (TTPa) &#8211; Tiempo<\/li>\r\n \t<li>TCA (tiempo de coagulaci\u00f3n activado)<\/li>\r\n \t<li>Relaci\u00f3n Muestra\/Patr\u00f3n (tiempo de tromboplastina parcial del factor III)<\/li>\r\n<\/ul>\t\t\t\t\t\t\t\t<\/div>\n\t\t\t\t<\/div>\n\t\t\t\t\t<\/div>\n\t\t<\/div>\n\t\t\t\t<div class=\"has_ae_slider elementor-column elementor-col-25 elementor-top-column elementor-element elementor-element-25505c8 ae-bg-gallery-type-default\" data-id=\"25505c8\" data-element_type=\"column\" data-e-type=\"column\">\n\t\t\t<div class=\"elementor-widget-wrap elementor-element-populated\">\n\t\t\t\t\t\t<div class=\"elementor-element elementor-element-cbe83d0 elementor-widget elementor-widget-text-editor\" data-id=\"cbe83d0\" data-element_type=\"widget\" data-e-type=\"widget\" data-widget_type=\"text-editor.default\">\n\t\t\t\t<div class=\"elementor-widget-container\">\n\t\t\t\t\t\t\t\t\t<strong>Coagulaci\u00f3n II (Hemostasia I)<\/strong>\r\n<ul>\r\n \t<li>Antiplasmina<\/li>\r\n \t<li>Antitrombina III<\/li>\r\n \t<li>Factor II<\/li>\r\n \t<li>Factor V<\/li>\r\n \t<li>Factor VII<\/li>\r\n \t<li>Factor VIII<\/li>\r\n \t<li>Factor IX<\/li>\r\n \t<li>Factor X<\/li>\r\n \t<li>Factor XI<\/li>\r\n \t<li>factor XII<\/li>\r\n \t<li>Factor XIII<\/li>\r\n \t<li>Plasmin\u00f3geno<\/li>\r\n \t<li>Precalicre\u00edna<\/li>\r\n \t<li>Prote\u00edna C funcional<\/li>\r\n \t<li>Prote\u00edna S funcional<\/li>\r\n \t<li>Prote\u00edna S libre<\/li>\r\n \t<li>Tiempo de Trombina (TT)<\/li>\r\n<\/ul>\t\t\t\t\t\t\t\t<\/div>\n\t\t\t\t<\/div>\n\t\t\t\t\t<\/div>\n\t\t<\/div>\n\t\t\t\t<div class=\"has_ae_slider elementor-column elementor-col-25 elementor-top-column elementor-element elementor-element-66e195a ae-bg-gallery-type-default\" data-id=\"66e195a\" data-element_type=\"column\" data-e-type=\"column\">\n\t\t\t<div class=\"elementor-widget-wrap elementor-element-populated\">\n\t\t\t\t\t\t<div class=\"elementor-element elementor-element-bd1298b elementor-widget elementor-widget-text-editor\" data-id=\"bd1298b\" data-element_type=\"widget\" data-e-type=\"widget\" data-widget_type=\"text-editor.default\">\n\t\t\t\t<div class=\"elementor-widget-container\">\n\t\t\t\t\t\t\t\t\t<strong>Coagulaci\u00f3n III (Hemostasia II)<\/strong>\r\n<ul>\r\n \t<li>Antiprotrombina IgG<\/li>\r\n \t<li>Antiprotrombina IgM<\/li>\r\n \t<li>Actividad del Cofactor de Ristocetina<\/li>\r\n \t<li>Cofactor de Heparina II (Actividad)<\/li>\r\n \t<li>Factor de von Willebrand (antig\u00e9nico)<\/li>\r\n \t<li>Factor de von Willebrand (mult\u00edmetros)<\/li>\r\n \t<li>Factor XIII (Cualitativo para discapacidad severa)<\/li>\r\n \t<li>Prote\u00edna C (Ant\u00edgeno)<\/li>\r\n \t<li>Prote\u00edna C Activada (Resistencia)<\/li>\r\n \t<li>Prote\u00edna S Total<\/li>\r\n \t<li>Tiempo de Reptilasa<\/li>\r\n \t<li>Vitamina K<\/li>\r\n<\/ul>\t\t\t\t\t\t\t\t<\/div>\n\t\t\t\t<\/div>\n\t\t\t\t\t<\/div>\n\t\t<\/div>\n\t\t\t\t<div class=\"has_ae_slider elementor-column elementor-col-25 elementor-top-column elementor-element elementor-element-5ff281f ae-bg-gallery-type-default\" data-id=\"5ff281f\" data-element_type=\"column\" data-e-type=\"column\">\n\t\t\t<div class=\"elementor-widget-wrap elementor-element-populated\">\n\t\t\t\t\t\t<div class=\"elementor-element elementor-element-9e0bed3 elementor-widget elementor-widget-text-editor\" data-id=\"9e0bed3\" data-element_type=\"widget\" data-e-type=\"widget\" data-widget_type=\"text-editor.default\">\n\t\t\t\t<div class=\"elementor-widget-container\">\n\t\t\t\t\t\t\t\t\t<strong>Coagulaci\u00f3n V<\/strong>\r\n<ul>\r\n \t<li>Inhibidor del factor IX<\/li>\r\n \t<li>Inhibidor del factor VII<\/li>\r\n \t<li>Inhibidor del factor VIII<\/li>\r\n \t<li>inhibidor Tisular del Plasmin\u00f3geno<\/li>\r\n<\/ul>\t\t\t\t\t\t\t\t<\/div>\n\t\t\t\t<\/div>\n\t\t\t\t\t<\/div>\n\t\t<\/div>\n\t\t\t\t\t<\/div>\n\t\t<\/section>\n\t\t\t\t<\/div>\n\t\t","protected":false},"excerpt":{"rendered":"<p>Coagulaci\u00f3n Fibrin\u00f3geno Inmunol\u00f3gico Fibrin\u00f3geno Funcional Tiempo de protrombina (TP) &#8211; Actividad Tiempo de protrombina (TP) &#8211; Tiempo Tiempo de protrombina (TP) &#8211; INR Tiempo de Tromboplastina<span class=\"excerpt-hellip\"> [\u2026]<\/span><\/p>\n","protected":false},"featured_media":5369,"template":"","meta":{"_acf_changed":false},"product_brand":[],"product_cat":[440,518,442,436],"product_tag":[],"class_list":{"0":"post-28004","1":"product","2":"type-product","3":"status-publish","4":"has-post-thumbnail","6":"product_cat-clinico-es","7":"product_cat-coagulacion-hemostasia","8":"product_cat-ci-es","9":"product_cat-ep-es","10":"tm-has-options","12":"first","13":"instock","14":"taxable","15":"shipping-taxable","16":"purchasable","17":"product-type-simple"},"acf":[],"_links":{"self":[{"href":"https:\/\/controllab.com\/es\/wp-json\/wp\/v2\/product\/28004","targetHints":{"allow":["GET"]}}],"collection":[{"href":"https:\/\/controllab.com\/es\/wp-json\/wp\/v2\/product"}],"about":[{"href":"https:\/\/controllab.com\/es\/wp-json\/wp\/v2\/types\/product"}],"version-history":[{"count":1,"href":"https:\/\/controllab.com\/es\/wp-json\/wp\/v2\/product\/28004\/revisions"}],"predecessor-version":[{"id":207062,"href":"https:\/\/controllab.com\/es\/wp-json\/wp\/v2\/product\/28004\/revisions\/207062"}],"wp:featuredmedia":[{"embeddable":true,"href":"https:\/\/controllab.com\/es\/wp-json\/wp\/v2\/media\/5369"}],"wp:attachment":[{"href":"https:\/\/controllab.com\/es\/wp-json\/wp\/v2\/media?parent=28004"}],"wp:term":[{"taxonomy":"product_brand","embeddable":true,"href":"https:\/\/controllab.com\/es\/wp-json\/wp\/v2\/product_brand?post=28004"},{"taxonomy":"product_cat","embeddable":true,"href":"https:\/\/controllab.com\/es\/wp-json\/wp\/v2\/product_cat?post=28004"},{"taxonomy":"product_tag","embeddable":true,"href":"https:\/\/controllab.com\/es\/wp-json\/wp\/v2\/product_tag?post=28004"}],"curies":[{"name":"wp","href":"https:\/\/api.w.org\/{rel}","templated":true}]}}