{"id":28009,"date":"2020-10-22T11:47:31","date_gmt":"2020-10-22T14:47:31","guid":{"rendered":"https:\/\/controllab.com\/produto\/acidos-organicos\/"},"modified":"2024-01-17T09:35:10","modified_gmt":"2024-01-17T12:35:10","slug":"acidos-organicos","status":"publish","type":"product","link":"https:\/\/controllab.com\/es\/programa\/acidos-organicos\/","title":{"rendered":"\u00c1cidos Org\u00e1nicos"},"content":{"rendered":"\t\t<div data-elementor-type=\"product-post\" data-elementor-id=\"28009\" class=\"elementor elementor-28009 elementor-277\" data-elementor-post-type=\"product\">\n\t\t\t\t\t\t<section class=\"has_ae_slider elementor-section elementor-top-section elementor-element elementor-element-4650811b elementor-section-boxed elementor-section-height-default elementor-section-height-default ae-bg-gallery-type-default\" data-id=\"4650811b\" data-element_type=\"section\" data-e-type=\"section\">\n\t\t\t\t\t\t<div class=\"elementor-container elementor-column-gap-default\">\n\t\t\t\t\t<div class=\"has_ae_slider elementor-column elementor-col-100 elementor-top-column elementor-element elementor-element-73a8ca92 ae-bg-gallery-type-default\" data-id=\"73a8ca92\" data-element_type=\"column\" data-e-type=\"column\">\n\t\t\t<div class=\"elementor-widget-wrap elementor-element-populated\">\n\t\t\t\t\t\t<div class=\"elementor-element elementor-element-300dbb19 elementor-widget elementor-widget-text-editor\" data-id=\"300dbb19\" data-element_type=\"widget\" data-e-type=\"widget\" data-widget_type=\"text-editor.default\">\n\t\t\t\t<div class=\"elementor-widget-container\">\n\t\t\t\t\t\t\t\t\t<ul>\n<li>\u00c1cido 2-Hidroxival\u00e9rico<\/li>\n<li>\u00c1cido 3-Metilglut\u00e1rico<\/li>\n<li>\u00c1cido Acetoxiac\u00e9tico<\/li>\n<li>Acido Adipico<\/li>\n<li>\u00c1cido Ceto 3-Metilval\u00e9rico<\/li>\n<li>\u00c1cido Cetoisocaproico<\/li>\n<li>\u00c1cido Cetoisoval\u00e9rico<\/li>\n<li>\u00c1cido Etimal\u00f3nico<\/li>\n<li>\u00c1cido Glut\u00e1rico<\/li>\n<li>\u00c1cido Hidroxi-3-Metilglut\u00e1rico<\/li>\n<li>\u00c1cido Hidroxifenil L\u00e1ctico<\/li>\n<li>\u00c1cido Hidroxifenil Pir\u00favico<\/li>\n<li>\u00c1cido L\u00e1ctico<\/li>\n<li>\u00c1cido Metilmal\u00f3nico<\/li>\n<li>\u00c1cido Or\u00f3tico<\/li>\n<li>\u00c1cido Pir\u00favico<\/li>\n<li>\u00c1cido Seb\u00e1cico<\/li>\n<li>\u00c1cido Sub\u00e9rico<\/li>\n<li>\u00c1cido-2-Hidroxiglut\u00e1rico<\/li>\n<li>\u00c1cido-3-Hidroxibut\u00edrico<\/li>\n<\/ul>\n\t\t\t\t\t\t\t\t<\/div>\n\t\t\t\t<\/div>\n\t\t\t\t\t<\/div>\n\t\t<\/div>\n\t\t\t\t\t<\/div>\n\t\t<\/section>\n\t\t\t\t<\/div>\n\t\t","protected":false},"excerpt":{"rendered":"<p>\u00c1cido 2-Hidroxival\u00e9rico \u00c1cido 3-Metilglut\u00e1rico \u00c1cido Acetoxiac\u00e9tico Acido Adipico \u00c1cido Ceto 3-Metilval\u00e9rico \u00c1cido Cetoisocaproico \u00c1cido Cetoisoval\u00e9rico \u00c1cido Etimal\u00f3nico \u00c1cido Glut\u00e1rico \u00c1cido Hidroxi-3-Metilglut\u00e1rico \u00c1cido Hidroxifenil L\u00e1ctico \u00c1cido Hidroxifenil<span class=\"excerpt-hellip\"> [\u2026]<\/span><\/p>\n","protected":false},"featured_media":19298,"template":"","meta":{"_acf_changed":false},"product_brand":[],"product_cat":[440,442,436,435],"product_tag":[],"class_list":{"0":"post-28009","1":"product","2":"type-product","3":"status-publish","4":"has-post-thumbnail","6":"product_cat-clinico-es","7":"product_cat-ci-es","8":"product_cat-ep-es","9":"product_cat-urinalisis","10":"tm-has-options","12":"first","13":"instock","14":"taxable","15":"shipping-taxable","16":"purchasable","17":"product-type-simple"},"acf":[],"_links":{"self":[{"href":"https:\/\/controllab.com\/es\/wp-json\/wp\/v2\/product\/28009","targetHints":{"allow":["GET"]}}],"collection":[{"href":"https:\/\/controllab.com\/es\/wp-json\/wp\/v2\/product"}],"about":[{"href":"https:\/\/controllab.com\/es\/wp-json\/wp\/v2\/types\/product"}],"version-history":[{"count":0,"href":"https:\/\/controllab.com\/es\/wp-json\/wp\/v2\/product\/28009\/revisions"}],"wp:featuredmedia":[{"embeddable":true,"href":"https:\/\/controllab.com\/es\/wp-json\/wp\/v2\/media\/19298"}],"wp:attachment":[{"href":"https:\/\/controllab.com\/es\/wp-json\/wp\/v2\/media?parent=28009"}],"wp:term":[{"taxonomy":"product_brand","embeddable":true,"href":"https:\/\/controllab.com\/es\/wp-json\/wp\/v2\/product_brand?post=28009"},{"taxonomy":"product_cat","embeddable":true,"href":"https:\/\/controllab.com\/es\/wp-json\/wp\/v2\/product_cat?post=28009"},{"taxonomy":"product_tag","embeddable":true,"href":"https:\/\/controllab.com\/es\/wp-json\/wp\/v2\/product_tag?post=28009"}],"curies":[{"name":"wp","href":"https:\/\/api.w.org\/{rel}","templated":true}]}}