{"id":28011,"date":"2020-10-22T11:43:42","date_gmt":"2020-10-22T14:43:42","guid":{"rendered":"https:\/\/controllab.com\/produto\/biopsia-de-medula-ossea\/"},"modified":"2022-12-27T16:32:41","modified_gmt":"2022-12-27T19:32:41","slug":"biopsia-de-medula-osea","status":"publish","type":"product","link":"https:\/\/controllab.com\/es\/programa\/biopsia-de-medula-osea\/","title":{"rendered":"Bi\u00f3psia de Medula \u00d3sea"},"content":{"rendered":"<p>Bi\u00f3psia de Medula \u00d3sea<\/p>\n","protected":false},"excerpt":{"rendered":"<p>Bi\u00f3psia de Medula \u00d3sea<\/p>\n","protected":false},"featured_media":45469,"template":"","meta":{"_acf_changed":false},"product_brand":[],"product_cat":[440,442,436,526],"product_tag":[],"class_list":{"0":"post-28011","1":"product","2":"type-product","3":"status-publish","4":"has-post-thumbnail","6":"product_cat-clinico-es","7":"product_cat-ci-es","8":"product_cat-ep-es","9":"product_cat-hematologia-hematoscopia-es-2","10":"tm-has-options","12":"first","13":"instock","14":"taxable","15":"shipping-taxable","16":"purchasable","17":"product-type-simple"},"acf":[],"_links":{"self":[{"href":"https:\/\/controllab.com\/es\/wp-json\/wp\/v2\/product\/28011","targetHints":{"allow":["GET"]}}],"collection":[{"href":"https:\/\/controllab.com\/es\/wp-json\/wp\/v2\/product"}],"about":[{"href":"https:\/\/controllab.com\/es\/wp-json\/wp\/v2\/types\/product"}],"version-history":[{"count":0,"href":"https:\/\/controllab.com\/es\/wp-json\/wp\/v2\/product\/28011\/revisions"}],"wp:featuredmedia":[{"embeddable":true,"href":"https:\/\/controllab.com\/es\/wp-json\/wp\/v2\/media\/45469"}],"wp:attachment":[{"href":"https:\/\/controllab.com\/es\/wp-json\/wp\/v2\/media?parent=28011"}],"wp:term":[{"taxonomy":"product_brand","embeddable":true,"href":"https:\/\/controllab.com\/es\/wp-json\/wp\/v2\/product_brand?post=28011"},{"taxonomy":"product_cat","embeddable":true,"href":"https:\/\/controllab.com\/es\/wp-json\/wp\/v2\/product_cat?post=28011"},{"taxonomy":"product_tag","embeddable":true,"href":"https:\/\/controllab.com\/es\/wp-json\/wp\/v2\/product_tag?post=28011"}],"curies":[{"name":"wp","href":"https:\/\/api.w.org\/{rel}","templated":true}]}}