{"id":28013,"date":"2020-10-22T11:39:57","date_gmt":"2020-10-22T14:39:57","guid":{"rendered":"https:\/\/controllab.com\/produto\/agregacao-plaquetaria\/"},"modified":"2024-11-11T10:35:17","modified_gmt":"2024-11-11T13:35:17","slug":"agregacion-plaquetaria","status":"publish","type":"product","link":"https:\/\/controllab.com\/es\/programa\/agregacion-plaquetaria\/","title":{"rendered":"Agregaci\u00f3n Plaquetaria"},"content":{"rendered":"\t\t<div data-elementor-type=\"product-post\" data-elementor-id=\"28013\" class=\"elementor elementor-28013 elementor-269\" data-elementor-post-type=\"product\">\n\t\t\t\t\t\t<section class=\"has_ae_slider elementor-section elementor-top-section elementor-element elementor-element-3d105a7 elementor-section-boxed elementor-section-height-default elementor-section-height-default ae-bg-gallery-type-default\" data-id=\"3d105a7\" data-element_type=\"section\" data-e-type=\"section\">\n\t\t\t\t\t\t<div class=\"elementor-container elementor-column-gap-default\">\n\t\t\t\t\t<div class=\"has_ae_slider elementor-column elementor-col-50 elementor-top-column elementor-element elementor-element-05fe788 ae-bg-gallery-type-default\" data-id=\"05fe788\" data-element_type=\"column\" data-e-type=\"column\">\n\t\t\t<div class=\"elementor-widget-wrap elementor-element-populated\">\n\t\t\t\t\t\t<div class=\"elementor-element elementor-element-9801c54 elementor-widget elementor-widget-text-editor\" data-id=\"9801c54\" data-element_type=\"widget\" data-e-type=\"widget\" data-widget_type=\"text-editor.default\">\n\t\t\t\t<div class=\"elementor-widget-container\">\n\t\t\t\t\t\t\t\t\t<p style=\"font-style: normal; font-variant-ligatures: normal; font-variant-caps: normal; font-weight: 400; font-size: 14px; letter-spacing: normal; color: #333333;\"><span style=\"font-weight: bold;\">Agregaci\u00f3n Plaquetaria I<\/span><\/p>\n<ul style=\"font-style: normal; font-variant-ligatures: normal; font-variant-caps: normal; font-weight: 400; font-size: 14px; font-family: 'Open Sans', -apple-system, BlinkMacSystemFont, 'Segoe UI', Roboto, Oxygen-Sans, Ubuntu, Cantarell, 'Helvetica Neue', sans-serif;\">\n<li>\u00c1cido Araquid\u00f3nico<\/li>\n<li>ADP<\/li>\n<li>Col\u00e1geno<\/li>\n<li>Col\u00e1geno\/ADP<\/li>\n<li>Col\u00e1geno\/Epinefrina<\/li>\n<li>Conclusi\u00f3n<\/li>\n<li>Epinefrina (Adrenalina)<\/li>\n<li>Ristocetina<\/li>\n<\/ul>\n\t\t\t\t\t\t\t\t<\/div>\n\t\t\t\t<\/div>\n\t\t\t\t\t<\/div>\n\t\t<\/div>\n\t\t\t\t<div class=\"has_ae_slider elementor-column elementor-col-50 elementor-top-column elementor-element elementor-element-d8e2f08 ae-bg-gallery-type-default\" data-id=\"d8e2f08\" data-element_type=\"column\" data-e-type=\"column\">\n\t\t\t<div class=\"elementor-widget-wrap elementor-element-populated\">\n\t\t\t\t\t\t<div class=\"elementor-element elementor-element-2fe650d elementor-widget elementor-widget-text-editor\" data-id=\"2fe650d\" data-element_type=\"widget\" data-e-type=\"widget\" data-widget_type=\"text-editor.default\">\n\t\t\t\t<div class=\"elementor-widget-container\">\n\t\t\t\t\t\t\t\t\t<p style=\"font-style: normal; font-variant-ligatures: normal; font-variant-caps: normal; font-weight: 400; font-size: 14px; letter-spacing: normal; color: #333333;\"><span style=\"font-weight: bold; font-family: 'Open Sans'; letter-spacing: 0px;\">Agregaci\u00f3n Plaquetaria II<\/span><\/p>\n<div style=\"font-style: normal; font-variant-ligatures: normal; font-variant-caps: normal; font-weight: 400; font-size: 14px; font-family: 'Open Sans', -apple-system, BlinkMacSystemFont, 'Segoe UI', Roboto, Oxygen-Sans, Ubuntu, Cantarell, 'Helvetica Neue', sans-serif;\">\n<ul>\n<li>\u00c1cido Araquid\u00f3nico<\/li>\n<li>ADP<\/li>\n<li>Col\u00e1geno<\/li>\n<li>Conclusi\u00f3n<\/li>\n<li>Epinefrina (Adrenalina)<\/li>\n<li>Ristocetina<\/li>\n<\/ul>\n<\/div>\n\t\t\t\t\t\t\t\t<\/div>\n\t\t\t\t<\/div>\n\t\t\t\t\t<\/div>\n\t\t<\/div>\n\t\t\t\t\t<\/div>\n\t\t<\/section>\n\t\t\t\t<section class=\"has_ae_slider elementor-section elementor-top-section elementor-element elementor-element-d19c01d elementor-section-boxed elementor-section-height-default elementor-section-height-default ae-bg-gallery-type-default\" data-id=\"d19c01d\" data-element_type=\"section\" data-e-type=\"section\">\n\t\t\t\t\t\t<div class=\"elementor-container elementor-column-gap-default\">\n\t\t\t\t\t<div class=\"has_ae_slider elementor-column elementor-col-100 elementor-top-column elementor-element elementor-element-2c85075 ae-bg-gallery-type-default\" data-id=\"2c85075\" data-element_type=\"column\" data-e-type=\"column\">\n\t\t\t<div class=\"elementor-widget-wrap elementor-element-populated\">\n\t\t\t\t\t\t<div class=\"elementor-element elementor-element-8027362 elementor-widget elementor-widget-text-editor\" data-id=\"8027362\" data-element_type=\"widget\" data-e-type=\"widget\" data-widget_type=\"text-editor.default\">\n\t\t\t\t<div class=\"elementor-widget-container\">\n\t\t\t\t\t\t\t\t\t<p><b>El EP se divide en 2 programas diferentes seg\u00fan la matriz utilizada para el an\u00e1lisis:<\/b><\/p>\n<ul>\n<li><strong>Agregaci\u00f3n Plaquetaria I: <\/strong>Sangre Entera<\/li>\n<li><strong><span style=\"font-style: normal; font-variant-ligatures: normal; font-variant-caps: normal; font-weight: bold; font-size: 14px; font-family: 'Open Sans', -apple-system, BlinkMacSystemFont, 'Segoe UI', Roboto, Oxygen-Sans, Ubuntu, Cantarell, 'Helvetica Neue', sans-serif;\">Agregaci\u00f3n Plaquetaria II<\/span>:<\/strong> Plasma Rico en Plaquetas (PRP)<\/li>\n<\/ul>\t\t\t\t\t\t\t\t<\/div>\n\t\t\t\t<\/div>\n\t\t\t\t\t<\/div>\n\t\t<\/div>\n\t\t\t\t\t<\/div>\n\t\t<\/section>\n\t\t\t\t<\/div>\n\t\t","protected":false},"excerpt":{"rendered":"<p>Agregaci\u00f3n Plaquetaria I \u00c1cido Araquid\u00f3nico ADP Col\u00e1geno Col\u00e1geno\/ADP Col\u00e1geno\/Epinefrina Conclusi\u00f3n Epinefrina (Adrenalina) Ristocetina Agregaci\u00f3n Plaquetaria II \u00c1cido Araquid\u00f3nico ADP Col\u00e1geno Conclusi\u00f3n Epinefrina (Adrenalina) Ristocetina El EP<span class=\"excerpt-hellip\"> [\u2026]<\/span><\/p>\n","protected":false},"featured_media":5369,"template":"","meta":{"_acf_changed":false},"product_brand":[],"product_cat":[440,518,436],"product_tag":[],"class_list":{"0":"post-28013","1":"product","2":"type-product","3":"status-publish","4":"has-post-thumbnail","6":"product_cat-clinico-es","7":"product_cat-coagulacion-hemostasia","8":"product_cat-ep-es","9":"tm-has-options","11":"first","12":"instock","13":"taxable","14":"shipping-taxable","15":"purchasable","16":"product-type-simple"},"acf":[],"_links":{"self":[{"href":"https:\/\/controllab.com\/es\/wp-json\/wp\/v2\/product\/28013","targetHints":{"allow":["GET"]}}],"collection":[{"href":"https:\/\/controllab.com\/es\/wp-json\/wp\/v2\/product"}],"about":[{"href":"https:\/\/controllab.com\/es\/wp-json\/wp\/v2\/types\/product"}],"version-history":[{"count":2,"href":"https:\/\/controllab.com\/es\/wp-json\/wp\/v2\/product\/28013\/revisions"}],"predecessor-version":[{"id":172077,"href":"https:\/\/controllab.com\/es\/wp-json\/wp\/v2\/product\/28013\/revisions\/172077"}],"wp:featuredmedia":[{"embeddable":true,"href":"https:\/\/controllab.com\/es\/wp-json\/wp\/v2\/media\/5369"}],"wp:attachment":[{"href":"https:\/\/controllab.com\/es\/wp-json\/wp\/v2\/media?parent=28013"}],"wp:term":[{"taxonomy":"product_brand","embeddable":true,"href":"https:\/\/controllab.com\/es\/wp-json\/wp\/v2\/product_brand?post=28013"},{"taxonomy":"product_cat","embeddable":true,"href":"https:\/\/controllab.com\/es\/wp-json\/wp\/v2\/product_cat?post=28013"},{"taxonomy":"product_tag","embeddable":true,"href":"https:\/\/controllab.com\/es\/wp-json\/wp\/v2\/product_tag?post=28013"}],"curies":[{"name":"wp","href":"https:\/\/api.w.org\/{rel}","templated":true}]}}