{"id":2809,"date":"2020-11-30T10:46:04","date_gmt":"2020-11-30T13:46:04","guid":{"rendered":"https:\/\/controllab.com\/?post_type=product&#038;p=2809"},"modified":"2025-04-10T16:17:41","modified_gmt":"2025-04-10T19:17:41","slug":"vinculo-genetico-paternidad-maternidad","status":"publish","type":"product","link":"https:\/\/controllab.com\/es\/programa\/vinculo-genetico-paternidad-maternidad\/","title":{"rendered":"V\u00ednculo Gen\u00e9tico (Paternidad\/Maternidad)"},"content":{"rendered":"\t\t<div data-elementor-type=\"product-post\" data-elementor-id=\"2809\" class=\"elementor elementor-2809 elementor-2807\" data-elementor-post-type=\"product\">\n\t\t\t\t\t\t<section class=\"has_ae_slider elementor-section elementor-top-section elementor-element elementor-element-f35d108 elementor-section-boxed elementor-section-height-default elementor-section-height-default ae-bg-gallery-type-default\" data-id=\"f35d108\" data-element_type=\"section\" data-e-type=\"section\">\n\t\t\t\t\t\t<div class=\"elementor-container elementor-column-gap-default\">\n\t\t\t\t\t<div class=\"has_ae_slider elementor-column elementor-col-100 elementor-top-column elementor-element elementor-element-f8ffd91 ae-bg-gallery-type-default\" data-id=\"f8ffd91\" data-element_type=\"column\" data-e-type=\"column\">\n\t\t\t<div class=\"elementor-widget-wrap elementor-element-populated\">\n\t\t\t\t\t\t<div class=\"elementor-element elementor-element-eae2eff elementor-widget elementor-widget-text-editor\" data-id=\"eae2eff\" data-element_type=\"widget\" data-e-type=\"widget\" data-widget_type=\"text-editor.default\">\n\t\t\t\t<div class=\"elementor-widget-container\">\n\t\t\t\t\t\t\t\t\t<p><strong>El programa incluye t\u00e9cnicas moleculares basadas en la PCR.<\/strong><br \/>Las muestras contienen el genoma completo del microorganismo.<\/p><ul><li>Conclusi\u00f3n<\/li><li>\u00cdndice de V\u00ednculo Gen\u00e9tico<\/li><li>Probabilidad<\/li><\/ul>\t\t\t\t\t\t\t\t<\/div>\n\t\t\t\t<\/div>\n\t\t\t\t\t<\/div>\n\t\t<\/div>\n\t\t\t\t\t<\/div>\n\t\t<\/section>\n\t\t\t\t<\/div>\n\t\t","protected":false},"excerpt":{"rendered":"<p>El programa incluye t\u00e9cnicas moleculares basadas en la PCR.Las muestras contienen el genoma completo del microorganismo. Conclusi\u00f3n \u00cdndice de V\u00ednculo Gen\u00e9tico Probabilidad<\/p>\n","protected":false},"featured_media":17090,"template":"","meta":{"_acf_changed":false},"product_brand":[],"product_cat":[440,436,492],"product_tag":[],"class_list":{"0":"post-2809","1":"product","2":"type-product","3":"status-publish","4":"has-post-thumbnail","6":"product_cat-clinico-es","7":"product_cat-ep-es","8":"product_cat-genetica-biologia-molecular","9":"tm-has-options","11":"first","12":"instock","13":"taxable","14":"shipping-taxable","15":"purchasable","16":"product-type-simple"},"acf":[],"_links":{"self":[{"href":"https:\/\/controllab.com\/es\/wp-json\/wp\/v2\/product\/2809","targetHints":{"allow":["GET"]}}],"collection":[{"href":"https:\/\/controllab.com\/es\/wp-json\/wp\/v2\/product"}],"about":[{"href":"https:\/\/controllab.com\/es\/wp-json\/wp\/v2\/types\/product"}],"version-history":[{"count":2,"href":"https:\/\/controllab.com\/es\/wp-json\/wp\/v2\/product\/2809\/revisions"}],"predecessor-version":[{"id":184607,"href":"https:\/\/controllab.com\/es\/wp-json\/wp\/v2\/product\/2809\/revisions\/184607"}],"wp:featuredmedia":[{"embeddable":true,"href":"https:\/\/controllab.com\/es\/wp-json\/wp\/v2\/media\/17090"}],"wp:attachment":[{"href":"https:\/\/controllab.com\/es\/wp-json\/wp\/v2\/media?parent=2809"}],"wp:term":[{"taxonomy":"product_brand","embeddable":true,"href":"https:\/\/controllab.com\/es\/wp-json\/wp\/v2\/product_brand?post=2809"},{"taxonomy":"product_cat","embeddable":true,"href":"https:\/\/controllab.com\/es\/wp-json\/wp\/v2\/product_cat?post=2809"},{"taxonomy":"product_tag","embeddable":true,"href":"https:\/\/controllab.com\/es\/wp-json\/wp\/v2\/product_tag?post=2809"}],"curies":[{"name":"wp","href":"https:\/\/api.w.org\/{rel}","templated":true}]}}