{"id":2827,"date":"2020-11-30T11:00:06","date_gmt":"2020-11-30T14:00:06","guid":{"rendered":"https:\/\/controllab.com\/?post_type=product&#038;p=2827"},"modified":"2024-10-02T16:55:48","modified_gmt":"2024-10-02T19:55:48","slug":"fragilidad-osmotica","status":"publish","type":"product","link":"https:\/\/controllab.com\/es\/programa\/fragilidad-osmotica\/","title":{"rendered":"Fragilidad Osm\u00f3tica"},"content":{"rendered":"\t\t<div data-elementor-type=\"product-post\" data-elementor-id=\"2827\" class=\"elementor elementor-2827 elementor-2825\" data-elementor-post-type=\"product\">\n\t\t\t\t\t\t<section class=\"has_ae_slider elementor-section elementor-top-section elementor-element elementor-element-3a2baefc elementor-section-boxed elementor-section-height-default elementor-section-height-default ae-bg-gallery-type-default\" data-id=\"3a2baefc\" data-element_type=\"section\" data-e-type=\"section\">\n\t\t\t\t\t\t<div class=\"elementor-container elementor-column-gap-default\">\n\t\t\t\t\t<div class=\"has_ae_slider elementor-column elementor-col-100 elementor-top-column elementor-element elementor-element-33d0054e ae-bg-gallery-type-default\" data-id=\"33d0054e\" data-element_type=\"column\" data-e-type=\"column\">\n\t\t\t<div class=\"elementor-widget-wrap elementor-element-populated\">\n\t\t\t\t\t\t<div class=\"elementor-element elementor-element-3ca4c30a elementor-widget elementor-widget-text-editor\" data-id=\"3ca4c30a\" data-element_type=\"widget\" data-e-type=\"widget\" data-widget_type=\"text-editor.default\">\n\t\t\t\t<div class=\"elementor-widget-container\">\n\t\t\t\t\t\t\t\t\t<p>Interpretaci\u00f3n de la curva de hem\u00f3lisis<\/p><p><strong style=\"font-family: &quot;Open Sans&quot;; letter-spacing: 0px;\">Ex\u00e1menes relacionados<\/strong><\/p><p><span style=\"font-family: &quot;Open Sans&quot;; letter-spacing: 0px;\">Resistencia Globular<\/span><\/p>\t\t\t\t\t\t\t\t<\/div>\n\t\t\t\t<\/div>\n\t\t\t\t\t<\/div>\n\t\t<\/div>\n\t\t\t\t\t<\/div>\n\t\t<\/section>\n\t\t\t\t<\/div>\n\t\t","protected":false},"excerpt":{"rendered":"<p>Interpretaci\u00f3n de la curva de hem\u00f3lisis Ex\u00e1menes relacionados Resistencia Globular<\/p>\n","protected":false},"featured_media":9267,"template":"","meta":{"_acf_changed":false},"product_brand":[],"product_cat":[440,442,436,526],"product_tag":[],"class_list":{"0":"post-2827","1":"product","2":"type-product","3":"status-publish","4":"has-post-thumbnail","6":"product_cat-clinico-es","7":"product_cat-ci-es","8":"product_cat-ep-es","9":"product_cat-hematologia-hematoscopia-es-2","10":"tm-has-options","12":"first","13":"instock","14":"taxable","15":"shipping-taxable","16":"purchasable","17":"product-type-simple"},"acf":[],"_links":{"self":[{"href":"https:\/\/controllab.com\/es\/wp-json\/wp\/v2\/product\/2827","targetHints":{"allow":["GET"]}}],"collection":[{"href":"https:\/\/controllab.com\/es\/wp-json\/wp\/v2\/product"}],"about":[{"href":"https:\/\/controllab.com\/es\/wp-json\/wp\/v2\/types\/product"}],"version-history":[{"count":1,"href":"https:\/\/controllab.com\/es\/wp-json\/wp\/v2\/product\/2827\/revisions"}],"predecessor-version":[{"id":168875,"href":"https:\/\/controllab.com\/es\/wp-json\/wp\/v2\/product\/2827\/revisions\/168875"}],"wp:featuredmedia":[{"embeddable":true,"href":"https:\/\/controllab.com\/es\/wp-json\/wp\/v2\/media\/9267"}],"wp:attachment":[{"href":"https:\/\/controllab.com\/es\/wp-json\/wp\/v2\/media?parent=2827"}],"wp:term":[{"taxonomy":"product_brand","embeddable":true,"href":"https:\/\/controllab.com\/es\/wp-json\/wp\/v2\/product_brand?post=2827"},{"taxonomy":"product_cat","embeddable":true,"href":"https:\/\/controllab.com\/es\/wp-json\/wp\/v2\/product_cat?post=2827"},{"taxonomy":"product_tag","embeddable":true,"href":"https:\/\/controllab.com\/es\/wp-json\/wp\/v2\/product_tag?post=2827"}],"curies":[{"name":"wp","href":"https:\/\/api.w.org\/{rel}","templated":true}]}}