{"id":2842,"date":"2020-11-30T11:10:24","date_gmt":"2020-11-30T14:10:24","guid":{"rendered":"https:\/\/controllab.com\/?post_type=product&#038;p=2842"},"modified":"2024-08-23T16:21:25","modified_gmt":"2024-08-23T19:21:25","slug":"investigacion-de-hemoglobina-h","status":"publish","type":"product","link":"https:\/\/controllab.com\/es\/programa\/investigacion-de-hemoglobina-h\/","title":{"rendered":"Investigaci\u00f3n de Hemoglobina H"},"content":{"rendered":"\t\t<div data-elementor-type=\"product-post\" data-elementor-id=\"2842\" class=\"elementor elementor-2842 elementor-2840\" data-elementor-post-type=\"product\">\n\t\t\t\t\t\t<section class=\"has_ae_slider elementor-section elementor-top-section elementor-element elementor-element-f35d108 elementor-section-boxed elementor-section-height-default elementor-section-height-default ae-bg-gallery-type-default\" data-id=\"f35d108\" data-element_type=\"section\" data-e-type=\"section\">\n\t\t\t\t\t\t<div class=\"elementor-container elementor-column-gap-default\">\n\t\t\t\t\t<div class=\"has_ae_slider elementor-column elementor-col-100 elementor-top-column elementor-element elementor-element-f8ffd91 ae-bg-gallery-type-default\" data-id=\"f8ffd91\" data-element_type=\"column\" data-e-type=\"column\">\n\t\t\t<div class=\"elementor-widget-wrap elementor-element-populated\">\n\t\t\t\t\t\t<div class=\"elementor-element elementor-element-8b772e8 elementor-widget elementor-widget-text-editor\" data-id=\"8b772e8\" data-element_type=\"widget\" data-e-type=\"widget\" data-widget_type=\"text-editor.default\">\n\t\t\t\t<div class=\"elementor-widget-container\">\n\t\t\t\t\t\t\t\t\t<p>Investigaci\u00f3n de Hemoglobina H<\/p><p><strong>Ex\u00e1menes relacionados<\/strong><\/p><p>Investigaci\u00f3n de Alfa Talassemia; Hb H<\/p>\t\t\t\t\t\t\t\t<\/div>\n\t\t\t\t<\/div>\n\t\t\t\t\t<\/div>\n\t\t<\/div>\n\t\t\t\t\t<\/div>\n\t\t<\/section>\n\t\t\t\t<\/div>\n\t\t","protected":false},"excerpt":{"rendered":"<p>Investigaci\u00f3n de Hemoglobina H Ex\u00e1menes relacionados Investigaci\u00f3n de Alfa Talassemia; Hb H<\/p>\n","protected":false},"featured_media":45557,"template":"","meta":{"_acf_changed":false},"product_brand":[],"product_cat":[440,494,436],"product_tag":[],"class_list":{"0":"post-2842","1":"product","2":"type-product","3":"status-publish","4":"has-post-thumbnail","6":"product_cat-clinico-es","7":"product_cat-diabetes-hemoglobinas-es-2","8":"product_cat-ep-es","9":"tm-has-options","11":"first","12":"instock","13":"taxable","14":"shipping-taxable","15":"purchasable","16":"product-type-simple"},"acf":[],"_links":{"self":[{"href":"https:\/\/controllab.com\/es\/wp-json\/wp\/v2\/product\/2842","targetHints":{"allow":["GET"]}}],"collection":[{"href":"https:\/\/controllab.com\/es\/wp-json\/wp\/v2\/product"}],"about":[{"href":"https:\/\/controllab.com\/es\/wp-json\/wp\/v2\/types\/product"}],"version-history":[{"count":0,"href":"https:\/\/controllab.com\/es\/wp-json\/wp\/v2\/product\/2842\/revisions"}],"wp:featuredmedia":[{"embeddable":true,"href":"https:\/\/controllab.com\/es\/wp-json\/wp\/v2\/media\/45557"}],"wp:attachment":[{"href":"https:\/\/controllab.com\/es\/wp-json\/wp\/v2\/media?parent=2842"}],"wp:term":[{"taxonomy":"product_brand","embeddable":true,"href":"https:\/\/controllab.com\/es\/wp-json\/wp\/v2\/product_brand?post=2842"},{"taxonomy":"product_cat","embeddable":true,"href":"https:\/\/controllab.com\/es\/wp-json\/wp\/v2\/product_cat?post=2842"},{"taxonomy":"product_tag","embeddable":true,"href":"https:\/\/controllab.com\/es\/wp-json\/wp\/v2\/product_tag?post=2842"}],"curies":[{"name":"wp","href":"https:\/\/api.w.org\/{rel}","templated":true}]}}