{"id":2881,"date":"2020-11-30T11:32:43","date_gmt":"2020-11-30T14:32:43","guid":{"rendered":"https:\/\/controllab.com\/?post_type=product&#038;p=2881"},"modified":"2024-10-25T15:45:35","modified_gmt":"2024-10-25T18:45:35","slug":"hemoglobinopatias","status":"publish","type":"product","link":"https:\/\/controllab.com\/es\/programa\/hemoglobinopatias\/","title":{"rendered":"Hemoglobinopat\u00edas"},"content":{"rendered":"\t\t<div data-elementor-type=\"product-post\" data-elementor-id=\"2881\" class=\"elementor elementor-2881 elementor-2879\" data-elementor-post-type=\"product\">\n\t\t\t\t\t\t<section class=\"has_ae_slider elementor-section elementor-top-section elementor-element elementor-element-f35d108 elementor-section-boxed elementor-section-height-default elementor-section-height-default ae-bg-gallery-type-default\" data-id=\"f35d108\" data-element_type=\"section\" data-e-type=\"section\">\n\t\t\t\t\t\t<div class=\"elementor-container elementor-column-gap-default\">\n\t\t\t\t\t<div class=\"has_ae_slider elementor-column elementor-col-50 elementor-top-column elementor-element elementor-element-90059b7 ae-bg-gallery-type-default\" data-id=\"90059b7\" data-element_type=\"column\" data-e-type=\"column\">\n\t\t\t<div class=\"elementor-widget-wrap elementor-element-populated\">\n\t\t\t\t\t\t<div class=\"elementor-element elementor-element-2fe68ed elementor-widget elementor-widget-text-editor\" data-id=\"2fe68ed\" data-element_type=\"widget\" data-e-type=\"widget\" data-widget_type=\"text-editor.default\">\n\t\t\t\t<div class=\"elementor-widget-container\">\n\t\t\t\t\t\t\t\t\t<p><strong>El Ensayo de Aptitud se divide en 2 programas diferentes seg\u00fan la metodolog\u00eda utilizada para el an\u00e1lisis:<\/strong><\/p><ul><li>Hemoglobinopat\u00edas I: Cromatograf\u00eda<\/li><li>Hemoglobinopat\u00edas II: Electroforesis<\/li><\/ul><p>Ensayos:<\/p><ul><li>Identificaci\u00f3n de hemoglobinas<\/li><li>Cuantificaci\u00f3n de hemoglobinas<\/li><\/ul>\t\t\t\t\t\t\t\t<\/div>\n\t\t\t\t<\/div>\n\t\t\t\t\t<\/div>\n\t\t<\/div>\n\t\t\t\t<div class=\"has_ae_slider elementor-column elementor-col-50 elementor-top-column elementor-element elementor-element-cbd42fb ae-bg-gallery-type-default\" data-id=\"cbd42fb\" data-element_type=\"column\" data-e-type=\"column\">\n\t\t\t<div class=\"elementor-widget-wrap elementor-element-populated\">\n\t\t\t\t\t\t\t<\/div>\n\t\t<\/div>\n\t\t\t\t\t<\/div>\n\t\t<\/section>\n\t\t\t\t<\/div>\n\t\t","protected":false},"excerpt":{"rendered":"<p>El Ensayo de Aptitud se divide en 2 programas diferentes seg\u00fan la metodolog\u00eda utilizada para el an\u00e1lisis: Hemoglobinopat\u00edas I: Cromatograf\u00eda Hemoglobinopat\u00edas II: Electroforesis Ensayos: Identificaci\u00f3n de<span class=\"excerpt-hellip\"> [\u2026]<\/span><\/p>\n","protected":false},"featured_media":21866,"template":"","meta":{"_acf_changed":false},"product_brand":[],"product_cat":[440,494,436],"product_tag":[],"class_list":{"0":"post-2881","1":"product","2":"type-product","3":"status-publish","4":"has-post-thumbnail","6":"product_cat-clinico-es","7":"product_cat-diabetes-hemoglobinas-es-2","8":"product_cat-ep-es","9":"tm-has-options","11":"first","12":"instock","13":"taxable","14":"shipping-taxable","15":"purchasable","16":"product-type-simple"},"acf":[],"_links":{"self":[{"href":"https:\/\/controllab.com\/es\/wp-json\/wp\/v2\/product\/2881","targetHints":{"allow":["GET"]}}],"collection":[{"href":"https:\/\/controllab.com\/es\/wp-json\/wp\/v2\/product"}],"about":[{"href":"https:\/\/controllab.com\/es\/wp-json\/wp\/v2\/types\/product"}],"version-history":[{"count":2,"href":"https:\/\/controllab.com\/es\/wp-json\/wp\/v2\/product\/2881\/revisions"}],"predecessor-version":[{"id":170980,"href":"https:\/\/controllab.com\/es\/wp-json\/wp\/v2\/product\/2881\/revisions\/170980"}],"wp:featuredmedia":[{"embeddable":true,"href":"https:\/\/controllab.com\/es\/wp-json\/wp\/v2\/media\/21866"}],"wp:attachment":[{"href":"https:\/\/controllab.com\/es\/wp-json\/wp\/v2\/media?parent=2881"}],"wp:term":[{"taxonomy":"product_brand","embeddable":true,"href":"https:\/\/controllab.com\/es\/wp-json\/wp\/v2\/product_brand?post=2881"},{"taxonomy":"product_cat","embeddable":true,"href":"https:\/\/controllab.com\/es\/wp-json\/wp\/v2\/product_cat?post=2881"},{"taxonomy":"product_tag","embeddable":true,"href":"https:\/\/controllab.com\/es\/wp-json\/wp\/v2\/product_tag?post=2881"}],"curies":[{"name":"wp","href":"https:\/\/api.w.org\/{rel}","templated":true}]}}