{"id":3284,"date":"2020-12-01T09:06:14","date_gmt":"2020-12-01T12:06:14","guid":{"rendered":"https:\/\/controllab.com\/?post_type=product&#038;p=3284"},"modified":"2024-08-27T14:42:19","modified_gmt":"2024-08-27T17:42:19","slug":"anticuerpos-antifosfolipidos-inmunologia","status":"publish","type":"product","link":"https:\/\/controllab.com\/es\/programa\/anticuerpos-antifosfolipidos-inmunologia\/","title":{"rendered":"Anticuerpos Antifosfol\u00edpidos &#8211; Inmunolog\u00eda"},"content":{"rendered":"\t\t<div data-elementor-type=\"product-post\" data-elementor-id=\"3284\" class=\"elementor elementor-3284 elementor-3282\" data-elementor-post-type=\"product\">\n\t\t\t\t\t\t<section class=\"has_ae_slider elementor-section elementor-top-section elementor-element elementor-element-f35d108 elementor-section-boxed elementor-section-height-default elementor-section-height-default ae-bg-gallery-type-default\" data-id=\"f35d108\" data-element_type=\"section\" data-e-type=\"section\">\n\t\t\t\t\t\t<div class=\"elementor-container elementor-column-gap-default\">\n\t\t\t\t\t<div class=\"has_ae_slider elementor-column elementor-col-100 elementor-top-column elementor-element elementor-element-90059b7 ae-bg-gallery-type-default\" data-id=\"90059b7\" data-element_type=\"column\" data-e-type=\"column\">\n\t\t\t<div class=\"elementor-widget-wrap elementor-element-populated\">\n\t\t\t\t\t\t<div class=\"elementor-element elementor-element-2320855 elementor-widget elementor-widget-text-editor\" data-id=\"2320855\" data-element_type=\"widget\" data-e-type=\"widget\" data-widget_type=\"text-editor.default\">\n\t\t\t\t<div class=\"elementor-widget-container\">\n\t\t\t\t\t\t\t\t\t<ul>\r\n \t<li>Beta-2-glicoprote\u00edna IgA<\/li>\r\n \t<li>Beta-2-glicoprote\u00edna IgG<\/li>\r\n \t<li>Beta-2-glicoprote\u00edna IgM<\/li>\r\n \t<li>Fosfatidilserina IgA<\/li>\r\n \t<li>Fosfatidilserina IgG<\/li>\r\n \t<li>Fosfatidilserina IgM<\/li>\r\n<\/ul>\r\n<div><\/div>\r\n<div><\/div>\r\n<div><\/div>\r\n<div><\/div>\t\t\t\t\t\t\t\t<\/div>\n\t\t\t\t<\/div>\n\t\t\t\t\t<\/div>\n\t\t<\/div>\n\t\t\t\t\t<\/div>\n\t\t<\/section>\n\t\t\t\t<\/div>\n\t\t","protected":false},"excerpt":{"rendered":"<p>Beta-2-glicoprote\u00edna IgA Beta-2-glicoprote\u00edna IgG Beta-2-glicoprote\u00edna IgM Fosfatidilserina IgA Fosfatidilserina IgG Fosfatidilserina IgM<\/p>\n","protected":false},"featured_media":21890,"template":"","meta":{"_acf_changed":false},"product_brand":[],"product_cat":[440,436,441],"product_tag":[],"class_list":{"0":"post-3284","1":"product","2":"type-product","3":"status-publish","4":"has-post-thumbnail","6":"product_cat-clinico-es","7":"product_cat-ep-es","8":"product_cat-inmunologia-proteinas","9":"tm-has-options","11":"first","12":"instock","13":"taxable","14":"shipping-taxable","15":"purchasable","16":"product-type-simple"},"acf":[],"_links":{"self":[{"href":"https:\/\/controllab.com\/es\/wp-json\/wp\/v2\/product\/3284","targetHints":{"allow":["GET"]}}],"collection":[{"href":"https:\/\/controllab.com\/es\/wp-json\/wp\/v2\/product"}],"about":[{"href":"https:\/\/controllab.com\/es\/wp-json\/wp\/v2\/types\/product"}],"version-history":[{"count":0,"href":"https:\/\/controllab.com\/es\/wp-json\/wp\/v2\/product\/3284\/revisions"}],"wp:featuredmedia":[{"embeddable":true,"href":"https:\/\/controllab.com\/es\/wp-json\/wp\/v2\/media\/21890"}],"wp:attachment":[{"href":"https:\/\/controllab.com\/es\/wp-json\/wp\/v2\/media?parent=3284"}],"wp:term":[{"taxonomy":"product_brand","embeddable":true,"href":"https:\/\/controllab.com\/es\/wp-json\/wp\/v2\/product_brand?post=3284"},{"taxonomy":"product_cat","embeddable":true,"href":"https:\/\/controllab.com\/es\/wp-json\/wp\/v2\/product_cat?post=3284"},{"taxonomy":"product_tag","embeddable":true,"href":"https:\/\/controllab.com\/es\/wp-json\/wp\/v2\/product_tag?post=3284"}],"curies":[{"name":"wp","href":"https:\/\/api.w.org\/{rel}","templated":true}]}}