{"id":39435,"date":"2021-05-11T13:40:14","date_gmt":"2021-05-11T16:40:14","guid":{"rendered":"https:\/\/controllab.com\/programa\/pesquisa-de-dismorfismo-eritrocitario\/"},"modified":"2024-08-20T15:29:26","modified_gmt":"2024-08-20T18:29:26","slug":"investigacion-de-eritrocitos-dismorficos","status":"publish","type":"product","link":"https:\/\/controllab.com\/es\/programa\/investigacion-de-eritrocitos-dismorficos\/","title":{"rendered":"Investigaci\u00f3n de Eritrocitos Dism\u00f3rficos"},"content":{"rendered":"<p>Investigaci\u00f3n de Eritrocitos Dism\u00f3rficos<\/p>\n","protected":false},"excerpt":{"rendered":"<p>Investigaci\u00f3n de Eritrocitos Dism\u00f3rficos<\/p>\n","protected":false},"featured_media":39426,"template":"","meta":{"_acf_changed":false},"product_brand":[],"product_cat":[440,436,435],"product_tag":[],"class_list":{"0":"post-39435","1":"product","2":"type-product","3":"status-publish","4":"has-post-thumbnail","6":"product_cat-clinico-es","7":"product_cat-ep-es","8":"product_cat-urinalisis","9":"tm-has-options","11":"first","12":"instock","13":"taxable","14":"shipping-taxable","15":"purchasable","16":"product-type-simple"},"acf":[],"_links":{"self":[{"href":"https:\/\/controllab.com\/es\/wp-json\/wp\/v2\/product\/39435","targetHints":{"allow":["GET"]}}],"collection":[{"href":"https:\/\/controllab.com\/es\/wp-json\/wp\/v2\/product"}],"about":[{"href":"https:\/\/controllab.com\/es\/wp-json\/wp\/v2\/types\/product"}],"version-history":[{"count":0,"href":"https:\/\/controllab.com\/es\/wp-json\/wp\/v2\/product\/39435\/revisions"}],"wp:featuredmedia":[{"embeddable":true,"href":"https:\/\/controllab.com\/es\/wp-json\/wp\/v2\/media\/39426"}],"wp:attachment":[{"href":"https:\/\/controllab.com\/es\/wp-json\/wp\/v2\/media?parent=39435"}],"wp:term":[{"taxonomy":"product_brand","embeddable":true,"href":"https:\/\/controllab.com\/es\/wp-json\/wp\/v2\/product_brand?post=39435"},{"taxonomy":"product_cat","embeddable":true,"href":"https:\/\/controllab.com\/es\/wp-json\/wp\/v2\/product_cat?post=39435"},{"taxonomy":"product_tag","embeddable":true,"href":"https:\/\/controllab.com\/es\/wp-json\/wp\/v2\/product_tag?post=39435"}],"curies":[{"name":"wp","href":"https:\/\/api.w.org\/{rel}","templated":true}]}}