{"id":40301,"date":"2021-02-09T08:36:34","date_gmt":"2021-02-09T11:36:34","guid":{"rendered":"https:\/\/controllab.com\/?post_type=product&#038;p=40301"},"modified":"2024-08-12T09:08:28","modified_gmt":"2024-08-12T12:08:28","slug":"vet-bioquimica","status":"publish","type":"product","link":"https:\/\/controllab.com\/es\/programa\/vet-bioquimica\/","title":{"rendered":"Bioqu\u00edmica"},"content":{"rendered":"\t\t<div data-elementor-type=\"product-post\" data-elementor-id=\"40301\" class=\"elementor elementor-40301 elementor-27213\" data-elementor-post-type=\"product\">\n\t\t\t\t\t\t<section class=\"has_ae_slider elementor-section elementor-top-section elementor-element elementor-element-7e6d963f elementor-section-boxed elementor-section-height-default elementor-section-height-default ae-bg-gallery-type-default\" data-id=\"7e6d963f\" data-element_type=\"section\" data-e-type=\"section\">\n\t\t\t\t\t\t<div class=\"elementor-container elementor-column-gap-default\">\n\t\t\t\t\t<div class=\"has_ae_slider elementor-column elementor-col-100 elementor-top-column elementor-element elementor-element-2dc48651 ae-bg-gallery-type-default\" data-id=\"2dc48651\" data-element_type=\"column\" data-e-type=\"column\">\n\t\t\t<div class=\"elementor-widget-wrap elementor-element-populated\">\n\t\t\t\t\t\t<div class=\"elementor-element elementor-element-4159eba3 elementor-widget elementor-widget-text-editor\" data-id=\"4159eba3\" data-element_type=\"widget\" data-e-type=\"widget\" data-widget_type=\"text-editor.default\">\n\t\t\t\t<div class=\"elementor-widget-container\">\n\t\t\t\t\t\t\t\t\t<strong>Bioqu\u00edmica I<\/strong>\r\n<ul>\r\n \t<li>Actividad de CK-MB<\/li>\r\n \t<li>Alb\u00famina<\/li>\r\n \t<li>Amilasa<\/li>\r\n \t<li>Bilirrubina Directa<\/li>\r\n \t<li>Bilirrubina Total<\/li>\r\n \t<li>Calcio I\u00f3nico<\/li>\r\n \t<li>Calcio Total<\/li>\r\n \t<li>Cetona (Cetonemia)<\/li>\r\n \t<li>Colesterol HDL<\/li>\r\n \t<li>Colesterol LDL<\/li>\r\n \t<li>Colesterol Total<\/li>\r\n \t<li>Colesterol VLDL<\/li>\r\n \t<li>CPK<\/li>\r\n \t<li>Creatinina<\/li>\r\n \t<li>Fosfatasa Alcalina<\/li>\r\n \t<li>F\u00f3sforo<\/li>\r\n \t<li>Fructosamina<\/li>\r\n \t<li>gGT<\/li>\r\n \t<li>Glucosa<\/li>\r\n \t<li>Hierro<\/li>\r\n \t<li>Lipasa<\/li>\r\n \t<li>Lipidos Totales<\/li>\r\n \t<li>Masa De CK-MB<\/li>\r\n \t<li>Osmolalidad<\/li>\r\n \t<li>Potasio<\/li>\r\n \t<li>Prote\u00ednas Totales<\/li>\r\n \t<li>Sodio<\/li>\r\n \t<li>TGO\/AST<\/li>\r\n \t<li>TGP\/ALT<\/li>\r\n \t<li>Triglic\u00e9ridos<\/li>\r\n \t<li>Urea<\/li>\r\n<\/ul>\r\n<strong>Bioqu\u00edmica II<\/strong>\r\n<ul>\r\n \t<li>1,25 (OH)2 Vitamina D<\/li>\r\n \t<li>25 (OH) Vitamina D<\/li>\r\n \t<li>Acido F\u00f3lico<\/li>\r\n \t<li>\u00c1cido L\u00e1ctico<\/li>\r\n \t<li>\u00c1cido \u00darico<\/li>\r\n \t<li>\u00c1cidos Biliares<\/li>\r\n \t<li>ADA<\/li>\r\n \t<li>Aldolasa<\/li>\r\n \t<li>Amon\u00edaco<\/li>\r\n \t<li>Betacaroteno<\/li>\r\n \t<li>Cap. Fijaci\u00f3n Total De Hierro<\/li>\r\n \t<li>Cap. Libre De Fijaci\u00f3n De Hierro<\/li>\r\n \t<li>Cloruros<\/li>\r\n \t<li>Cobre<\/li>\r\n \t<li>Colinesterasa<\/li>\r\n \t<li>D-Xilosa<\/li>\r\n \t<li>Enzima Convertidora De Angiotensina<\/li>\r\n \t<li>Fosfatasa \u00c1cida Prost\u00e1tica<\/li>\r\n \t<li>Fosfatasa \u00c1cida Total<\/li>\r\n \t<li>LDH<\/li>\r\n \t<li>Leucina Aminopeptidasa (LAP)<\/li>\r\n \t<li>Magnesio<\/li>\r\n \t<li>Vitamina A<\/li>\r\n \t<li>Vitamina B12<\/li>\r\n<\/ul>\t\t\t\t\t\t\t\t<\/div>\n\t\t\t\t<\/div>\n\t\t\t\t\t<\/div>\n\t\t<\/div>\n\t\t\t\t\t<\/div>\n\t\t<\/section>\n\t\t\t\t<\/div>\n\t\t","protected":false},"excerpt":{"rendered":"<p>Bioqu\u00edmica I Actividad de CK-MB Alb\u00famina Amilasa Bilirrubina Directa Bilirrubina Total Calcio I\u00f3nico Calcio Total Cetona (Cetonemia) Colesterol HDL Colesterol LDL Colesterol Total Colesterol VLDL CPK<span class=\"excerpt-hellip\"> [\u2026]<\/span><\/p>\n","protected":false},"featured_media":12460,"template":"","meta":{"_acf_changed":false},"product_brand":[],"product_cat":[442,436,443,650],"product_tag":[],"class_list":{"0":"post-40301","1":"product","2":"type-product","3":"status-publish","4":"has-post-thumbnail","6":"product_cat-ci-es","7":"product_cat-ep-es","8":"product_cat-quimica-clinica-es-2","9":"product_cat-veterinario","10":"tm-has-options","12":"first","13":"instock","14":"taxable","15":"shipping-taxable","16":"purchasable","17":"product-type-simple"},"acf":[],"_links":{"self":[{"href":"https:\/\/controllab.com\/es\/wp-json\/wp\/v2\/product\/40301","targetHints":{"allow":["GET"]}}],"collection":[{"href":"https:\/\/controllab.com\/es\/wp-json\/wp\/v2\/product"}],"about":[{"href":"https:\/\/controllab.com\/es\/wp-json\/wp\/v2\/types\/product"}],"version-history":[{"count":0,"href":"https:\/\/controllab.com\/es\/wp-json\/wp\/v2\/product\/40301\/revisions"}],"wp:featuredmedia":[{"embeddable":true,"href":"https:\/\/controllab.com\/es\/wp-json\/wp\/v2\/media\/12460"}],"wp:attachment":[{"href":"https:\/\/controllab.com\/es\/wp-json\/wp\/v2\/media?parent=40301"}],"wp:term":[{"taxonomy":"product_brand","embeddable":true,"href":"https:\/\/controllab.com\/es\/wp-json\/wp\/v2\/product_brand?post=40301"},{"taxonomy":"product_cat","embeddable":true,"href":"https:\/\/controllab.com\/es\/wp-json\/wp\/v2\/product_cat?post=40301"},{"taxonomy":"product_tag","embeddable":true,"href":"https:\/\/controllab.com\/es\/wp-json\/wp\/v2\/product_tag?post=40301"}],"curies":[{"name":"wp","href":"https:\/\/api.w.org\/{rel}","templated":true}]}}