{"id":40534,"date":"2021-02-09T08:34:34","date_gmt":"2021-02-09T11:34:34","guid":{"rendered":"https:\/\/controllab.com\/?post_type=product&#038;p=40534"},"modified":"2026-01-26T10:51:10","modified_gmt":"2026-01-26T13:51:10","slug":"vet-urinalise-ea-e-bioquimica","status":"publish","type":"product","link":"https:\/\/controllab.com\/es\/programa\/vet-urinalise-ea-e-bioquimica\/","title":{"rendered":"An\u00e1lisis de Orina &#8211; Elementos anormales y Bioqu\u00edmica"},"content":{"rendered":"\t\t<div data-elementor-type=\"product-post\" data-elementor-id=\"40534\" class=\"elementor elementor-40534 elementor-27229\" data-elementor-post-type=\"product\">\n\t\t\t\t\t\t<section class=\"has_ae_slider elementor-section elementor-top-section elementor-element elementor-element-4de63fa9 elementor-section-boxed elementor-section-height-default elementor-section-height-default ae-bg-gallery-type-default\" data-id=\"4de63fa9\" data-element_type=\"section\" data-e-type=\"section\">\n\t\t\t\t\t\t<div class=\"elementor-container elementor-column-gap-default\">\n\t\t\t\t\t<div class=\"has_ae_slider elementor-column elementor-col-100 elementor-top-column elementor-element elementor-element-4347c6ae ae-bg-gallery-type-default\" data-id=\"4347c6ae\" data-element_type=\"column\" data-e-type=\"column\">\n\t\t\t<div class=\"elementor-widget-wrap elementor-element-populated\">\n\t\t\t\t\t\t<div class=\"elementor-element elementor-element-22002444 elementor-widget elementor-widget-text-editor\" data-id=\"22002444\" data-element_type=\"widget\" data-e-type=\"widget\" data-widget_type=\"text-editor.default\">\n\t\t\t\t<div class=\"elementor-widget-container\">\n\t\t\t\t\t\t\t\t\t<p><strong>An\u00e1lisis de Orina \u2013 Elementos anormales<\/strong><\/p><ul><li>Bilirrubina total<\/li><li>Cuerpos cet\u00f3nicos<\/li><li>Glucosa<\/li><li>Hemoglobina hemolizada<\/li><li>Leucocitos<\/li><li>Nitrito<\/li><li>Prote\u00ednas<\/li><li>Urobilin\u00f3geno<\/li><li>pH (tira)<\/li><li>pH (automatizaci\u00f3n)<\/li><li>Densidad (automatizaci\u00f3n)<\/li><\/ul><p style=\"text-align: left;\"><strong>An\u00e1lisis de Orina &#8211; Bioqu\u00edmica<br \/><\/strong><\/p><ul><li>Calcio total<\/li><li>Creatinina<\/li><li>gGT<\/li><li>Glucosa<\/li><li>Prote\u00edna total<\/li><\/ul>\t\t\t\t\t\t\t\t<\/div>\n\t\t\t\t<\/div>\n\t\t\t\t\t<\/div>\n\t\t<\/div>\n\t\t\t\t\t<\/div>\n\t\t<\/section>\n\t\t\t\t<\/div>\n\t\t","protected":false},"excerpt":{"rendered":"<p>An\u00e1lisis de Orina \u2013 Elementos anormales Bilirrubina total Cuerpos cet\u00f3nicos Glucosa Hemoglobina hemolizada Leucocitos Nitrito Prote\u00ednas Urobilin\u00f3geno pH (tira) pH (automatizaci\u00f3n) Densidad (automatizaci\u00f3n) An\u00e1lisis de Orina<span class=\"excerpt-hellip\"> [\u2026]<\/span><\/p>\n","protected":false},"featured_media":17208,"template":"","meta":{"_acf_changed":false},"product_brand":[],"product_cat":[442,436,435,650],"product_tag":[],"class_list":{"0":"post-40534","1":"product","2":"type-product","3":"status-publish","4":"has-post-thumbnail","6":"product_cat-ci-es","7":"product_cat-ep-es","8":"product_cat-urinalisis","9":"product_cat-veterinario","10":"tm-has-options","12":"first","13":"instock","14":"taxable","15":"shipping-taxable","16":"purchasable","17":"product-type-simple"},"acf":[],"_links":{"self":[{"href":"https:\/\/controllab.com\/es\/wp-json\/wp\/v2\/product\/40534","targetHints":{"allow":["GET"]}}],"collection":[{"href":"https:\/\/controllab.com\/es\/wp-json\/wp\/v2\/product"}],"about":[{"href":"https:\/\/controllab.com\/es\/wp-json\/wp\/v2\/types\/product"}],"version-history":[{"count":3,"href":"https:\/\/controllab.com\/es\/wp-json\/wp\/v2\/product\/40534\/revisions"}],"predecessor-version":[{"id":207130,"href":"https:\/\/controllab.com\/es\/wp-json\/wp\/v2\/product\/40534\/revisions\/207130"}],"wp:featuredmedia":[{"embeddable":true,"href":"https:\/\/controllab.com\/es\/wp-json\/wp\/v2\/media\/17208"}],"wp:attachment":[{"href":"https:\/\/controllab.com\/es\/wp-json\/wp\/v2\/media?parent=40534"}],"wp:term":[{"taxonomy":"product_brand","embeddable":true,"href":"https:\/\/controllab.com\/es\/wp-json\/wp\/v2\/product_brand?post=40534"},{"taxonomy":"product_cat","embeddable":true,"href":"https:\/\/controllab.com\/es\/wp-json\/wp\/v2\/product_cat?post=40534"},{"taxonomy":"product_tag","embeddable":true,"href":"https:\/\/controllab.com\/es\/wp-json\/wp\/v2\/product_tag?post=40534"}],"curies":[{"name":"wp","href":"https:\/\/api.w.org\/{rel}","templated":true}]}}