{"id":40559,"date":"2021-02-09T08:43:19","date_gmt":"2021-02-09T11:43:19","guid":{"rendered":"https:\/\/controllab.com\/programa\/vet-parasitologia\/"},"modified":"2024-08-13T10:46:53","modified_gmt":"2024-08-13T13:46:53","slug":"vet-parasitologia","status":"publish","type":"product","link":"https:\/\/controllab.com\/es\/programa\/vet-parasitologia\/","title":{"rendered":"Parasitolog\u00eda"},"content":{"rendered":"<ul>\n<li>Identificaci\u00f3n parasitol\u00f3gica (Canino)<\/li>\n<li>Identificaci\u00f3n parasitol\u00f3gica (Equino)<\/li>\n<li>Identificaci\u00f3n parasitol\u00f3gica (Felino)<\/li>\n<\/ul>\n","protected":false},"excerpt":{"rendered":"<p>Identificaci\u00f3n parasitol\u00f3gica (Canino) Identificaci\u00f3n parasitol\u00f3gica (Equino) Identificaci\u00f3n parasitol\u00f3gica (Felino)<\/p>\n","protected":false},"featured_media":45535,"template":"","meta":{"_acf_changed":false},"product_brand":[],"product_cat":[528,436,650],"product_tag":[],"class_list":{"0":"post-40559","1":"product","2":"type-product","3":"status-publish","4":"has-post-thumbnail","6":"product_cat-coprologia-sangre-oculta","7":"product_cat-ep-es","8":"product_cat-veterinario","9":"tm-has-options","11":"first","12":"instock","13":"taxable","14":"shipping-taxable","15":"purchasable","16":"product-type-simple"},"acf":[],"_links":{"self":[{"href":"https:\/\/controllab.com\/es\/wp-json\/wp\/v2\/product\/40559","targetHints":{"allow":["GET"]}}],"collection":[{"href":"https:\/\/controllab.com\/es\/wp-json\/wp\/v2\/product"}],"about":[{"href":"https:\/\/controllab.com\/es\/wp-json\/wp\/v2\/types\/product"}],"version-history":[{"count":0,"href":"https:\/\/controllab.com\/es\/wp-json\/wp\/v2\/product\/40559\/revisions"}],"wp:featuredmedia":[{"embeddable":true,"href":"https:\/\/controllab.com\/es\/wp-json\/wp\/v2\/media\/45535"}],"wp:attachment":[{"href":"https:\/\/controllab.com\/es\/wp-json\/wp\/v2\/media?parent=40559"}],"wp:term":[{"taxonomy":"product_brand","embeddable":true,"href":"https:\/\/controllab.com\/es\/wp-json\/wp\/v2\/product_brand?post=40559"},{"taxonomy":"product_cat","embeddable":true,"href":"https:\/\/controllab.com\/es\/wp-json\/wp\/v2\/product_cat?post=40559"},{"taxonomy":"product_tag","embeddable":true,"href":"https:\/\/controllab.com\/es\/wp-json\/wp\/v2\/product_tag?post=40559"}],"curies":[{"name":"wp","href":"https:\/\/api.w.org\/{rel}","templated":true}]}}