{"id":44124,"date":"2021-02-11T09:48:20","date_gmt":"2021-02-11T12:48:20","guid":{"rendered":"https:\/\/controllab.com\/?post_type=product&#038;p=44124"},"modified":"2024-08-14T09:44:20","modified_gmt":"2024-08-14T12:44:20","slug":"analisis-de-orina-sedimentoscopia","status":"publish","type":"product","link":"https:\/\/controllab.com\/es\/programa\/analisis-de-orina-sedimentoscopia\/","title":{"rendered":"An\u00e1lisis de Orina Sedimentoscopia"},"content":{"rendered":"<p><strong>Eritr\u00f3citos<\/strong><\/p>\n<p>Eritr\u00f3citos Automatizaci\u00f3n<br \/>\nEritr\u00f3citos (C\u00e1mara)<br \/>\nEritr\u00f3citos Microscop\u00eda<\/p>\n<p><strong>Leucocitos<\/strong><\/p>\n<p>Leucocitos Automatizaci\u00f3n<br \/>\nLeucocitos (C\u00e1mara)<br \/>\nLeucocitos Microscop\u00eda<\/p>\n<p><strong>An\u00e1lisis de Orina Sedimentoscop\u00eda (Identificaci\u00f3n)<\/strong><\/p>\n","protected":false},"excerpt":{"rendered":"<p>Eritr\u00f3citos Eritr\u00f3citos Automatizaci\u00f3n Eritr\u00f3citos (C\u00e1mara) Eritr\u00f3citos Microscop\u00eda Leucocitos Leucocitos Automatizaci\u00f3n Leucocitos (C\u00e1mara) Leucocitos Microscop\u00eda An\u00e1lisis de Orina Sedimentoscop\u00eda (Identificaci\u00f3n)<\/p>\n","protected":false},"featured_media":45576,"template":"","meta":{"_acf_changed":false},"product_brand":[],"product_cat":[436,435,650],"product_tag":[],"class_list":{"0":"post-44124","1":"product","2":"type-product","3":"status-publish","4":"has-post-thumbnail","6":"product_cat-ep-es","7":"product_cat-urinalisis","8":"product_cat-veterinario","9":"tm-has-options","11":"first","12":"instock","13":"taxable","14":"shipping-taxable","15":"purchasable","16":"product-type-simple"},"acf":[],"_links":{"self":[{"href":"https:\/\/controllab.com\/es\/wp-json\/wp\/v2\/product\/44124","targetHints":{"allow":["GET"]}}],"collection":[{"href":"https:\/\/controllab.com\/es\/wp-json\/wp\/v2\/product"}],"about":[{"href":"https:\/\/controllab.com\/es\/wp-json\/wp\/v2\/types\/product"}],"version-history":[{"count":0,"href":"https:\/\/controllab.com\/es\/wp-json\/wp\/v2\/product\/44124\/revisions"}],"wp:featuredmedia":[{"embeddable":true,"href":"https:\/\/controllab.com\/es\/wp-json\/wp\/v2\/media\/45576"}],"wp:attachment":[{"href":"https:\/\/controllab.com\/es\/wp-json\/wp\/v2\/media?parent=44124"}],"wp:term":[{"taxonomy":"product_brand","embeddable":true,"href":"https:\/\/controllab.com\/es\/wp-json\/wp\/v2\/product_brand?post=44124"},{"taxonomy":"product_cat","embeddable":true,"href":"https:\/\/controllab.com\/es\/wp-json\/wp\/v2\/product_cat?post=44124"},{"taxonomy":"product_tag","embeddable":true,"href":"https:\/\/controllab.com\/es\/wp-json\/wp\/v2\/product_tag?post=44124"}],"curies":[{"name":"wp","href":"https:\/\/api.w.org\/{rel}","templated":true}]}}