{"id":4448,"date":"2020-12-04T10:59:52","date_gmt":"2020-12-04T13:59:52","guid":{"rendered":"https:\/\/controllab.com\/?post_type=product&#038;p=4448"},"modified":"2024-08-28T08:58:00","modified_gmt":"2024-08-28T11:58:00","slug":"coronavirus-sars-cov2-inmunologia","status":"publish","type":"product","link":"https:\/\/controllab.com\/es\/programa\/coronavirus-sars-cov2-inmunologia\/","title":{"rendered":"Coronavirus (SARS-CoV2) &#8211; Inmunolog\u00eda"},"content":{"rendered":"\t\t<div data-elementor-type=\"product-post\" data-elementor-id=\"4448\" class=\"elementor elementor-4448 elementor-4446\" data-elementor-post-type=\"product\">\n\t\t\t\t\t\t<section class=\"has_ae_slider elementor-section elementor-top-section elementor-element elementor-element-f35d108 elementor-section-boxed elementor-section-height-default elementor-section-height-default ae-bg-gallery-type-default\" data-id=\"f35d108\" data-element_type=\"section\" data-e-type=\"section\">\n\t\t\t\t\t\t<div class=\"elementor-container elementor-column-gap-default\">\n\t\t\t\t\t<div class=\"has_ae_slider elementor-column elementor-col-50 elementor-top-column elementor-element elementor-element-90059b7 ae-bg-gallery-type-default\" data-id=\"90059b7\" data-element_type=\"column\" data-e-type=\"column\">\n\t\t\t<div class=\"elementor-widget-wrap elementor-element-populated\">\n\t\t\t\t\t\t<div class=\"elementor-element elementor-element-3e01e26 elementor-widget elementor-widget-text-editor\" data-id=\"3e01e26\" data-element_type=\"widget\" data-e-type=\"widget\" data-widget_type=\"text-editor.default\">\n\t\t\t\t<div class=\"elementor-widget-container\">\n\t\t\t\t\t\t\t\t\t<ul>\n<li>IgG<\/li>\n<li>IgM<\/li>\n<li>IgA<\/li>\n<li>Total<\/li>\n<li>IgM\/IgA<\/li>\n<li>Avidez de IgG<\/li>\n<\/ul>\n<p>Inmunolog\u00eda &#8211; Automatizaci\u00f3n por m\u00e9todos de inmunoensayo enzim\u00e1tico, quimioluminiscencia, electroquimioluminiscencia, micropart\u00edculas por quimioluminiscencia.<\/p><p><strong style=\"font-family: &quot;Open Sans&quot;; letter-spacing: 0px;\">Ex\u00e1menes relacionados<\/strong><\/p><p><span style=\"font-family: &quot;Open Sans&quot;; letter-spacing: 0px;\">Covid<\/span><\/p>\t\t\t\t\t\t\t\t<\/div>\n\t\t\t\t<\/div>\n\t\t\t\t\t<\/div>\n\t\t<\/div>\n\t\t\t\t<div class=\"has_ae_slider elementor-column elementor-col-50 elementor-top-column elementor-element elementor-element-e354586 ae-bg-gallery-type-default\" data-id=\"e354586\" data-element_type=\"column\" data-e-type=\"column\">\n\t\t\t<div class=\"elementor-widget-wrap elementor-element-populated\">\n\t\t\t\t\t\t\t<\/div>\n\t\t<\/div>\n\t\t\t\t\t<\/div>\n\t\t<\/section>\n\t\t\t\t<\/div>\n\t\t","protected":false},"excerpt":{"rendered":"<p>IgG IgM IgA Total IgM\/IgA Avidez de IgG Inmunolog\u00eda &#8211; Automatizaci\u00f3n por m\u00e9todos de inmunoensayo enzim\u00e1tico, quimioluminiscencia, electroquimioluminiscencia, micropart\u00edculas por quimioluminiscencia. Ex\u00e1menes relacionados Covid<\/p>\n","protected":false},"featured_media":5040,"template":"","meta":{"_acf_changed":false},"product_brand":[],"product_cat":[440,442,454,436],"product_tag":[],"class_list":{"0":"post-4448","1":"product","2":"type-product","3":"status-publish","4":"has-post-thumbnail","6":"product_cat-clinico-es","7":"product_cat-ci-es","8":"product_cat-enfermedades-infecciosas","9":"product_cat-ep-es","10":"tm-has-options","12":"first","13":"instock","14":"taxable","15":"shipping-taxable","16":"purchasable","17":"product-type-simple"},"acf":[],"_links":{"self":[{"href":"https:\/\/controllab.com\/es\/wp-json\/wp\/v2\/product\/4448","targetHints":{"allow":["GET"]}}],"collection":[{"href":"https:\/\/controllab.com\/es\/wp-json\/wp\/v2\/product"}],"about":[{"href":"https:\/\/controllab.com\/es\/wp-json\/wp\/v2\/types\/product"}],"version-history":[{"count":0,"href":"https:\/\/controllab.com\/es\/wp-json\/wp\/v2\/product\/4448\/revisions"}],"wp:featuredmedia":[{"embeddable":true,"href":"https:\/\/controllab.com\/es\/wp-json\/wp\/v2\/media\/5040"}],"wp:attachment":[{"href":"https:\/\/controllab.com\/es\/wp-json\/wp\/v2\/media?parent=4448"}],"wp:term":[{"taxonomy":"product_brand","embeddable":true,"href":"https:\/\/controllab.com\/es\/wp-json\/wp\/v2\/product_brand?post=4448"},{"taxonomy":"product_cat","embeddable":true,"href":"https:\/\/controllab.com\/es\/wp-json\/wp\/v2\/product_cat?post=4448"},{"taxonomy":"product_tag","embeddable":true,"href":"https:\/\/controllab.com\/es\/wp-json\/wp\/v2\/product_tag?post=4448"}],"curies":[{"name":"wp","href":"https:\/\/api.w.org\/{rel}","templated":true}]}}