{"id":45033,"date":"2021-02-09T08:37:32","date_gmt":"2021-02-09T11:37:32","guid":{"rendered":"https:\/\/controllab.com\/?post_type=product&#038;p=45033"},"modified":"2024-08-12T13:16:47","modified_gmt":"2024-08-12T16:16:47","slug":"hematoscopia-e-hemoparasitologia","status":"publish","type":"product","link":"https:\/\/controllab.com\/es\/programa\/hematoscopia-e-hemoparasitologia\/","title":{"rendered":"Hematoscopia\/ Hemoparasitolog\u00eda"},"content":{"rendered":"<p><strong>Hematoscopia<\/strong><\/p>\n<ul>\n<li>Bas\u00f3filos<\/li>\n<li>Neutr\u00f3filos<\/li>\n<li>Blastocitos (c\u00e9lulas inmaduras)<\/li>\n<li>Eosin\u00f3filos<\/li>\n<li>Linfocitos<\/li>\n<li>Metamielocitos Neutr\u00f3filos<\/li>\n<li>Mielocitos Neutr\u00f3filos<\/li>\n<li>Monocitos<\/li>\n<li>Promielocitos Neutr\u00f3filos<\/li>\n<li>Neutr\u00f3filos segmentados<\/li>\n<li>Eritroblastos\/100 Leucocitos<\/li>\n<li>Otras condiciones<\/li>\n<\/ul>\n<p><strong>Hematoscopia &#8211; Identificaci\u00f3n de estructuras<\/strong><\/p>\n<p><strong>Hemoparasitolog\u00eda (Identificaci\u00f3n)<\/strong><\/p>\n","protected":false},"excerpt":{"rendered":"<p>Hematoscopia Bas\u00f3filos Neutr\u00f3filos Blastocitos (c\u00e9lulas inmaduras) Eosin\u00f3filos Linfocitos Metamielocitos Neutr\u00f3filos Mielocitos Neutr\u00f3filos Monocitos Promielocitos Neutr\u00f3filos Neutr\u00f3filos segmentados Eritroblastos\/100 Leucocitos Otras condiciones Hematoscopia &#8211; Identificaci\u00f3n de estructuras<span class=\"excerpt-hellip\"> [\u2026]<\/span><\/p>\n","protected":false},"featured_media":45279,"template":"","meta":{"_acf_changed":false},"product_brand":[],"product_cat":[436,526,650],"product_tag":[],"class_list":{"0":"post-45033","1":"product","2":"type-product","3":"status-publish","4":"has-post-thumbnail","6":"product_cat-ep-es","7":"product_cat-hematologia-hematoscopia-es-2","8":"product_cat-veterinario","9":"tm-has-options","11":"first","12":"instock","13":"taxable","14":"shipping-taxable","15":"purchasable","16":"product-type-simple"},"acf":[],"_links":{"self":[{"href":"https:\/\/controllab.com\/es\/wp-json\/wp\/v2\/product\/45033","targetHints":{"allow":["GET"]}}],"collection":[{"href":"https:\/\/controllab.com\/es\/wp-json\/wp\/v2\/product"}],"about":[{"href":"https:\/\/controllab.com\/es\/wp-json\/wp\/v2\/types\/product"}],"version-history":[{"count":0,"href":"https:\/\/controllab.com\/es\/wp-json\/wp\/v2\/product\/45033\/revisions"}],"wp:featuredmedia":[{"embeddable":true,"href":"https:\/\/controllab.com\/es\/wp-json\/wp\/v2\/media\/45279"}],"wp:attachment":[{"href":"https:\/\/controllab.com\/es\/wp-json\/wp\/v2\/media?parent=45033"}],"wp:term":[{"taxonomy":"product_brand","embeddable":true,"href":"https:\/\/controllab.com\/es\/wp-json\/wp\/v2\/product_brand?post=45033"},{"taxonomy":"product_cat","embeddable":true,"href":"https:\/\/controllab.com\/es\/wp-json\/wp\/v2\/product_cat?post=45033"},{"taxonomy":"product_tag","embeddable":true,"href":"https:\/\/controllab.com\/es\/wp-json\/wp\/v2\/product_tag?post=45033"}],"curies":[{"name":"wp","href":"https:\/\/api.w.org\/{rel}","templated":true}]}}