{"id":4610,"date":"2020-12-04T13:54:02","date_gmt":"2020-12-04T16:54:02","guid":{"rendered":"https:\/\/controllab.com\/?post_type=product&#038;p=4610"},"modified":"2024-09-18T10:45:53","modified_gmt":"2024-09-18T13:45:53","slug":"tdr-coronavirus-sars-cov2-antigeno","status":"publish","type":"product","link":"https:\/\/controllab.com\/es\/programa\/tdr-coronavirus-sars-cov2-antigeno\/","title":{"rendered":"POCT Coronavirus (SARS-CoV2) &#8211; Ant\u00edgeno"},"content":{"rendered":"\t\t<div data-elementor-type=\"product-post\" data-elementor-id=\"4610\" class=\"elementor elementor-4610 elementor-4608\" data-elementor-post-type=\"product\">\n\t\t\t\t\t\t<section class=\"has_ae_slider elementor-section elementor-top-section elementor-element elementor-element-f35d108 elementor-section-boxed elementor-section-height-default elementor-section-height-default ae-bg-gallery-type-default\" data-id=\"f35d108\" data-element_type=\"section\" data-e-type=\"section\">\n\t\t\t\t\t\t<div class=\"elementor-container elementor-column-gap-default\">\n\t\t\t\t\t<div class=\"has_ae_slider elementor-column elementor-col-50 elementor-top-column elementor-element elementor-element-90059b7 ae-bg-gallery-type-default\" data-id=\"90059b7\" data-element_type=\"column\" data-e-type=\"column\">\n\t\t\t<div class=\"elementor-widget-wrap elementor-element-populated\">\n\t\t\t\t\t\t<div class=\"elementor-element elementor-element-3e01e26 elementor-widget elementor-widget-text-editor\" data-id=\"3e01e26\" data-element_type=\"widget\" data-e-type=\"widget\" data-widget_type=\"text-editor.default\">\n\t\t\t\t<div class=\"elementor-widget-container\">\n\t\t\t\t\t\t\t\t\t<p><strong>POCT Coronavirus (SARS-CoV2)1: ant\u00edgeno I<\/strong> <br \/>Detecci\u00f3n del ant\u00edgeno del SARS-CoV2 por POCT en muestras nasofar\u00edngeas y orofar\u00edngeas.<\/p><p><strong>POCT Coronavirus (SARS-CoV2): ant\u00edgeno II<\/strong><br \/>Detecci\u00f3n del ant\u00edgeno SARS-CoV2 por POCT en muestras de saliva.<\/p><p><strong>Ex\u00e1menes relacionados<\/strong><\/p><p>1Covid<\/p><p>\u00b9Prueba de laboratorio a distancia de Covid<\/p><p>\u00b9Prueba r\u00e1pida de Covid<\/p>\t\t\t\t\t\t\t\t<\/div>\n\t\t\t\t<\/div>\n\t\t\t\t\t<\/div>\n\t\t<\/div>\n\t\t\t\t<div class=\"has_ae_slider elementor-column elementor-col-50 elementor-top-column elementor-element elementor-element-e354586 ae-bg-gallery-type-default\" data-id=\"e354586\" data-element_type=\"column\" data-e-type=\"column\">\n\t\t\t<div class=\"elementor-widget-wrap elementor-element-populated\">\n\t\t\t\t\t\t\t<\/div>\n\t\t<\/div>\n\t\t\t\t\t<\/div>\n\t\t<\/section>\n\t\t\t\t<\/div>\n\t\t","protected":false},"excerpt":{"rendered":"<p>POCT Coronavirus (SARS-CoV2)1: ant\u00edgeno I Detecci\u00f3n del ant\u00edgeno del SARS-CoV2 por POCT en muestras nasofar\u00edngeas y orofar\u00edngeas. POCT Coronavirus (SARS-CoV2): ant\u00edgeno II Detecci\u00f3n del ant\u00edgeno SARS-CoV2<span class=\"excerpt-hellip\"> [\u2026]<\/span><\/p>\n","protected":false},"featured_media":5040,"template":"","meta":{"_acf_changed":false},"product_brand":[],"product_cat":[440,442,436,520,482],"product_tag":[],"class_list":{"0":"post-4610","1":"product","2":"type-product","3":"status-publish","4":"has-post-thumbnail","6":"product_cat-clinico-es","7":"product_cat-ci-es","8":"product_cat-ep-es","9":"product_cat-microbiologia-es-2","10":"product_cat-tlr-point-of-care-testing-poct-es","11":"tm-has-options","13":"first","14":"instock","15":"taxable","16":"shipping-taxable","17":"purchasable","18":"product-type-simple"},"acf":[],"_links":{"self":[{"href":"https:\/\/controllab.com\/es\/wp-json\/wp\/v2\/product\/4610","targetHints":{"allow":["GET"]}}],"collection":[{"href":"https:\/\/controllab.com\/es\/wp-json\/wp\/v2\/product"}],"about":[{"href":"https:\/\/controllab.com\/es\/wp-json\/wp\/v2\/types\/product"}],"version-history":[{"count":0,"href":"https:\/\/controllab.com\/es\/wp-json\/wp\/v2\/product\/4610\/revisions"}],"wp:featuredmedia":[{"embeddable":true,"href":"https:\/\/controllab.com\/es\/wp-json\/wp\/v2\/media\/5040"}],"wp:attachment":[{"href":"https:\/\/controllab.com\/es\/wp-json\/wp\/v2\/media?parent=4610"}],"wp:term":[{"taxonomy":"product_brand","embeddable":true,"href":"https:\/\/controllab.com\/es\/wp-json\/wp\/v2\/product_brand?post=4610"},{"taxonomy":"product_cat","embeddable":true,"href":"https:\/\/controllab.com\/es\/wp-json\/wp\/v2\/product_cat?post=4610"},{"taxonomy":"product_tag","embeddable":true,"href":"https:\/\/controllab.com\/es\/wp-json\/wp\/v2\/product_tag?post=4610"}],"curies":[{"name":"wp","href":"https:\/\/api.w.org\/{rel}","templated":true}]}}