{"id":4697,"date":"2020-12-04T15:05:05","date_gmt":"2020-12-04T18:05:05","guid":{"rendered":"https:\/\/controllab.com\/?post_type=product&#038;p=4697"},"modified":"2024-11-08T16:42:28","modified_gmt":"2024-11-08T19:42:28","slug":"tdr-inmunologia-coronavirus-sars-cov2","status":"publish","type":"product","link":"https:\/\/controllab.com\/es\/programa\/tdr-inmunologia-coronavirus-sars-cov2\/","title":{"rendered":"POCT Coronavirus (SARS-CoV2) &#8211; Inmunolog\u00eda"},"content":{"rendered":"\t\t<div data-elementor-type=\"product-post\" data-elementor-id=\"4697\" class=\"elementor elementor-4697 elementor-4695\" data-elementor-post-type=\"product\">\n\t\t\t\t\t\t<section class=\"has_ae_slider elementor-section elementor-top-section elementor-element elementor-element-f35d108 elementor-section-boxed elementor-section-height-default elementor-section-height-default ae-bg-gallery-type-default\" data-id=\"f35d108\" data-element_type=\"section\" data-e-type=\"section\">\n\t\t\t\t\t\t<div class=\"elementor-container elementor-column-gap-default\">\n\t\t\t\t\t<div class=\"has_ae_slider elementor-column elementor-col-50 elementor-top-column elementor-element elementor-element-90059b7 ae-bg-gallery-type-default\" data-id=\"90059b7\" data-element_type=\"column\" data-e-type=\"column\">\n\t\t\t<div class=\"elementor-widget-wrap elementor-element-populated\">\n\t\t\t\t\t\t<div class=\"elementor-element elementor-element-3e01e26 elementor-widget elementor-widget-text-editor\" data-id=\"3e01e26\" data-element_type=\"widget\" data-e-type=\"widget\" data-widget_type=\"text-editor.default\">\n\t\t\t\t<div class=\"elementor-widget-container\">\n\t\t\t\t\t\t\t\t\t<ul>\r\n \t<li>Coronavirus (SARS-CoV2)<sup>1<\/sup><\/li>\r\n \t<li>Coronavirus IgG<\/li>\r\n \t<li>Coronavirus IgM<\/li>\r\n \t<li>Coronavirus Total<\/li>\r\n<\/ul>\r\nTDR Inmunolog\u00eda por m\u00e9todos de inmunocromatograf\u00eda e inmunofluorescencia.\r\n\r\n<strong>Ex\u00e1menes relacionados<\/strong>\r\n\r\n<sup>1<\/sup>Covid\r\n\r\n\u00b9Test de Diagn\u00f3stico R\u00e1pido Covid\r\n\r\n\u00b9Prueba r\u00e1pida de Covid\t\t\t\t\t\t\t\t<\/div>\n\t\t\t\t<\/div>\n\t\t\t\t\t<\/div>\n\t\t<\/div>\n\t\t\t\t<div class=\"has_ae_slider elementor-column elementor-col-50 elementor-top-column elementor-element elementor-element-e354586 ae-bg-gallery-type-default\" data-id=\"e354586\" data-element_type=\"column\" data-e-type=\"column\">\n\t\t\t<div class=\"elementor-widget-wrap elementor-element-populated\">\n\t\t\t\t\t\t\t<\/div>\n\t\t<\/div>\n\t\t\t\t\t<\/div>\n\t\t<\/section>\n\t\t\t\t<\/div>\n\t\t","protected":false},"excerpt":{"rendered":"<p>Coronavirus (SARS-CoV2)1 Coronavirus IgG Coronavirus IgM Coronavirus Total TDR Inmunolog\u00eda por m\u00e9todos de inmunocromatograf\u00eda e inmunofluorescencia. Ex\u00e1menes relacionados 1Covid \u00b9Test de Diagn\u00f3stico R\u00e1pido Covid \u00b9Prueba r\u00e1pida<span class=\"excerpt-hellip\"> [\u2026]<\/span><\/p>\n","protected":false},"featured_media":5040,"template":"","meta":{"_acf_changed":false},"product_brand":[],"product_cat":[440,442,454,436,482],"product_tag":[],"class_list":{"0":"post-4697","1":"product","2":"type-product","3":"status-publish","4":"has-post-thumbnail","6":"product_cat-clinico-es","7":"product_cat-ci-es","8":"product_cat-enfermedades-infecciosas","9":"product_cat-ep-es","10":"product_cat-tlr-point-of-care-testing-poct-es","11":"tm-has-options","13":"first","14":"instock","15":"taxable","16":"shipping-taxable","17":"purchasable","18":"product-type-simple"},"acf":[],"_links":{"self":[{"href":"https:\/\/controllab.com\/es\/wp-json\/wp\/v2\/product\/4697","targetHints":{"allow":["GET"]}}],"collection":[{"href":"https:\/\/controllab.com\/es\/wp-json\/wp\/v2\/product"}],"about":[{"href":"https:\/\/controllab.com\/es\/wp-json\/wp\/v2\/types\/product"}],"version-history":[{"count":1,"href":"https:\/\/controllab.com\/es\/wp-json\/wp\/v2\/product\/4697\/revisions"}],"predecessor-version":[{"id":171991,"href":"https:\/\/controllab.com\/es\/wp-json\/wp\/v2\/product\/4697\/revisions\/171991"}],"wp:featuredmedia":[{"embeddable":true,"href":"https:\/\/controllab.com\/es\/wp-json\/wp\/v2\/media\/5040"}],"wp:attachment":[{"href":"https:\/\/controllab.com\/es\/wp-json\/wp\/v2\/media?parent=4697"}],"wp:term":[{"taxonomy":"product_brand","embeddable":true,"href":"https:\/\/controllab.com\/es\/wp-json\/wp\/v2\/product_brand?post=4697"},{"taxonomy":"product_cat","embeddable":true,"href":"https:\/\/controllab.com\/es\/wp-json\/wp\/v2\/product_cat?post=4697"},{"taxonomy":"product_tag","embeddable":true,"href":"https:\/\/controllab.com\/es\/wp-json\/wp\/v2\/product_tag?post=4697"}],"curies":[{"name":"wp","href":"https:\/\/api.w.org\/{rel}","templated":true}]}}