{"id":47773,"date":"2021-09-03T13:33:13","date_gmt":"2021-09-03T16:33:13","guid":{"rendered":"https:\/\/controllab.com\/?post_type=product&#038;p=47773"},"modified":"2024-08-09T15:53:16","modified_gmt":"2024-08-09T18:53:16","slug":"bacteriologia-ambulatoria-y-hospitalaria","status":"publish","type":"product","link":"https:\/\/controllab.com\/es\/programa\/bacteriologia-ambulatoria-y-hospitalaria\/","title":{"rendered":"Bacteriolog\u00eda Ambulatoria y Hospitalaria"},"content":{"rendered":"\t\t<div data-elementor-type=\"product-post\" data-elementor-id=\"47773\" class=\"elementor elementor-47773 elementor-47771\" data-elementor-post-type=\"product\">\n\t\t\t\t\t\t<section class=\"has_ae_slider elementor-section elementor-top-section elementor-element elementor-element-f35d108 elementor-section-boxed elementor-section-height-default elementor-section-height-default ae-bg-gallery-type-default\" data-id=\"f35d108\" data-element_type=\"section\" data-e-type=\"section\">\n\t\t\t\t\t\t<div class=\"elementor-container elementor-column-gap-default\">\n\t\t\t\t\t<div class=\"has_ae_slider elementor-column elementor-col-100 elementor-top-column elementor-element elementor-element-90059b7 ae-bg-gallery-type-default\" data-id=\"90059b7\" data-element_type=\"column\" data-e-type=\"column\">\n\t\t\t<div class=\"elementor-widget-wrap elementor-element-populated\">\n\t\t\t\t\t\t<div class=\"elementor-element elementor-element-4401966 elementor-widget elementor-widget-text-editor\" data-id=\"4401966\" data-element_type=\"widget\" data-e-type=\"widget\" data-widget_type=\"text-editor.default\">\n\t\t\t\t<div class=\"elementor-widget-container\">\n\t\t\t\t\t\t\t\t\t<p><strong>Bacteriolog\u00eda Ambulatoria<\/strong><\/p><ul><li>Cultivo<\/li>\n<li>Identificaci\u00f3n (cultivo) de microorganismos de ambiente ambulatorio<\/li>\n<li>Prueba de susceptibilidad de antimicrobianos<\/li>\n<\/ul>\n<p><strong>Bacteriolog\u00eda Hospitalaria<\/strong><\/p><ul><li>Cultivo<\/li>\n<li>Identificaci\u00f3n (cultivo) de microorganismos de ambiente hospitalario<\/li>\n<li>Prueba de susceptibilidad de antimicrobianos<\/li>\n<\/ul>\t\t\t\t\t\t\t\t<\/div>\n\t\t\t\t<\/div>\n\t\t\t\t\t<\/div>\n\t\t<\/div>\n\t\t\t\t\t<\/div>\n\t\t<\/section>\n\t\t\t\t<\/div>\n\t\t","protected":false},"excerpt":{"rendered":"<p>Bacteriolog\u00eda Ambulatoria Cultivo Identificaci\u00f3n (cultivo) de microorganismos de ambiente ambulatorio Prueba de susceptibilidad de antimicrobianos Bacteriolog\u00eda Hospitalaria Cultivo Identificaci\u00f3n (cultivo) de microorganismos de ambiente hospitalario Prueba<span class=\"excerpt-hellip\"> [\u2026]<\/span><\/p>\n","protected":false},"featured_media":23082,"template":"","meta":{"_acf_changed":false},"product_brand":[],"product_cat":[440,442,436,2494],"product_tag":[],"class_list":{"0":"post-47773","1":"product","2":"type-product","3":"status-publish","4":"has-post-thumbnail","6":"product_cat-clinico-es","7":"product_cat-ci-es","8":"product_cat-ep-es","9":"product_cat-microbiologia-clinica-es","10":"tm-has-options","12":"first","13":"instock","14":"taxable","15":"shipping-taxable","16":"purchasable","17":"product-type-simple"},"acf":[],"_links":{"self":[{"href":"https:\/\/controllab.com\/es\/wp-json\/wp\/v2\/product\/47773","targetHints":{"allow":["GET"]}}],"collection":[{"href":"https:\/\/controllab.com\/es\/wp-json\/wp\/v2\/product"}],"about":[{"href":"https:\/\/controllab.com\/es\/wp-json\/wp\/v2\/types\/product"}],"version-history":[{"count":0,"href":"https:\/\/controllab.com\/es\/wp-json\/wp\/v2\/product\/47773\/revisions"}],"wp:featuredmedia":[{"embeddable":true,"href":"https:\/\/controllab.com\/es\/wp-json\/wp\/v2\/media\/23082"}],"wp:attachment":[{"href":"https:\/\/controllab.com\/es\/wp-json\/wp\/v2\/media?parent=47773"}],"wp:term":[{"taxonomy":"product_brand","embeddable":true,"href":"https:\/\/controllab.com\/es\/wp-json\/wp\/v2\/product_brand?post=47773"},{"taxonomy":"product_cat","embeddable":true,"href":"https:\/\/controllab.com\/es\/wp-json\/wp\/v2\/product_cat?post=47773"},{"taxonomy":"product_tag","embeddable":true,"href":"https:\/\/controllab.com\/es\/wp-json\/wp\/v2\/product_tag?post=47773"}],"curies":[{"name":"wp","href":"https:\/\/api.w.org\/{rel}","templated":true}]}}