{"id":49473,"date":"2020-12-30T14:21:35","date_gmt":"2020-12-30T17:21:35","guid":{"rendered":"https:\/\/controllab.com\/?post_type=product&#038;p=49473"},"modified":"2024-08-20T16:49:32","modified_gmt":"2024-08-20T19:49:32","slug":"coprocultivo-i","status":"publish","type":"product","link":"https:\/\/controllab.com\/es\/programa\/coprocultivo-i\/","title":{"rendered":"Coprocultivo I"},"content":{"rendered":"\t\t<div data-elementor-type=\"product-post\" data-elementor-id=\"49473\" class=\"elementor elementor-49473 elementor-13913\" data-elementor-post-type=\"product\">\n\t\t\t\t\t\t<section class=\"has_ae_slider elementor-section elementor-top-section elementor-element elementor-element-f35d108 elementor-section-boxed elementor-section-height-default elementor-section-height-default ae-bg-gallery-type-default\" data-id=\"f35d108\" data-element_type=\"section\" data-e-type=\"section\">\n\t\t\t\t\t\t<div class=\"elementor-container elementor-column-gap-default\">\n\t\t\t\t\t<div class=\"has_ae_slider elementor-column elementor-col-100 elementor-top-column elementor-element elementor-element-90059b7 ae-bg-gallery-type-default\" data-id=\"90059b7\" data-element_type=\"column\" data-e-type=\"column\">\n\t\t\t<div class=\"elementor-widget-wrap elementor-element-populated\">\n\t\t\t\t\t\t<div class=\"elementor-element elementor-element-4401966 elementor-widget elementor-widget-text-editor\" data-id=\"4401966\" data-element_type=\"widget\" data-e-type=\"widget\" data-widget_type=\"text-editor.default\">\n\t\t\t\t<div class=\"elementor-widget-container\">\n\t\t\t\t\t\t\t\t\t<ul><li><em>E. coli enteroinvasora<\/em><\/li><li><em>E. coli enteropatog\u00eanica<\/em><\/li><li><em>E. coli enteroemorr\u00e1gica<\/em><\/li><li><em>E. coli enterotoxig\u00eanica<\/em><\/li><li><em>Salmonella sp.<\/em><\/li><li><em>Shigella sp.<\/em><\/li><\/ul>\t\t\t\t\t\t\t\t<\/div>\n\t\t\t\t<\/div>\n\t\t\t\t\t<\/div>\n\t\t<\/div>\n\t\t\t\t\t<\/div>\n\t\t<\/section>\n\t\t\t\t<\/div>\n\t\t","protected":false},"excerpt":{"rendered":"<p>Identificaci\u00f3n (cultivo) de microorganismo Prueba de susceptibilidad antimicrobiana Microorganismos contemplados E. coli enteroadherente E. coli enterohemorr\u00e1gica E. coli enteroinvasiva E. coli enteropat\u00f3gena E. coli enterotoxig\u00e9nica salmonella<span class=\"excerpt-hellip\"> [\u2026]<\/span><\/p>\n","protected":false},"featured_media":49662,"template":"","meta":{"_acf_changed":false},"product_brand":[],"product_cat":[440,528,436],"product_tag":[],"class_list":{"0":"post-49473","1":"product","2":"type-product","3":"status-publish","4":"has-post-thumbnail","6":"product_cat-clinico-es","7":"product_cat-coprologia-sangre-oculta","8":"product_cat-ep-es","9":"tm-has-options","11":"first","12":"instock","13":"taxable","14":"shipping-taxable","15":"purchasable","16":"product-type-simple"},"acf":[],"_links":{"self":[{"href":"https:\/\/controllab.com\/es\/wp-json\/wp\/v2\/product\/49473","targetHints":{"allow":["GET"]}}],"collection":[{"href":"https:\/\/controllab.com\/es\/wp-json\/wp\/v2\/product"}],"about":[{"href":"https:\/\/controllab.com\/es\/wp-json\/wp\/v2\/types\/product"}],"version-history":[{"count":0,"href":"https:\/\/controllab.com\/es\/wp-json\/wp\/v2\/product\/49473\/revisions"}],"wp:featuredmedia":[{"embeddable":true,"href":"https:\/\/controllab.com\/es\/wp-json\/wp\/v2\/media\/49662"}],"wp:attachment":[{"href":"https:\/\/controllab.com\/es\/wp-json\/wp\/v2\/media?parent=49473"}],"wp:term":[{"taxonomy":"product_brand","embeddable":true,"href":"https:\/\/controllab.com\/es\/wp-json\/wp\/v2\/product_brand?post=49473"},{"taxonomy":"product_cat","embeddable":true,"href":"https:\/\/controllab.com\/es\/wp-json\/wp\/v2\/product_cat?post=49473"},{"taxonomy":"product_tag","embeddable":true,"href":"https:\/\/controllab.com\/es\/wp-json\/wp\/v2\/product_tag?post=49473"}],"curies":[{"name":"wp","href":"https:\/\/api.w.org\/{rel}","templated":true}]}}