{"id":49744,"date":"2024-09-10T09:22:36","date_gmt":"2024-09-10T12:22:36","guid":{"rendered":"https:\/\/controllab.com\/programa\/cultivos-de-vigilancia-epidemiologica-cve\/"},"modified":"2024-09-10T17:35:18","modified_gmt":"2024-09-10T20:35:18","slug":"cultivos-de-vigilancia-pidemiologica-cve","status":"publish","type":"product","link":"https:\/\/controllab.com\/es\/programa\/cultivos-de-vigilancia-pidemiologica-cve\/","title":{"rendered":"Cultivos de Vigilancia Epidemiol\u00f3gica (CVE)"},"content":{"rendered":"\t\t<div data-elementor-type=\"product-post\" data-elementor-id=\"49744\" class=\"elementor elementor-49744 elementor-14024\" data-elementor-post-type=\"product\">\n\t\t\t\t\t\t<section class=\"has_ae_slider elementor-section elementor-top-section elementor-element elementor-element-94809b8 elementor-section-boxed elementor-section-height-default elementor-section-height-default ae-bg-gallery-type-default\" data-id=\"94809b8\" data-element_type=\"section\" data-e-type=\"section\">\n\t\t\t\t\t\t<div class=\"elementor-container elementor-column-gap-default\">\n\t\t\t\t\t<div class=\"has_ae_slider elementor-column elementor-col-100 elementor-top-column elementor-element elementor-element-52057be ae-bg-gallery-type-default\" data-id=\"52057be\" data-element_type=\"column\" data-e-type=\"column\">\n\t\t\t<div class=\"elementor-widget-wrap elementor-element-populated\">\n\t\t\t\t\t\t<div class=\"elementor-element elementor-element-2e5d8f6 elementor-widget elementor-widget-text-editor\" data-id=\"2e5d8f6\" data-element_type=\"widget\" data-e-type=\"widget\" data-widget_type=\"text-editor.default\">\n\t\t\t\t<div class=\"elementor-widget-container\">\n\t\t\t\t\t\t\t\t\t<ul><li><strong>Cultivo de Vigilancia Epidemiol\u00f3gica Candida auris<\/strong><\/li><\/ul><p>\u00a0Investigaci\u00f3n del <em>Candida auris<\/em><\/p><ul><li><strong>Vigilancia Epidemiol\u00f3gica Detecci\u00f3n en Cultivo de Carbapenemasas (CARBA)<\/strong><\/li><\/ul><p>Investigaci\u00f3n del microorganismos resistentes a los carbapenems<\/p><ul><li><strong>Cultivo de Vigilancia Epidemiol\u00f3gica (ESBL)<\/strong><\/li><\/ul><p>Investigaci\u00f3n del enterobacterias productoras de betalactamasas de espectro extendido<\/p><ul><li><strong>Cultivo de Vigilancia Epidemiol\u00f3gica (GBS)<\/strong><\/li><\/ul><p>\u00a0Investigaci\u00f3n del estreptococo del grupo B (GBS)<\/p><ul><li><strong>Cultivos de Vigilancia Epidemiol\u00f3gica Microorganismos resistentes al CAZ-AVI<\/strong><\/li><\/ul><p>Investigaci\u00f3n del microorganismos resistentes CAZ-AVI<\/p><ul><li><strong>Cultivo de Vigilancia Epidemiol\u00f3gica (<span style=\"font-family: 'Open Sans', -apple-system, BlinkMacSystemFont, 'Segoe UI', Roboto, Oxygen-Sans, Ubuntu, Cantarell, 'Helvetica Neue', sans-serif;font-size: 14px;font-style: normal\">MRSA\/ORSA<\/span>)<\/strong><\/li><\/ul><p>\u00a0Investigaci\u00f3n para Staphylococcus aureus resistente a la meticilina<\/p><ul><li><strong>Cultivos de Vigilancia Epidemiol\u00f3gica Microorganismos resistentes al polimixina<\/strong><\/li><\/ul><p>Investigaci\u00f3n del microorganismos resistentes polimixina<\/p><ul><li><strong>Cultivo de Vigilancia Epidemiol\u00f3gica (VRE)<\/strong><\/li><\/ul><p>Investigaci\u00f3n del enterococos resistentes a la vancomicina<\/p>\t\t\t\t\t\t\t\t<\/div>\n\t\t\t\t<\/div>\n\t\t\t\t\t<\/div>\n\t\t<\/div>\n\t\t\t\t\t<\/div>\n\t\t<\/section>\n\t\t\t\t<\/div>\n\t\t","protected":false},"excerpt":{"rendered":"<p>Vigilancia Epidemiol\u00f3gica Detecci\u00f3n en Cultivo de Carbapenemasas (CARBA) Investigaci\u00f3n de microorganismos resistentes a los carbapenems Cultivo de Vigilancia Epidemiol\u00f3gica (ESBL) Investigaci\u00f3n de enterobacterias productoras de betalactamasas<span class=\"excerpt-hellip\"> [\u2026]<\/span><\/p>\n","protected":false},"featured_media":85401,"template":"","meta":{"_acf_changed":false},"product_brand":[],"product_cat":[440,436,2494],"product_tag":[],"class_list":{"0":"post-49744","1":"product","2":"type-product","3":"status-publish","4":"has-post-thumbnail","6":"product_cat-clinico-es","7":"product_cat-ep-es","8":"product_cat-microbiologia-clinica-es","9":"tm-has-options","11":"first","12":"instock","13":"taxable","14":"shipping-taxable","15":"purchasable","16":"product-type-simple"},"acf":[],"_links":{"self":[{"href":"https:\/\/controllab.com\/es\/wp-json\/wp\/v2\/product\/49744","targetHints":{"allow":["GET"]}}],"collection":[{"href":"https:\/\/controllab.com\/es\/wp-json\/wp\/v2\/product"}],"about":[{"href":"https:\/\/controllab.com\/es\/wp-json\/wp\/v2\/types\/product"}],"version-history":[{"count":0,"href":"https:\/\/controllab.com\/es\/wp-json\/wp\/v2\/product\/49744\/revisions"}],"wp:featuredmedia":[{"embeddable":true,"href":"https:\/\/controllab.com\/es\/wp-json\/wp\/v2\/media\/85401"}],"wp:attachment":[{"href":"https:\/\/controllab.com\/es\/wp-json\/wp\/v2\/media?parent=49744"}],"wp:term":[{"taxonomy":"product_brand","embeddable":true,"href":"https:\/\/controllab.com\/es\/wp-json\/wp\/v2\/product_brand?post=49744"},{"taxonomy":"product_cat","embeddable":true,"href":"https:\/\/controllab.com\/es\/wp-json\/wp\/v2\/product_cat?post=49744"},{"taxonomy":"product_tag","embeddable":true,"href":"https:\/\/controllab.com\/es\/wp-json\/wp\/v2\/product_tag?post=49744"}],"curies":[{"name":"wp","href":"https:\/\/api.w.org\/{rel}","templated":true}]}}