{"id":51402,"date":"2021-10-08T16:05:39","date_gmt":"2021-10-08T19:05:39","guid":{"rendered":"https:\/\/controllab.com\/?post_type=product&#038;p=51402"},"modified":"2025-03-28T11:18:41","modified_gmt":"2025-03-28T14:18:41","slug":"legionella-biologia-molecular","status":"publish","type":"product","link":"https:\/\/controllab.com\/es\/programa\/legionella-biologia-molecular\/","title":{"rendered":"Legionella &#8211; Biolog\u00eda Molecular"},"content":{"rendered":"\t\t<div data-elementor-type=\"product-post\" data-elementor-id=\"51402\" class=\"elementor elementor-51402 elementor-51400\" data-elementor-post-type=\"product\">\n\t\t\t\t\t\t<section class=\"has_ae_slider elementor-section elementor-top-section elementor-element elementor-element-b8fbc7f elementor-section-boxed elementor-section-height-default elementor-section-height-default ae-bg-gallery-type-default\" data-id=\"b8fbc7f\" data-element_type=\"section\" data-e-type=\"section\">\n\t\t\t\t\t\t<div class=\"elementor-container elementor-column-gap-default\">\n\t\t\t\t\t<div class=\"has_ae_slider elementor-column elementor-col-100 elementor-top-column elementor-element elementor-element-dc880ce ae-bg-gallery-type-default\" data-id=\"dc880ce\" data-element_type=\"column\" data-e-type=\"column\">\n\t\t\t<div class=\"elementor-widget-wrap elementor-element-populated\">\n\t\t\t\t\t\t<div class=\"elementor-element elementor-element-317b3ca elementor-widget elementor-widget-text-editor\" data-id=\"317b3ca\" data-element_type=\"widget\" data-e-type=\"widget\" data-widget_type=\"text-editor.default\">\n\t\t\t\t<div class=\"elementor-widget-container\">\n\t\t\t\t\t\t\t\t\t<p><strong>El programa incluye t\u00e9cnicas moleculares basadas en la PCR. <\/strong><br \/>Las muestras contienen el genoma completo del microorganismo.<\/p><p><strong>Detecci\u00f3n por Biolog\u00eda Molecular de:<\/strong><\/p><ul><li><em>Legionella<\/em> sp.<\/li><li><em>Legionella pneumophila<\/em><\/li><\/ul>\t\t\t\t\t\t\t\t<\/div>\n\t\t\t\t<\/div>\n\t\t\t\t\t<\/div>\n\t\t<\/div>\n\t\t\t\t\t<\/div>\n\t\t<\/section>\n\t\t\t\t<\/div>\n\t\t","protected":false},"excerpt":{"rendered":"<p>El programa incluye t\u00e9cnicas moleculares basadas en la PCR. Las muestras contienen el genoma completo del microorganismo. Detecci\u00f3n por Biolog\u00eda Molecular de: Legionella sp. Legionella pneumophila<\/p>\n","protected":false},"featured_media":62176,"template":"","meta":{"_acf_changed":false},"product_brand":[],"product_cat":[440,436,492],"product_tag":[],"class_list":{"0":"post-51402","1":"product","2":"type-product","3":"status-publish","4":"has-post-thumbnail","6":"product_cat-clinico-es","7":"product_cat-ep-es","8":"product_cat-genetica-biologia-molecular","9":"tm-has-options","11":"first","12":"instock","13":"taxable","14":"shipping-taxable","15":"purchasable","16":"product-type-simple"},"acf":[],"_links":{"self":[{"href":"https:\/\/controllab.com\/es\/wp-json\/wp\/v2\/product\/51402","targetHints":{"allow":["GET"]}}],"collection":[{"href":"https:\/\/controllab.com\/es\/wp-json\/wp\/v2\/product"}],"about":[{"href":"https:\/\/controllab.com\/es\/wp-json\/wp\/v2\/types\/product"}],"version-history":[{"count":2,"href":"https:\/\/controllab.com\/es\/wp-json\/wp\/v2\/product\/51402\/revisions"}],"predecessor-version":[{"id":182674,"href":"https:\/\/controllab.com\/es\/wp-json\/wp\/v2\/product\/51402\/revisions\/182674"}],"wp:featuredmedia":[{"embeddable":true,"href":"https:\/\/controllab.com\/es\/wp-json\/wp\/v2\/media\/62176"}],"wp:attachment":[{"href":"https:\/\/controllab.com\/es\/wp-json\/wp\/v2\/media?parent=51402"}],"wp:term":[{"taxonomy":"product_brand","embeddable":true,"href":"https:\/\/controllab.com\/es\/wp-json\/wp\/v2\/product_brand?post=51402"},{"taxonomy":"product_cat","embeddable":true,"href":"https:\/\/controllab.com\/es\/wp-json\/wp\/v2\/product_cat?post=51402"},{"taxonomy":"product_tag","embeddable":true,"href":"https:\/\/controllab.com\/es\/wp-json\/wp\/v2\/product_tag?post=51402"}],"curies":[{"name":"wp","href":"https:\/\/api.w.org\/{rel}","templated":true}]}}