{"id":60456,"date":"2021-01-04T15:20:33","date_gmt":"2021-01-04T18:20:33","guid":{"rendered":"https:\/\/controllab.com\/?post_type=product&#038;p=60456"},"modified":"2024-08-08T14:01:56","modified_gmt":"2024-08-08T17:01:56","slug":"aminoacidos-plasma","status":"publish","type":"product","link":"https:\/\/controllab.com\/es\/programa\/aminoacidos-plasma\/","title":{"rendered":"Amino\u00e1cidos &#8211; Plasma"},"content":{"rendered":"\t\t<div data-elementor-type=\"product-post\" data-elementor-id=\"60456\" class=\"elementor elementor-60456 elementor-14558\" data-elementor-post-type=\"product\">\n\t\t\t\t\t\t<section class=\"has_ae_slider elementor-section elementor-top-section elementor-element elementor-element-f35d108 elementor-section-boxed elementor-section-height-default elementor-section-height-default ae-bg-gallery-type-default\" data-id=\"f35d108\" data-element_type=\"section\" data-e-type=\"section\">\n\t\t\t\t\t\t<div class=\"elementor-container elementor-column-gap-default\">\n\t\t\t\t\t<div class=\"has_ae_slider elementor-column elementor-col-33 elementor-top-column elementor-element elementor-element-90059b7 ae-bg-gallery-type-default\" data-id=\"90059b7\" data-element_type=\"column\" data-e-type=\"column\">\n\t\t\t<div class=\"elementor-widget-wrap elementor-element-populated\">\n\t\t\t\t\t\t<div class=\"elementor-element elementor-element-4f79155 elementor-widget elementor-widget-text-editor\" data-id=\"4f79155\" data-element_type=\"widget\" data-e-type=\"widget\" data-widget_type=\"text-editor.default\">\n\t\t\t\t<div class=\"elementor-widget-container\">\n\t\t\t\t\t\t\t\t\t<ul><li>\u00c1cido Asp\u00e1rtico<\/li><li>\u00c1cido Glut\u00e1mico<\/li><li>Alanina<\/li><li>Arginina<\/li><li>Asparagina<\/li><li>Citrulina<\/li><li>Fenilalanina<\/li><\/ul>\t\t\t\t\t\t\t\t<\/div>\n\t\t\t\t<\/div>\n\t\t\t\t\t<\/div>\n\t\t<\/div>\n\t\t\t\t<div class=\"has_ae_slider elementor-column elementor-col-33 elementor-top-column elementor-element elementor-element-56ad255 ae-bg-gallery-type-default\" data-id=\"56ad255\" data-element_type=\"column\" data-e-type=\"column\">\n\t\t\t<div class=\"elementor-widget-wrap elementor-element-populated\">\n\t\t\t\t\t\t<div class=\"elementor-element elementor-element-31572f4 elementor-widget elementor-widget-text-editor\" data-id=\"31572f4\" data-element_type=\"widget\" data-e-type=\"widget\" data-widget_type=\"text-editor.default\">\n\t\t\t\t<div class=\"elementor-widget-container\">\n\t\t\t\t\t\t\t\t\t<ul><li>Glicina<\/li><li>Glutamina<\/li><li>Hidroxiprolina<\/li><li>Histidina<\/li><li>Isoleucina<\/li><li>Leucina<\/li><li>Lisina<\/li><li>Metionina<\/li><li>Ornitina<\/li><\/ul>\t\t\t\t\t\t\t\t<\/div>\n\t\t\t\t<\/div>\n\t\t\t\t\t<\/div>\n\t\t<\/div>\n\t\t\t\t<div class=\"has_ae_slider elementor-column elementor-col-33 elementor-top-column elementor-element elementor-element-da439ac ae-bg-gallery-type-default\" data-id=\"da439ac\" data-element_type=\"column\" data-e-type=\"column\">\n\t\t\t<div class=\"elementor-widget-wrap elementor-element-populated\">\n\t\t\t\t\t\t<div class=\"elementor-element elementor-element-49fcff8 elementor-widget elementor-widget-text-editor\" data-id=\"49fcff8\" data-element_type=\"widget\" data-e-type=\"widget\" data-widget_type=\"text-editor.default\">\n\t\t\t\t<div class=\"elementor-widget-container\">\n\t\t\t\t\t\t\t\t\t<ul><li>Prolina<\/li><li>Serina<\/li><li>Taurina<\/li><li>Tirosina<\/li><li>Treonina<\/li><li>Tript\u00f3fano<\/li><li>Valina<\/li><\/ul>\t\t\t\t\t\t\t\t<\/div>\n\t\t\t\t<\/div>\n\t\t\t\t\t<\/div>\n\t\t<\/div>\n\t\t\t\t\t<\/div>\n\t\t<\/section>\n\t\t\t\t<\/div>\n\t\t","protected":false},"excerpt":{"rendered":"<p>\u00c1cido Asp\u00e1rtico \u00c1cido Glut\u00e1mico Alanina Arginina Asparagina Citrulina Fenilalanina Glicina Glutamina Hidroxiprolina Histidina Isoleucina Leucina Lisina Metionina Ornitina Prolina Serina Taurina Tirosina Treonina Tript\u00f3fano Valina<\/p>\n","protected":false},"featured_media":60454,"template":"","meta":{"_acf_changed":false},"product_brand":[],"product_cat":[440,436,443],"product_tag":[],"class_list":{"0":"post-60456","1":"product","2":"type-product","3":"status-publish","4":"has-post-thumbnail","6":"product_cat-clinico-es","7":"product_cat-ep-es","8":"product_cat-quimica-clinica-es-2","9":"tm-has-options","11":"first","12":"instock","13":"taxable","14":"shipping-taxable","15":"purchasable","16":"product-type-simple"},"acf":[],"_links":{"self":[{"href":"https:\/\/controllab.com\/es\/wp-json\/wp\/v2\/product\/60456","targetHints":{"allow":["GET"]}}],"collection":[{"href":"https:\/\/controllab.com\/es\/wp-json\/wp\/v2\/product"}],"about":[{"href":"https:\/\/controllab.com\/es\/wp-json\/wp\/v2\/types\/product"}],"version-history":[{"count":0,"href":"https:\/\/controllab.com\/es\/wp-json\/wp\/v2\/product\/60456\/revisions"}],"wp:featuredmedia":[{"embeddable":true,"href":"https:\/\/controllab.com\/es\/wp-json\/wp\/v2\/media\/60454"}],"wp:attachment":[{"href":"https:\/\/controllab.com\/es\/wp-json\/wp\/v2\/media?parent=60456"}],"wp:term":[{"taxonomy":"product_brand","embeddable":true,"href":"https:\/\/controllab.com\/es\/wp-json\/wp\/v2\/product_brand?post=60456"},{"taxonomy":"product_cat","embeddable":true,"href":"https:\/\/controllab.com\/es\/wp-json\/wp\/v2\/product_cat?post=60456"},{"taxonomy":"product_tag","embeddable":true,"href":"https:\/\/controllab.com\/es\/wp-json\/wp\/v2\/product_tag?post=60456"}],"curies":[{"name":"wp","href":"https:\/\/api.w.org\/{rel}","templated":true}]}}