{"id":60463,"date":"2020-10-27T13:27:53","date_gmt":"2020-10-27T16:27:53","guid":{"rendered":"https:\/\/controllab.com\/?post_type=product&#038;p=60463"},"modified":"2024-09-18T16:01:22","modified_gmt":"2024-09-18T19:01:22","slug":"aminoacidos-urina","status":"publish","type":"product","link":"https:\/\/controllab.com\/es\/programa\/aminoacidos-urina\/","title":{"rendered":"Amino\u00e1cidos &#8211; Orina"},"content":{"rendered":"\t\t<div data-elementor-type=\"product-post\" data-elementor-id=\"60463\" class=\"elementor elementor-60463 elementor-559\" data-elementor-post-type=\"product\">\n\t\t\t\t\t\t<section class=\"has_ae_slider elementor-section elementor-top-section elementor-element elementor-element-4656cb41 elementor-section-boxed elementor-section-height-default elementor-section-height-default ae-bg-gallery-type-default\" data-id=\"4656cb41\" data-element_type=\"section\" data-e-type=\"section\">\n\t\t\t\t\t\t<div class=\"elementor-container elementor-column-gap-default\">\n\t\t\t\t\t<div class=\"has_ae_slider elementor-column elementor-col-100 elementor-top-column elementor-element elementor-element-7b3c92f4 ae-bg-gallery-type-default\" data-id=\"7b3c92f4\" data-element_type=\"column\" data-e-type=\"column\">\n\t\t\t<div class=\"elementor-widget-wrap elementor-element-populated\">\n\t\t\t\t\t\t<div class=\"elementor-element elementor-element-70481c26 elementor-widget elementor-widget-text-editor\" data-id=\"70481c26\" data-element_type=\"widget\" data-e-type=\"widget\" data-widget_type=\"text-editor.default\">\n\t\t\t\t<div class=\"elementor-widget-container\">\n\t\t\t\t\t\t\t\t\t<ul><li>\u00c1cido Asp\u00e1rtico<\/li><li>\u00c1cido Glut\u00e1mico<\/li><li>Alanina<\/li><li>Arginina<\/li><li>Asparagina<\/li><li>Citrulina<\/li><li>Fenilalanina<\/li><li>Glicina<\/li><li>Glutamina<\/li><li>Hidroxiprolina<\/li><li>Histidina<\/li><li>Isoleucina<\/li><li>Leucina<\/li><li>Lisina<\/li><li>Metionina<\/li><li>Ornitina<\/li><li>Prolina<\/li><li>Serina<\/li><li>Taurina<\/li><li>Tirosina<\/li><li>Treonina<\/li><li>Tript\u00f3fano<\/li><li>Valina<\/li><\/ul>\t\t\t\t\t\t\t\t<\/div>\n\t\t\t\t<\/div>\n\t\t\t\t\t<\/div>\n\t\t<\/div>\n\t\t\t\t\t<\/div>\n\t\t<\/section>\n\t\t\t\t<\/div>\n\t\t","protected":false},"excerpt":{"rendered":"<p>\u00c1cido Asp\u00e1rtico \u00c1cido Glut\u00e1mico Alanina Arginina Asparagina Citrulina Fenilalanina Glicina Glutamina Hidroxiprolina Histidina Isoleucina Leucina Lisina Metionina Ornitina Prolina Serina Taurina Tirosina Treonina Tript\u00f3fano Valina<\/p>\n","protected":false},"featured_media":60454,"template":"","meta":{"_acf_changed":false},"product_brand":[],"product_cat":[440,436,435],"product_tag":[],"class_list":{"0":"post-60463","1":"product","2":"type-product","3":"status-publish","4":"has-post-thumbnail","6":"product_cat-clinico-es","7":"product_cat-ep-es","8":"product_cat-urinalisis","9":"tm-has-options","11":"first","12":"instock","13":"taxable","14":"shipping-taxable","15":"purchasable","16":"product-type-simple"},"acf":[],"_links":{"self":[{"href":"https:\/\/controllab.com\/es\/wp-json\/wp\/v2\/product\/60463","targetHints":{"allow":["GET"]}}],"collection":[{"href":"https:\/\/controllab.com\/es\/wp-json\/wp\/v2\/product"}],"about":[{"href":"https:\/\/controllab.com\/es\/wp-json\/wp\/v2\/types\/product"}],"version-history":[{"count":0,"href":"https:\/\/controllab.com\/es\/wp-json\/wp\/v2\/product\/60463\/revisions"}],"wp:featuredmedia":[{"embeddable":true,"href":"https:\/\/controllab.com\/es\/wp-json\/wp\/v2\/media\/60454"}],"wp:attachment":[{"href":"https:\/\/controllab.com\/es\/wp-json\/wp\/v2\/media?parent=60463"}],"wp:term":[{"taxonomy":"product_brand","embeddable":true,"href":"https:\/\/controllab.com\/es\/wp-json\/wp\/v2\/product_brand?post=60463"},{"taxonomy":"product_cat","embeddable":true,"href":"https:\/\/controllab.com\/es\/wp-json\/wp\/v2\/product_cat?post=60463"},{"taxonomy":"product_tag","embeddable":true,"href":"https:\/\/controllab.com\/es\/wp-json\/wp\/v2\/product_tag?post=60463"}],"curies":[{"name":"wp","href":"https:\/\/api.w.org\/{rel}","templated":true}]}}