{"id":60700,"date":"2021-01-07T13:53:34","date_gmt":"2021-01-07T16:53:34","guid":{"rendered":"https:\/\/controllab.com\/?post_type=product&#038;p=60700"},"modified":"2024-09-18T16:20:46","modified_gmt":"2024-09-18T19:20:46","slug":"coprologia-funcional-i","status":"publish","type":"product","link":"https:\/\/controllab.com\/es\/programa\/coprologia-funcional-i\/","title":{"rendered":"Coprolog\u00eda Funcional I"},"content":{"rendered":"\t\t<div data-elementor-type=\"product-post\" data-elementor-id=\"60700\" class=\"elementor elementor-60700 elementor-18178\" data-elementor-post-type=\"product\">\n\t\t\t\t\t\t<section class=\"has_ae_slider elementor-section elementor-top-section elementor-element elementor-element-f35d108 elementor-section-boxed elementor-section-height-default elementor-section-height-default ae-bg-gallery-type-default\" data-id=\"f35d108\" data-element_type=\"section\" data-e-type=\"section\">\n\t\t\t\t\t\t<div class=\"elementor-container elementor-column-gap-default\">\n\t\t\t\t\t<div class=\"has_ae_slider elementor-column elementor-col-100 elementor-top-column elementor-element elementor-element-90059b7 ae-bg-gallery-type-default\" data-id=\"90059b7\" data-element_type=\"column\" data-e-type=\"column\">\n\t\t\t<div class=\"elementor-widget-wrap elementor-element-populated\">\n\t\t\t\t\t\t<div class=\"elementor-element elementor-element-1f09380 elementor-widget elementor-widget-text-editor\" data-id=\"1f09380\" data-element_type=\"widget\" data-e-type=\"widget\" data-widget_type=\"text-editor.default\">\n\t\t\t\t<div class=\"elementor-widget-container\">\n\t\t\t\t\t\t\t\t\t<p><strong>Tinci\u00f3n de Lugol para<\/strong> <strong>identificar<\/strong><\/p>\t\t\t\t\t\t\t\t<\/div>\n\t\t\t\t<\/div>\n\t\t\t\t<div class=\"elementor-element elementor-element-83f6fc0 elementor-widget elementor-widget-text-editor\" data-id=\"83f6fc0\" data-element_type=\"widget\" data-e-type=\"widget\" data-widget_type=\"text-editor.default\">\n\t\t\t\t<div class=\"elementor-widget-container\">\n\t\t\t\t\t\t\t\t\t<ul><li>Par\u00e1sito<\/li><li>Fibra muscular bien digerida<\/li><li>Tejido conjuntivo<\/li><li>Cristal<\/li><li>Almid\u00f3n crudo<\/li><li>Celulosa digerible<\/li><li>Celulosa no digerible<\/li><li>Fibra muscular mal digerida<\/li><\/ul>\t\t\t\t\t\t\t\t<\/div>\n\t\t\t\t<\/div>\n\t\t\t\t<div class=\"elementor-element elementor-element-4401966 elementor-widget elementor-widget-text-editor\" data-id=\"4401966\" data-element_type=\"widget\" data-e-type=\"widget\" data-widget_type=\"text-editor.default\">\n\t\t\t\t<div class=\"elementor-widget-container\">\n\t\t\t\t\t\t\t\t\t<p><strong>Tinci\u00f3n de Lugol, Azul de Metileno y Panothic para identificar:<\/strong><\/p><ul><li>Leucocitos<\/li><\/ul>\t\t\t\t\t\t\t\t<\/div>\n\t\t\t\t<\/div>\n\t\t\t\t<div class=\"elementor-element elementor-element-d83ca56 elementor-widget elementor-widget-text-editor\" data-id=\"d83ca56\" data-element_type=\"widget\" data-e-type=\"widget\" data-widget_type=\"text-editor.default\">\n\t\t\t\t<div class=\"elementor-widget-container\">\n\t\t\t\t\t\t\t\t\t<p><strong>Tinci\u00f3n de Gram para identificar:<\/strong><\/p><ul><li>Levaduras<\/li><\/ul>\t\t\t\t\t\t\t\t<\/div>\n\t\t\t\t<\/div>\n\t\t\t\t<div class=\"elementor-element elementor-element-657214d elementor-widget elementor-widget-text-editor\" data-id=\"657214d\" data-element_type=\"widget\" data-e-type=\"widget\" data-widget_type=\"text-editor.default\">\n\t\t\t\t<div class=\"elementor-widget-container\">\n\t\t\t\t\t\t\t\t\t<p><strong>Tinci\u00f3n de Lugol y Sudam III para la identificaci\u00f3n de:<\/strong><\/p><ul><li>Grasa neutra<\/li><\/ul>\t\t\t\t\t\t\t\t<\/div>\n\t\t\t\t<\/div>\n\t\t\t\t<div class=\"elementor-element elementor-element-1caedca elementor-widget elementor-widget-text-editor\" data-id=\"1caedca\" data-element_type=\"widget\" data-e-type=\"widget\" data-widget_type=\"text-editor.default\">\n\t\t\t\t<div class=\"elementor-widget-container\">\n\t\t\t\t\t\t\t\t\t<p><strong>Investigaci\u00f3n de:<\/strong><\/p>\t\t\t\t\t\t\t\t<\/div>\n\t\t\t\t<\/div>\n\t\t\t\t<div class=\"elementor-element elementor-element-8d1a243 elementor-widget elementor-widget-text-editor\" data-id=\"8d1a243\" data-element_type=\"widget\" data-e-type=\"widget\" data-widget_type=\"text-editor.default\">\n\t\t\t\t<div class=\"elementor-widget-container\">\n\t\t\t\t\t\t\t\t\t<ul><li>Cuerpos extra\u00f1os<\/li><li>Restos vegetales<\/li><li>Cuerpos reductores<\/li><li>Bilirrubina<\/li><li>Estercobilina<\/li><li>Prote\u00ednas degradadas<\/li><li>Prote\u00ednas no degradadas<\/li><li>Mucina<\/li><li>Alb\u00famina<\/li><li>pH(tira)<\/li><li>Amino\u00e1cidos y amon\u00edaco<\/li><li>\u00c1cidos org\u00e1nicos totales<\/li><li>Grasas<\/li><\/ul>\t\t\t\t\t\t\t\t<\/div>\n\t\t\t\t<\/div>\n\t\t\t\t\t<\/div>\n\t\t<\/div>\n\t\t\t\t\t<\/div>\n\t\t<\/section>\n\t\t\t\t<\/div>\n\t\t","protected":false},"excerpt":{"rendered":"<p>Tinci\u00f3n de Lugol para identificar Par\u00e1sito Fibra muscular bien digerida Tejido conjuntivo Cristal Almid\u00f3n crudo Celulosa digerible Celulosa no digerible Fibra muscular mal digerida Tinci\u00f3n de<span class=\"excerpt-hellip\"> [\u2026]<\/span><\/p>\n","protected":false},"featured_media":75494,"template":"","meta":{"_acf_changed":false},"product_brand":[],"product_cat":[440,528,436],"product_tag":[],"class_list":{"0":"post-60700","1":"product","2":"type-product","3":"status-publish","4":"has-post-thumbnail","6":"product_cat-clinico-es","7":"product_cat-coprologia-sangre-oculta","8":"product_cat-ep-es","9":"tm-has-options","11":"first","12":"instock","13":"taxable","14":"shipping-taxable","15":"purchasable","16":"product-type-simple"},"acf":[],"_links":{"self":[{"href":"https:\/\/controllab.com\/es\/wp-json\/wp\/v2\/product\/60700","targetHints":{"allow":["GET"]}}],"collection":[{"href":"https:\/\/controllab.com\/es\/wp-json\/wp\/v2\/product"}],"about":[{"href":"https:\/\/controllab.com\/es\/wp-json\/wp\/v2\/types\/product"}],"version-history":[{"count":0,"href":"https:\/\/controllab.com\/es\/wp-json\/wp\/v2\/product\/60700\/revisions"}],"wp:featuredmedia":[{"embeddable":true,"href":"https:\/\/controllab.com\/es\/wp-json\/wp\/v2\/media\/75494"}],"wp:attachment":[{"href":"https:\/\/controllab.com\/es\/wp-json\/wp\/v2\/media?parent=60700"}],"wp:term":[{"taxonomy":"product_brand","embeddable":true,"href":"https:\/\/controllab.com\/es\/wp-json\/wp\/v2\/product_brand?post=60700"},{"taxonomy":"product_cat","embeddable":true,"href":"https:\/\/controllab.com\/es\/wp-json\/wp\/v2\/product_cat?post=60700"},{"taxonomy":"product_tag","embeddable":true,"href":"https:\/\/controllab.com\/es\/wp-json\/wp\/v2\/product_tag?post=60700"}],"curies":[{"name":"wp","href":"https:\/\/api.w.org\/{rel}","templated":true}]}}