{"id":62775,"date":"2022-03-06T08:00:01","date_gmt":"2022-03-06T11:00:01","guid":{"rendered":"https:\/\/controllab.com\/programa\/mrc-solucao-tampao-para-ph\/"},"modified":"2024-07-05T08:35:29","modified_gmt":"2024-07-05T11:35:29","slug":"mrc-solucion-tampon-para-ph","status":"publish","type":"product","link":"https:\/\/controllab.com\/es\/programa\/mrc-solucion-tampon-para-ph\/","title":{"rendered":"MRC Soluci\u00f3n Tamp\u00f3n para pH"},"content":{"rendered":"<p>MRC Soluci\u00f3n Tamp\u00f3n para pH 1,7<br \/>\nMRC Soluci\u00f3n Tamp\u00f3n para pH 4,0<br \/>\nMRC Soluci\u00f3n Tamp\u00f3n para pH 6,9<br \/>\nMRC Soluci\u00f3n Tamp\u00f3n para pH 9,2<br \/>\nMRC Soluci\u00f3n Tamp\u00f3n para pH 10,0<\/p>\n","protected":false},"excerpt":{"rendered":"<p>MRC Soluci\u00f3n Tamp\u00f3n para pH 1,7 MRC Soluci\u00f3n Tamp\u00f3n para pH 4,0 MRC Soluci\u00f3n Tamp\u00f3n para pH 6,9 MRC Soluci\u00f3n Tamp\u00f3n para pH 9,2 MRC Soluci\u00f3n<span class=\"excerpt-hellip\"> [\u2026]<\/span><\/p>\n","protected":false},"featured_media":108833,"template":"","meta":{"_acf_changed":false},"product_brand":[],"product_cat":[1073,644,628],"product_tag":[],"class_list":{"0":"post-62775","1":"product","2":"type-product","3":"status-publish","4":"has-post-thumbnail","6":"product_cat-actividad-ionica","7":"product_cat-fisicoquimico","8":"product_cat-materiales-de-referencia-certificados","9":"tm-has-options","11":"first","12":"instock","13":"taxable","14":"shipping-taxable","15":"purchasable","16":"product-type-simple"},"acf":[],"_links":{"self":[{"href":"https:\/\/controllab.com\/es\/wp-json\/wp\/v2\/product\/62775","targetHints":{"allow":["GET"]}}],"collection":[{"href":"https:\/\/controllab.com\/es\/wp-json\/wp\/v2\/product"}],"about":[{"href":"https:\/\/controllab.com\/es\/wp-json\/wp\/v2\/types\/product"}],"version-history":[{"count":0,"href":"https:\/\/controllab.com\/es\/wp-json\/wp\/v2\/product\/62775\/revisions"}],"wp:featuredmedia":[{"embeddable":true,"href":"https:\/\/controllab.com\/es\/wp-json\/wp\/v2\/media\/108833"}],"wp:attachment":[{"href":"https:\/\/controllab.com\/es\/wp-json\/wp\/v2\/media?parent=62775"}],"wp:term":[{"taxonomy":"product_brand","embeddable":true,"href":"https:\/\/controllab.com\/es\/wp-json\/wp\/v2\/product_brand?post=62775"},{"taxonomy":"product_cat","embeddable":true,"href":"https:\/\/controllab.com\/es\/wp-json\/wp\/v2\/product_cat?post=62775"},{"taxonomy":"product_tag","embeddable":true,"href":"https:\/\/controllab.com\/es\/wp-json\/wp\/v2\/product_tag?post=62775"}],"curies":[{"name":"wp","href":"https:\/\/api.w.org\/{rel}","templated":true}]}}