{"id":62789,"date":"2022-03-08T09:32:18","date_gmt":"2022-03-08T12:32:18","guid":{"rendered":"https:\/\/controllab.com\/?post_type=product&#038;p=62789"},"modified":"2024-07-05T08:30:08","modified_gmt":"2024-07-05T11:30:08","slug":"mrc-solucion-de-conductividad-electrolitica","status":"publish","type":"product","link":"https:\/\/controllab.com\/es\/programa\/mrc-solucion-de-conductividad-electrolitica\/","title":{"rendered":"MRC Soluci\u00f3n de Conductividad Electrol\u00edtica"},"content":{"rendered":"<p>MRC Soluci\u00f3n de Conductividad Electrol\u00edtica 1,50 \u00b5S\/cm (1 item) \u2013 MR013<br \/>\nMRC Soluci\u00f3n de Conductividad Electrol\u00edtica 5,00 \u00b5S\/cm (1 item) \u2013 MR014<br \/>\nMRC Soluci\u00f3n de Conductividad Electrol\u00edtica 25,00 \u00b5S\/cm (1 item) \u2013 MR004<br \/>\nMRC Soluci\u00f3n de Conductividad Electrol\u00edtica 50,00 \u00b5S\/cm (1 item) \u2013 MR007<br \/>\nMRC Soluci\u00f3n de Conductividad Electrol\u00edtica 100,0 \u00b5S\/cm (1 item) \u2013 MR001<br \/>\nMRC Soluci\u00f3n de Conductividad Electrol\u00edtica 500,0 \u00b5S\/cm (1 item) \u2013 MR006<br \/>\nMRC Soluci\u00f3n de Conductividad Electrol\u00edtica 1400 \u00b5S\/cm (1 item) \u2013 MR003<br \/>\nMRC Soluci\u00f3n de Conductividad Electrol\u00edtica 5000 \u00b5S\/cm (1 item) \u2013 MR005<br \/>\nMRC Soluci\u00f3n de Conductividad Electrol\u00edtica 12800 \u00b5S\/cm (1 item) \u2013 MR002<\/p>\n","protected":false},"excerpt":{"rendered":"<p>MRC Soluci\u00f3n de Conductividad Electrol\u00edtica 1,50 \u00b5S\/cm (1 item) \u2013 MR013 MRC Soluci\u00f3n de Conductividad Electrol\u00edtica 5,00 \u00b5S\/cm (1 item) \u2013 MR014 MRC Soluci\u00f3n de Conductividad<span class=\"excerpt-hellip\"> [\u2026]<\/span><\/p>\n","protected":false},"featured_media":108830,"template":"","meta":{"_acf_changed":false},"product_brand":[],"product_cat":[1073,644,628],"product_tag":[],"class_list":{"0":"post-62789","1":"product","2":"type-product","3":"status-publish","4":"has-post-thumbnail","6":"product_cat-actividad-ionica","7":"product_cat-fisicoquimico","8":"product_cat-materiales-de-referencia-certificados","9":"tm-has-options","11":"first","12":"instock","13":"taxable","14":"shipping-taxable","15":"purchasable","16":"product-type-simple"},"acf":[],"_links":{"self":[{"href":"https:\/\/controllab.com\/es\/wp-json\/wp\/v2\/product\/62789","targetHints":{"allow":["GET"]}}],"collection":[{"href":"https:\/\/controllab.com\/es\/wp-json\/wp\/v2\/product"}],"about":[{"href":"https:\/\/controllab.com\/es\/wp-json\/wp\/v2\/types\/product"}],"version-history":[{"count":0,"href":"https:\/\/controllab.com\/es\/wp-json\/wp\/v2\/product\/62789\/revisions"}],"wp:featuredmedia":[{"embeddable":true,"href":"https:\/\/controllab.com\/es\/wp-json\/wp\/v2\/media\/108830"}],"wp:attachment":[{"href":"https:\/\/controllab.com\/es\/wp-json\/wp\/v2\/media?parent=62789"}],"wp:term":[{"taxonomy":"product_brand","embeddable":true,"href":"https:\/\/controllab.com\/es\/wp-json\/wp\/v2\/product_brand?post=62789"},{"taxonomy":"product_cat","embeddable":true,"href":"https:\/\/controllab.com\/es\/wp-json\/wp\/v2\/product_cat?post=62789"},{"taxonomy":"product_tag","embeddable":true,"href":"https:\/\/controllab.com\/es\/wp-json\/wp\/v2\/product_tag?post=62789"}],"curies":[{"name":"wp","href":"https:\/\/api.w.org\/{rel}","templated":true}]}}