{"id":63299,"date":"2021-05-26T14:12:37","date_gmt":"2021-05-26T17:12:37","guid":{"rendered":"https:\/\/controllab.com\/?post_type=product&#038;p=63299"},"modified":"2025-03-31T09:00:46","modified_gmt":"2025-03-31T12:00:46","slug":"sequenciamento-deteccao-do-genoma-bacteriano","status":"publish","type":"product","link":"https:\/\/controllab.com\/es\/programa\/sequenciamento-deteccao-do-genoma-bacteriano\/","title":{"rendered":"Secuenciac\u00edon : Detecc\u00edon del Genoma Bacteriano"},"content":{"rendered":"\t\t<div data-elementor-type=\"product-post\" data-elementor-id=\"63299\" class=\"elementor elementor-63299 elementor-41284\" data-elementor-post-type=\"product\">\n\t\t\t\t\t\t<section class=\"has_ae_slider elementor-section elementor-top-section elementor-element elementor-element-7e97add elementor-section-boxed elementor-section-height-default elementor-section-height-default ae-bg-gallery-type-default\" data-id=\"7e97add\" data-element_type=\"section\" data-e-type=\"section\">\n\t\t\t\t\t\t<div class=\"elementor-container elementor-column-gap-default\">\n\t\t\t\t\t<div class=\"has_ae_slider elementor-column elementor-col-100 elementor-top-column elementor-element elementor-element-e6a25a1 ae-bg-gallery-type-default\" data-id=\"e6a25a1\" data-element_type=\"column\" data-e-type=\"column\">\n\t\t\t<div class=\"elementor-widget-wrap elementor-element-populated\">\n\t\t\t\t\t\t<div class=\"elementor-element elementor-element-5bdd2d3 elementor-widget elementor-widget-text-editor\" data-id=\"5bdd2d3\" data-element_type=\"widget\" data-e-type=\"widget\" data-widget_type=\"text-editor.default\">\n\t\t\t\t<div class=\"elementor-widget-container\">\n\t\t\t\t\t\t\t\t\t<p><strong>El programa incluye t\u00e9cnicas moleculares basadas en la PCR.<\/strong><br \/>Las muestras contienen el genoma completo del microorganismo.<\/p><ul><li>Identificac\u00edon de bacterias mediante secuenciaci\u00f3n.<\/li><\/ul>\t\t\t\t\t\t\t\t<\/div>\n\t\t\t\t<\/div>\n\t\t\t\t\t<\/div>\n\t\t<\/div>\n\t\t\t\t\t<\/div>\n\t\t<\/section>\n\t\t\t\t<\/div>\n\t\t","protected":false},"excerpt":{"rendered":"<p>El programa incluye t\u00e9cnicas moleculares basadas en la PCR.Las muestras contienen el genoma completo del microorganismo. Identificac\u00edon de bacterias mediante secuenciaci\u00f3n.<\/p>\n","protected":false},"featured_media":62176,"template":"","meta":{"_acf_changed":false},"product_brand":[],"product_cat":[440,436,492],"product_tag":[],"class_list":{"0":"post-63299","1":"product","2":"type-product","3":"status-publish","4":"has-post-thumbnail","6":"product_cat-clinico-es","7":"product_cat-ep-es","8":"product_cat-genetica-biologia-molecular","9":"tm-has-options","11":"first","12":"instock","13":"taxable","14":"shipping-taxable","15":"purchasable","16":"product-type-simple"},"acf":[],"_links":{"self":[{"href":"https:\/\/controllab.com\/es\/wp-json\/wp\/v2\/product\/63299","targetHints":{"allow":["GET"]}}],"collection":[{"href":"https:\/\/controllab.com\/es\/wp-json\/wp\/v2\/product"}],"about":[{"href":"https:\/\/controllab.com\/es\/wp-json\/wp\/v2\/types\/product"}],"version-history":[{"count":2,"href":"https:\/\/controllab.com\/es\/wp-json\/wp\/v2\/product\/63299\/revisions"}],"predecessor-version":[{"id":182737,"href":"https:\/\/controllab.com\/es\/wp-json\/wp\/v2\/product\/63299\/revisions\/182737"}],"wp:featuredmedia":[{"embeddable":true,"href":"https:\/\/controllab.com\/es\/wp-json\/wp\/v2\/media\/62176"}],"wp:attachment":[{"href":"https:\/\/controllab.com\/es\/wp-json\/wp\/v2\/media?parent=63299"}],"wp:term":[{"taxonomy":"product_brand","embeddable":true,"href":"https:\/\/controllab.com\/es\/wp-json\/wp\/v2\/product_brand?post=63299"},{"taxonomy":"product_cat","embeddable":true,"href":"https:\/\/controllab.com\/es\/wp-json\/wp\/v2\/product_cat?post=63299"},{"taxonomy":"product_tag","embeddable":true,"href":"https:\/\/controllab.com\/es\/wp-json\/wp\/v2\/product_tag?post=63299"}],"curies":[{"name":"wp","href":"https:\/\/api.w.org\/{rel}","templated":true}]}}