{"id":63322,"date":"2021-05-26T14:21:32","date_gmt":"2021-05-26T17:21:32","guid":{"rendered":"https:\/\/controllab.com\/?post_type=product&#038;p=63322"},"modified":"2025-03-28T13:12:41","modified_gmt":"2025-03-28T16:12:41","slug":"sequenciamento-deteccao-do-genoma-de-fungos-e-leveduras","status":"publish","type":"product","link":"https:\/\/controllab.com\/es\/programa\/sequenciamento-deteccao-do-genoma-de-fungos-e-leveduras\/","title":{"rendered":"Secuenciaci\u00f3n: Detecci\u00f3n del Genoma de Hongos y Levaduras"},"content":{"rendered":"\t\t<div data-elementor-type=\"product-post\" data-elementor-id=\"63322\" class=\"elementor elementor-63322 elementor-41289\" data-elementor-post-type=\"product\">\n\t\t\t\t\t\t<section class=\"has_ae_slider elementor-section elementor-top-section elementor-element elementor-element-52cf17d elementor-section-boxed elementor-section-height-default elementor-section-height-default ae-bg-gallery-type-default\" data-id=\"52cf17d\" data-element_type=\"section\" data-e-type=\"section\">\n\t\t\t\t\t\t<div class=\"elementor-container elementor-column-gap-default\">\n\t\t\t\t\t<div class=\"has_ae_slider elementor-column elementor-col-100 elementor-top-column elementor-element elementor-element-18e1b36 ae-bg-gallery-type-default\" data-id=\"18e1b36\" data-element_type=\"column\" data-e-type=\"column\">\n\t\t\t<div class=\"elementor-widget-wrap elementor-element-populated\">\n\t\t\t\t\t\t<div class=\"elementor-element elementor-element-b5c4480 elementor-widget elementor-widget-text-editor\" data-id=\"b5c4480\" data-element_type=\"widget\" data-e-type=\"widget\" data-widget_type=\"text-editor.default\">\n\t\t\t\t<div class=\"elementor-widget-container\">\n\t\t\t\t\t\t\t\t\t<p><strong>El programa incluye t\u00e9cnicas moleculares basadas en la PCR.<\/strong><br \/>Las muestras contienen el genoma completo del microorganismo.<\/p><p>Identificaci\u00f3n de Hongos y Levaduras Mediante Secuenciaci\u00f3n.<\/p>\t\t\t\t\t\t\t\t<\/div>\n\t\t\t\t<\/div>\n\t\t\t\t\t<\/div>\n\t\t<\/div>\n\t\t\t\t\t<\/div>\n\t\t<\/section>\n\t\t\t\t<\/div>\n\t\t","protected":false},"excerpt":{"rendered":"<p>El programa incluye t\u00e9cnicas moleculares basadas en la PCR.Las muestras contienen el genoma completo del microorganismo. Identificaci\u00f3n de Hongos y Levaduras Mediante Secuenciaci\u00f3n.<\/p>\n","protected":false},"featured_media":60721,"template":"","meta":{"_acf_changed":false},"product_brand":[],"product_cat":[440,436,492],"product_tag":[],"class_list":{"0":"post-63322","1":"product","2":"type-product","3":"status-publish","4":"has-post-thumbnail","6":"product_cat-clinico-es","7":"product_cat-ep-es","8":"product_cat-genetica-biologia-molecular","9":"tm-has-options","11":"first","12":"instock","13":"taxable","14":"shipping-taxable","15":"purchasable","16":"product-type-simple"},"acf":[],"_links":{"self":[{"href":"https:\/\/controllab.com\/es\/wp-json\/wp\/v2\/product\/63322","targetHints":{"allow":["GET"]}}],"collection":[{"href":"https:\/\/controllab.com\/es\/wp-json\/wp\/v2\/product"}],"about":[{"href":"https:\/\/controllab.com\/es\/wp-json\/wp\/v2\/types\/product"}],"version-history":[{"count":2,"href":"https:\/\/controllab.com\/es\/wp-json\/wp\/v2\/product\/63322\/revisions"}],"predecessor-version":[{"id":182709,"href":"https:\/\/controllab.com\/es\/wp-json\/wp\/v2\/product\/63322\/revisions\/182709"}],"wp:featuredmedia":[{"embeddable":true,"href":"https:\/\/controllab.com\/es\/wp-json\/wp\/v2\/media\/60721"}],"wp:attachment":[{"href":"https:\/\/controllab.com\/es\/wp-json\/wp\/v2\/media?parent=63322"}],"wp:term":[{"taxonomy":"product_brand","embeddable":true,"href":"https:\/\/controllab.com\/es\/wp-json\/wp\/v2\/product_brand?post=63322"},{"taxonomy":"product_cat","embeddable":true,"href":"https:\/\/controllab.com\/es\/wp-json\/wp\/v2\/product_cat?post=63322"},{"taxonomy":"product_tag","embeddable":true,"href":"https:\/\/controllab.com\/es\/wp-json\/wp\/v2\/product_tag?post=63322"}],"curies":[{"name":"wp","href":"https:\/\/api.w.org\/{rel}","templated":true}]}}