{"id":63610,"date":"2020-12-15T14:26:02","date_gmt":"2020-12-15T17:26:02","guid":{"rendered":"https:\/\/controllab.com\/?post_type=product&#038;p=63610"},"modified":"2024-09-19T14:05:19","modified_gmt":"2024-09-19T17:05:19","slug":"tlr-coagulacao-ii","status":"publish","type":"product","link":"https:\/\/controllab.com\/es\/programa\/tlr-coagulacao-ii\/","title":{"rendered":"POCT Coagulaci\u00f3n II"},"content":{"rendered":"<p><strong>Programa s\u00f3lo para sistemas POCT\u00b9<\/strong><\/p>\n<ul>\n<li>Fibrin\u00f3geno<\/li>\n<li>TAP &#8211; INR<\/li>\n<li>TAP &#8211; tiempo<\/li>\n<li>Tiempo de coagulaci\u00f3n activada (TCA)<\/li>\n<li>Tiempo de trombina (TT)<\/li>\n<li>TTPa &#8211; tiempo<\/li>\n<\/ul>\n<p><strong>Ex\u00e1menes relacionadas<\/strong><\/p>\n<p>\u00b9Prueba de laboratorio a distancia Coagulaci\u00f3n<\/p>\n<p>\u00b9Prueba de coagulaci\u00f3n r\u00e1pida<\/p>\n","protected":false},"excerpt":{"rendered":"<p>Programa s\u00f3lo para sistemas POCT\u00b9 Fibrin\u00f3geno TAP &#8211; INR TAP &#8211; tiempo Tiempo de coagulaci\u00f3n activada (TCA) Tiempo de trombina (TT) TTPa &#8211; tiempo Ex\u00e1menes relacionadas<span class=\"excerpt-hellip\"> [\u2026]<\/span><\/p>\n","protected":false},"featured_media":41318,"template":"","meta":{"_acf_changed":false},"product_brand":[],"product_cat":[440,518,442,436,482],"product_tag":[],"class_list":{"0":"post-63610","1":"product","2":"type-product","3":"status-publish","4":"has-post-thumbnail","6":"product_cat-clinico-es","7":"product_cat-coagulacion-hemostasia","8":"product_cat-ci-es","9":"product_cat-ep-es","10":"product_cat-tlr-point-of-care-testing-poct-es","11":"tm-has-options","13":"first","14":"instock","15":"taxable","16":"shipping-taxable","17":"purchasable","18":"product-type-simple"},"acf":[],"_links":{"self":[{"href":"https:\/\/controllab.com\/es\/wp-json\/wp\/v2\/product\/63610","targetHints":{"allow":["GET"]}}],"collection":[{"href":"https:\/\/controllab.com\/es\/wp-json\/wp\/v2\/product"}],"about":[{"href":"https:\/\/controllab.com\/es\/wp-json\/wp\/v2\/types\/product"}],"version-history":[{"count":0,"href":"https:\/\/controllab.com\/es\/wp-json\/wp\/v2\/product\/63610\/revisions"}],"wp:featuredmedia":[{"embeddable":true,"href":"https:\/\/controllab.com\/es\/wp-json\/wp\/v2\/media\/41318"}],"wp:attachment":[{"href":"https:\/\/controllab.com\/es\/wp-json\/wp\/v2\/media?parent=63610"}],"wp:term":[{"taxonomy":"product_brand","embeddable":true,"href":"https:\/\/controllab.com\/es\/wp-json\/wp\/v2\/product_brand?post=63610"},{"taxonomy":"product_cat","embeddable":true,"href":"https:\/\/controllab.com\/es\/wp-json\/wp\/v2\/product_cat?post=63610"},{"taxonomy":"product_tag","embeddable":true,"href":"https:\/\/controllab.com\/es\/wp-json\/wp\/v2\/product_tag?post=63610"}],"curies":[{"name":"wp","href":"https:\/\/api.w.org\/{rel}","templated":true}]}}