{"id":64785,"date":"2022-03-08T09:55:09","date_gmt":"2022-03-08T12:55:09","guid":{"rendered":"https:\/\/controllab.com\/?post_type=product&#038;p=64785"},"modified":"2025-11-17T15:57:39","modified_gmt":"2025-11-17T18:57:39","slug":"hemocultlivo","status":"publish","type":"product","link":"https:\/\/controllab.com\/es\/programa\/hemocultlivo\/","title":{"rendered":"Hemocultivo"},"content":{"rendered":"\t\t<div data-elementor-type=\"product-post\" data-elementor-id=\"64785\" class=\"elementor elementor-64785 elementor-64783\" data-elementor-post-type=\"product\">\n\t\t\t\t\t\t<section class=\"has_ae_slider elementor-section elementor-top-section elementor-element elementor-element-b8fbc7f elementor-section-boxed elementor-section-height-default elementor-section-height-default ae-bg-gallery-type-default\" data-id=\"b8fbc7f\" data-element_type=\"section\" data-e-type=\"section\">\n\t\t\t\t\t\t<div class=\"elementor-container elementor-column-gap-default\">\n\t\t\t\t\t<div class=\"has_ae_slider elementor-column elementor-col-100 elementor-top-column elementor-element elementor-element-dc880ce ae-bg-gallery-type-default\" data-id=\"dc880ce\" data-element_type=\"column\" data-e-type=\"column\">\n\t\t\t<div class=\"elementor-widget-wrap elementor-element-populated\">\n\t\t\t\t\t\t<div class=\"elementor-element elementor-element-317b3ca elementor-widget elementor-widget-text-editor\" data-id=\"317b3ca\" data-element_type=\"widget\" data-e-type=\"widget\" data-widget_type=\"text-editor.default\">\n\t\t\t\t<div class=\"elementor-widget-container\">\n\t\t\t\t\t\t\t\t\t<p><strong>An\u00e1lisis Microbiol\u00f3gico<\/strong><\/p><ul><li>Cultivo<\/li><li>Identificaci\u00f3n<\/li><li>Bacterioscopia Gram<\/li><\/ul>\t\t\t\t\t\t\t\t<\/div>\n\t\t\t\t<\/div>\n\t\t\t\t\t<\/div>\n\t\t<\/div>\n\t\t\t\t\t<\/div>\n\t\t<\/section>\n\t\t\t\t<\/div>\n\t\t","protected":false},"excerpt":{"rendered":"<p>An\u00e1lisis Microbiol\u00f3gico Cultivo Identificaci\u00f3n Bacterioscopia Gram<\/p>\n","protected":false},"featured_media":168657,"template":"","meta":{"_acf_changed":false},"product_brand":[],"product_cat":[436,2494,650],"product_tag":[],"class_list":{"0":"post-64785","1":"product","2":"type-product","3":"status-publish","4":"has-post-thumbnail","6":"product_cat-ep-es","7":"product_cat-microbiologia-clinica-es","8":"product_cat-veterinario","9":"tm-has-options","11":"first","12":"instock","13":"taxable","14":"shipping-taxable","15":"purchasable","16":"product-type-simple"},"acf":[],"_links":{"self":[{"href":"https:\/\/controllab.com\/es\/wp-json\/wp\/v2\/product\/64785","targetHints":{"allow":["GET"]}}],"collection":[{"href":"https:\/\/controllab.com\/es\/wp-json\/wp\/v2\/product"}],"about":[{"href":"https:\/\/controllab.com\/es\/wp-json\/wp\/v2\/types\/product"}],"version-history":[{"count":4,"href":"https:\/\/controllab.com\/es\/wp-json\/wp\/v2\/product\/64785\/revisions"}],"predecessor-version":[{"id":204408,"href":"https:\/\/controllab.com\/es\/wp-json\/wp\/v2\/product\/64785\/revisions\/204408"}],"wp:featuredmedia":[{"embeddable":true,"href":"https:\/\/controllab.com\/es\/wp-json\/wp\/v2\/media\/168657"}],"wp:attachment":[{"href":"https:\/\/controllab.com\/es\/wp-json\/wp\/v2\/media?parent=64785"}],"wp:term":[{"taxonomy":"product_brand","embeddable":true,"href":"https:\/\/controllab.com\/es\/wp-json\/wp\/v2\/product_brand?post=64785"},{"taxonomy":"product_cat","embeddable":true,"href":"https:\/\/controllab.com\/es\/wp-json\/wp\/v2\/product_cat?post=64785"},{"taxonomy":"product_tag","embeddable":true,"href":"https:\/\/controllab.com\/es\/wp-json\/wp\/v2\/product_tag?post=64785"}],"curies":[{"name":"wp","href":"https:\/\/api.w.org\/{rel}","templated":true}]}}