{"id":6779,"date":"2020-12-10T11:12:56","date_gmt":"2020-12-10T14:12:56","guid":{"rendered":"https:\/\/controllab.com\/?post_type=product&#038;p=6779"},"modified":"2024-08-22T15:21:18","modified_gmt":"2024-08-22T18:21:18","slug":"lcr-immunologia","status":"publish","type":"product","link":"https:\/\/controllab.com\/es\/programa\/lcr-immunologia\/","title":{"rendered":"LCR &#8211; Immunolog\u00eda"},"content":{"rendered":"\t\t<div data-elementor-type=\"product-post\" data-elementor-id=\"6779\" class=\"elementor elementor-6779 elementor-6777\" data-elementor-post-type=\"product\">\n\t\t\t\t\t\t<section class=\"has_ae_slider elementor-section elementor-top-section elementor-element elementor-element-f35d108 elementor-section-boxed elementor-section-height-default elementor-section-height-default ae-bg-gallery-type-default\" data-id=\"f35d108\" data-element_type=\"section\" data-e-type=\"section\">\n\t\t\t\t\t\t<div class=\"elementor-container elementor-column-gap-default\">\n\t\t\t\t\t<div class=\"has_ae_slider elementor-column elementor-col-100 elementor-top-column elementor-element elementor-element-90059b7 ae-bg-gallery-type-default\" data-id=\"90059b7\" data-element_type=\"column\" data-e-type=\"column\">\n\t\t\t<div class=\"elementor-widget-wrap elementor-element-populated\">\n\t\t\t\t\t\t<div class=\"elementor-element elementor-element-3e01e26 elementor-widget elementor-widget-text-editor\" data-id=\"3e01e26\" data-element_type=\"widget\" data-e-type=\"widget\" data-widget_type=\"text-editor.default\">\n\t\t\t\t<div class=\"elementor-widget-container\">\n\t\t\t\t\t\t\t\t\t<p><strong>Cisticercosis &#8211; LCR &#8211; Immunolog\u00eda<\/strong><\/p><ul><li>LCR Cisticercosis IgG<\/li><\/ul><p><strong>Citomegalovirus &#8211; LCR &#8211; Immunolog\u00eda<\/strong><\/p><ul><li>LCR Citomegalovirus IgG<\/li><\/ul><ul><li>LCR Citomegalovirus IgM<\/li><\/ul><p><strong>Herpes &#8211; LCR &#8211; Immunolog\u00eda<\/strong><\/p><ul><li>LCR Herpes I\/II IgA<\/li><li>LCR Herpes I\/II IgG<\/li><li>LCR Herpes I\/II IgM<\/li><\/ul><p><strong>S\u00edfilis &#8211; LCR &#8211; Immunolog\u00eda<\/strong><\/p><ul><li>S\u00edfilis IgG<\/li><li>S\u00edfilis IgM<\/li><li>S\u00edfilis Total<\/li><\/ul><p><strong>Toxoplasmosis &#8211; LCR &#8211; Immunolog\u00eda<\/strong><\/p><ul><li>LCR Toxoplasmose IgG<\/li><li>LCR Toxoplasmose IgM<\/li><\/ul>\t\t\t\t\t\t\t\t<\/div>\n\t\t\t\t<\/div>\n\t\t\t\t\t<\/div>\n\t\t<\/div>\n\t\t\t\t\t<\/div>\n\t\t<\/section>\n\t\t\t\t<\/div>\n\t\t","protected":false},"excerpt":{"rendered":"<p>Cisticercosis &#8211; LCR &#8211; Immunolog\u00eda LCR Cisticercosis IgG Citomegalovirus &#8211; LCR &#8211; Immunolog\u00eda LCR Citomegalovirus IgG LCR Citomegalovirus IgM Herpes &#8211; LCR &#8211; Immunolog\u00eda LCR Herpes<span class=\"excerpt-hellip\"> [\u2026]<\/span><\/p>\n","protected":false},"featured_media":25669,"template":"","meta":{"_acf_changed":false},"product_brand":[],"product_cat":[440,436,498],"product_tag":[],"class_list":{"0":"post-6779","1":"product","2":"type-product","3":"status-publish","4":"has-post-thumbnail","6":"product_cat-clinico-es","7":"product_cat-ep-es","8":"product_cat-liquidos-corporales","9":"tm-has-options","11":"first","12":"instock","13":"taxable","14":"shipping-taxable","15":"purchasable","16":"product-type-simple"},"acf":[],"_links":{"self":[{"href":"https:\/\/controllab.com\/es\/wp-json\/wp\/v2\/product\/6779","targetHints":{"allow":["GET"]}}],"collection":[{"href":"https:\/\/controllab.com\/es\/wp-json\/wp\/v2\/product"}],"about":[{"href":"https:\/\/controllab.com\/es\/wp-json\/wp\/v2\/types\/product"}],"version-history":[{"count":0,"href":"https:\/\/controllab.com\/es\/wp-json\/wp\/v2\/product\/6779\/revisions"}],"wp:featuredmedia":[{"embeddable":true,"href":"https:\/\/controllab.com\/es\/wp-json\/wp\/v2\/media\/25669"}],"wp:attachment":[{"href":"https:\/\/controllab.com\/es\/wp-json\/wp\/v2\/media?parent=6779"}],"wp:term":[{"taxonomy":"product_brand","embeddable":true,"href":"https:\/\/controllab.com\/es\/wp-json\/wp\/v2\/product_brand?post=6779"},{"taxonomy":"product_cat","embeddable":true,"href":"https:\/\/controllab.com\/es\/wp-json\/wp\/v2\/product_cat?post=6779"},{"taxonomy":"product_tag","embeddable":true,"href":"https:\/\/controllab.com\/es\/wp-json\/wp\/v2\/product_tag?post=6779"}],"curies":[{"name":"wp","href":"https:\/\/api.w.org\/{rel}","templated":true}]}}