{"id":7350,"date":"2020-12-14T08:22:56","date_gmt":"2020-12-14T11:22:56","guid":{"rendered":"https:\/\/controllab.com\/?post_type=product&#038;p=7350"},"modified":"2024-08-22T11:13:33","modified_gmt":"2024-08-22T14:13:33","slug":"liquidos-de-cavidades-multiparametros","status":"publish","type":"product","link":"https:\/\/controllab.com\/es\/programa\/liquidos-de-cavidades-multiparametros\/","title":{"rendered":"L\u00edquidos de Cavidades &#8211; Multipar\u00e1metros"},"content":{"rendered":"\t\t<div data-elementor-type=\"product-post\" data-elementor-id=\"7350\" class=\"elementor elementor-7350 elementor-7348\" data-elementor-post-type=\"product\">\n\t\t\t\t\t\t<section class=\"has_ae_slider elementor-section elementor-top-section elementor-element elementor-element-f35d108 elementor-section-boxed elementor-section-height-default elementor-section-height-default ae-bg-gallery-type-default\" data-id=\"f35d108\" data-element_type=\"section\" data-e-type=\"section\">\n\t\t\t\t\t\t<div class=\"elementor-container elementor-column-gap-default\">\n\t\t\t\t\t<div class=\"has_ae_slider elementor-column elementor-col-100 elementor-top-column elementor-element elementor-element-90059b7 ae-bg-gallery-type-default\" data-id=\"90059b7\" data-element_type=\"column\" data-e-type=\"column\">\n\t\t\t<div class=\"elementor-widget-wrap elementor-element-populated\">\n\t\t\t\t\t\t<div class=\"elementor-element elementor-element-3e01e26 elementor-widget elementor-widget-text-editor\" data-id=\"3e01e26\" data-element_type=\"widget\" data-e-type=\"widget\" data-widget_type=\"text-editor.default\">\n\t\t\t\t<div class=\"elementor-widget-container\">\n\t\t\t\t\t\t\t\t\t<p><strong>L\u00edquido de Cavidades &#8211; Bioqu\u00edmica<\/strong><\/p><ul><li>\u00c1cido L\u00e1ctico (Lactato)<\/li><li>\u00c1cido \u00darico<\/li><li>Adenosina Desaminasa (ADA)<\/li><li>Alb\u00famina<\/li><li>Amilasa<\/li><li>Bilirrubina Total<\/li><li>Calcio Total<\/li><li>Cloruros<\/li><li>Colesterol<\/li><li>Creatinina<\/li><li>Densidad<\/li><li>Deshidrogenasa L\u00e1ctica (LDH)<\/li><li>Ferritina<\/li><li>Fosfatasa Alcalina (ALP)<\/li><li>Gama GT<\/li><li>Glucosa<\/li><li>Lipasa<\/li><li>Ph<\/li><li>Potasio<\/li><li>Prote\u00ednas Totales<\/li><li>Sodio<\/li><li>Triglic\u00e9ridos<\/li><li>Urea<\/li><\/ul><p><strong>L\u00edquido de Cavidades &#8211; Immunology<\/strong><\/p><ul><li>Alfa-1-glicoprote\u00edna \u00c1cida<\/li><li>CA 125<\/li><li>CA 15-3<\/li><li>CA 19-9<\/li><li>CEA<\/li><li>Complemento C3<\/li><li>Complemento C4<\/li><\/ul><p><strong>L\u00edquido de Cavidades &#8211; Conteo Global<\/strong><\/p><ul><li>C\u00e9lulas Nucleadas<\/li><li>Eritrocitos<\/li><\/ul><p><strong>Citolog\u00eda<\/strong><\/p><ul><li>C\u00e9lulas at\u00edpicas (sospecha de neoplasia)<\/li><li>C\u00e9lulas mesoteliales reactivas<\/li><li>C\u00e9lulas mesoteliales t\u00edpicas<\/li><li>Linfocitos reactivos<\/li><\/ul><p><strong>Identificaci\u00f3n celular<\/strong><br \/><br \/><strong>Identificaci\u00f3n (c\u00e1mara)<\/strong><\/p>\t\t\t\t\t\t\t\t<\/div>\n\t\t\t\t<\/div>\n\t\t\t\t\t<\/div>\n\t\t<\/div>\n\t\t\t\t\t<\/div>\n\t\t<\/section>\n\t\t\t\t<\/div>\n\t\t","protected":false},"excerpt":{"rendered":"<p>L\u00edquido de Cavidades &#8211; Bioqu\u00edmica \u00c1cido L\u00e1ctico (Lactato) \u00c1cido \u00darico Adenosina Desaminasa (ADA) Alb\u00famina Amilasa Bilirrubina Total Calcio Total Cloruros Colesterol Creatinina Densidad Deshidrogenasa L\u00e1ctica (LDH)<span class=\"excerpt-hellip\"> [\u2026]<\/span><\/p>\n","protected":false},"featured_media":14224,"template":"","meta":{"_acf_changed":false},"product_brand":[],"product_cat":[440,442,436,498],"product_tag":[],"class_list":{"0":"post-7350","1":"product","2":"type-product","3":"status-publish","4":"has-post-thumbnail","6":"product_cat-clinico-es","7":"product_cat-ci-es","8":"product_cat-ep-es","9":"product_cat-liquidos-corporales","10":"tm-has-options","12":"first","13":"instock","14":"taxable","15":"shipping-taxable","16":"purchasable","17":"product-type-simple"},"acf":[],"_links":{"self":[{"href":"https:\/\/controllab.com\/es\/wp-json\/wp\/v2\/product\/7350","targetHints":{"allow":["GET"]}}],"collection":[{"href":"https:\/\/controllab.com\/es\/wp-json\/wp\/v2\/product"}],"about":[{"href":"https:\/\/controllab.com\/es\/wp-json\/wp\/v2\/types\/product"}],"version-history":[{"count":0,"href":"https:\/\/controllab.com\/es\/wp-json\/wp\/v2\/product\/7350\/revisions"}],"wp:featuredmedia":[{"embeddable":true,"href":"https:\/\/controllab.com\/es\/wp-json\/wp\/v2\/media\/14224"}],"wp:attachment":[{"href":"https:\/\/controllab.com\/es\/wp-json\/wp\/v2\/media?parent=7350"}],"wp:term":[{"taxonomy":"product_brand","embeddable":true,"href":"https:\/\/controllab.com\/es\/wp-json\/wp\/v2\/product_brand?post=7350"},{"taxonomy":"product_cat","embeddable":true,"href":"https:\/\/controllab.com\/es\/wp-json\/wp\/v2\/product_cat?post=7350"},{"taxonomy":"product_tag","embeddable":true,"href":"https:\/\/controllab.com\/es\/wp-json\/wp\/v2\/product_tag?post=7350"}],"curies":[{"name":"wp","href":"https:\/\/api.w.org\/{rel}","templated":true}]}}