{"id":7496,"date":"2020-12-14T11:09:11","date_gmt":"2020-12-14T14:09:11","guid":{"rendered":"https:\/\/controllab.com\/?post_type=product&#038;p=7496"},"modified":"2025-12-04T16:36:42","modified_gmt":"2025-12-04T19:36:42","slug":"marcadores-cardiacos","status":"publish","type":"product","link":"https:\/\/controllab.com\/es\/programa\/marcadores-cardiacos\/","title":{"rendered":"Marcadores Card\u00edacos"},"content":{"rendered":"\t\t<div data-elementor-type=\"product-post\" data-elementor-id=\"7496\" class=\"elementor elementor-7496 elementor-7494\" data-elementor-post-type=\"product\">\n\t\t\t\t\t\t<section class=\"has_ae_slider elementor-section elementor-top-section elementor-element elementor-element-f35d108 elementor-section-boxed elementor-section-height-default elementor-section-height-default ae-bg-gallery-type-default\" data-id=\"f35d108\" data-element_type=\"section\" data-e-type=\"section\">\n\t\t\t\t\t\t<div class=\"elementor-container elementor-column-gap-default\">\n\t\t\t\t\t<div class=\"has_ae_slider elementor-column elementor-col-100 elementor-top-column elementor-element elementor-element-90059b7 ae-bg-gallery-type-default\" data-id=\"90059b7\" data-element_type=\"column\" data-e-type=\"column\">\n\t\t\t<div class=\"elementor-widget-wrap elementor-element-populated\">\n\t\t\t\t\t\t<div class=\"elementor-element elementor-element-3e01e26 elementor-widget elementor-widget-text-editor\" data-id=\"3e01e26\" data-element_type=\"widget\" data-e-type=\"widget\" data-widget_type=\"text-editor.default\">\n\t\t\t\t<div class=\"elementor-widget-container\">\n\t\t\t\t\t\t\t\t\t<p><strong>Marcadores card\u00edacos I<\/strong><\/p><ul><li><span style=\"letter-spacing: 0px;\">CK MB Masa<\/span><\/li><li>Troponina T<\/li><\/ul><p><strong>Marcadores card\u00edacos II<\/strong><\/p><ul><li>Creatina quinasa (CK)<\/li><li>CK MB Actividad<\/li><\/ul><p><strong>Marcadores card\u00edacos III<\/strong><\/p><ul><li>Galactina-3<\/li><li>Homociste\u00edna<\/li><li>H-FABP<\/li><li>LDH (deshidrogenasa l\u00e1ctica) total<\/li><li>Mioglobina<\/li><li>Troponina I<\/li><\/ul><p><strong>Marcadores Card\u00edacos BNP (Automa\u00e7\u00e3o)<\/strong><\/p><ul><li>BNP<\/li><\/ul><p><strong>Marcadores Card\u00edanos NT- proBNP<\/strong><\/p><ul><li>NT-proBNP<\/li><\/ul>\t\t\t\t\t\t\t\t<\/div>\n\t\t\t\t<\/div>\n\t\t\t\t\t<\/div>\n\t\t<\/div>\n\t\t\t\t\t<\/div>\n\t\t<\/section>\n\t\t\t\t<\/div>\n\t\t","protected":false},"excerpt":{"rendered":"<p>Marcadores card\u00edacos I CK MB Masa Troponina T Marcadores card\u00edacos II Creatina quinasa (CK) CK MB Actividad Marcadores card\u00edacos III Galactina-3 Homociste\u00edna H-FABP LDH (deshidrogenasa l\u00e1ctica)<span class=\"excerpt-hellip\"> [\u2026]<\/span><\/p>\n","protected":false},"featured_media":16754,"template":"","meta":{"_acf_changed":false},"product_brand":[],"product_cat":[440,442,436,522],"product_tag":[],"class_list":{"0":"post-7496","1":"product","2":"type-product","3":"status-publish","4":"has-post-thumbnail","6":"product_cat-clinico-es","7":"product_cat-ci-es","8":"product_cat-ep-es","9":"product_cat-marcadores-cardiacos-es-2","10":"tm-has-options","12":"first","13":"instock","14":"taxable","15":"shipping-taxable","16":"purchasable","17":"product-type-simple"},"acf":[],"_links":{"self":[{"href":"https:\/\/controllab.com\/es\/wp-json\/wp\/v2\/product\/7496","targetHints":{"allow":["GET"]}}],"collection":[{"href":"https:\/\/controllab.com\/es\/wp-json\/wp\/v2\/product"}],"about":[{"href":"https:\/\/controllab.com\/es\/wp-json\/wp\/v2\/types\/product"}],"version-history":[{"count":4,"href":"https:\/\/controllab.com\/es\/wp-json\/wp\/v2\/product\/7496\/revisions"}],"predecessor-version":[{"id":205077,"href":"https:\/\/controllab.com\/es\/wp-json\/wp\/v2\/product\/7496\/revisions\/205077"}],"wp:featuredmedia":[{"embeddable":true,"href":"https:\/\/controllab.com\/es\/wp-json\/wp\/v2\/media\/16754"}],"wp:attachment":[{"href":"https:\/\/controllab.com\/es\/wp-json\/wp\/v2\/media?parent=7496"}],"wp:term":[{"taxonomy":"product_brand","embeddable":true,"href":"https:\/\/controllab.com\/es\/wp-json\/wp\/v2\/product_brand?post=7496"},{"taxonomy":"product_cat","embeddable":true,"href":"https:\/\/controllab.com\/es\/wp-json\/wp\/v2\/product_cat?post=7496"},{"taxonomy":"product_tag","embeddable":true,"href":"https:\/\/controllab.com\/es\/wp-json\/wp\/v2\/product_tag?post=7496"}],"curies":[{"name":"wp","href":"https:\/\/api.w.org\/{rel}","templated":true}]}}