{"id":7844,"date":"2020-12-15T13:45:00","date_gmt":"2020-12-15T16:45:00","guid":{"rendered":"https:\/\/controllab.com\/?post_type=product&#038;p=7844"},"modified":"2024-08-26T14:39:10","modified_gmt":"2024-08-26T17:39:10","slug":"perfil-lipidico","status":"publish","type":"product","link":"https:\/\/controllab.com\/es\/programa\/perfil-lipidico\/","title":{"rendered":"Perfil Lip\u00eddico"},"content":{"rendered":"\t\t<div data-elementor-type=\"product-post\" data-elementor-id=\"7844\" class=\"elementor elementor-7844 elementor-7842\" data-elementor-post-type=\"product\">\n\t\t\t\t\t\t<section class=\"has_ae_slider elementor-section elementor-top-section elementor-element elementor-element-f35d108 elementor-section-boxed elementor-section-height-default elementor-section-height-default ae-bg-gallery-type-default\" data-id=\"f35d108\" data-element_type=\"section\" data-e-type=\"section\">\n\t\t\t\t\t\t<div class=\"elementor-container elementor-column-gap-default\">\n\t\t\t\t\t<div class=\"has_ae_slider elementor-column elementor-col-100 elementor-top-column elementor-element elementor-element-90059b7 ae-bg-gallery-type-default\" data-id=\"90059b7\" data-element_type=\"column\" data-e-type=\"column\">\n\t\t\t<div class=\"elementor-widget-wrap elementor-element-populated\">\n\t\t\t\t\t\t<div class=\"elementor-element elementor-element-3e01e26 elementor-widget elementor-widget-text-editor\" data-id=\"3e01e26\" data-element_type=\"widget\" data-e-type=\"widget\" data-widget_type=\"text-editor.default\">\n\t\t\t\t<div class=\"elementor-widget-container\">\n\t\t\t\t\t\t\t\t\t<ul><li>Anti-LDL Antioxidante\/Peroxidado<\/li><li>Apolipoprote\u00edna A-1<\/li><li>Apolipoprote\u00edna A-2<\/li><li>Apolipoprote\u00edna B (Apo B100)<\/li><li>Apolipoprote\u00edna C-1<\/li><li>Apolipoprote\u00edna C-2<\/li><li>Apolipoprote\u00edna C-3<\/li><li>Apolipoprote\u00edna E<\/li><li>Colesterol Total<\/li><li>Colesterol HDL<\/li><li>Colesterol LDL<\/li><li>Colesterol VLDL<\/li><li>\u00c9steres de Colesterol<\/li><li>Fosfol\u00edpidos<\/li><li>Lipoprote\u00edna (a)<\/li><li>Quilomicrones<\/li><li>Triglicer\u00eddeos<\/li><\/ul><p><strong>Electroforesis de Lipoprote\u00ednas<\/strong><\/p><ul><li>Alfa (HDL)<\/li><li>Pre-beta (VLDL)<\/li><li>Beta (LDL)<\/li><\/ul>\t\t\t\t\t\t\t\t<\/div>\n\t\t\t\t<\/div>\n\t\t\t\t\t<\/div>\n\t\t<\/div>\n\t\t\t\t\t<\/div>\n\t\t<\/section>\n\t\t\t\t<\/div>\n\t\t","protected":false},"excerpt":{"rendered":"<p>Anti-LDL Antioxidante\/Peroxidado Apolipoprote\u00edna A-1 Apolipoprote\u00edna A-2 Apolipoprote\u00edna B (Apo B100) Apolipoprote\u00edna C-1 Apolipoprote\u00edna C-2 Apolipoprote\u00edna C-3 Apolipoprote\u00edna E Colesterol Total Colesterol HDL Colesterol LDL Colesterol VLDL<span class=\"excerpt-hellip\"> [\u2026]<\/span><\/p>\n","protected":false},"featured_media":16834,"template":"","meta":{"_acf_changed":false},"product_brand":[],"product_cat":[440,436,524],"product_tag":[],"class_list":{"0":"post-7844","1":"product","2":"type-product","3":"status-publish","4":"has-post-thumbnail","6":"product_cat-clinico-es","7":"product_cat-ep-es","8":"product_cat-inmunoensayos-endocrinologia","9":"tm-has-options","11":"first","12":"instock","13":"taxable","14":"shipping-taxable","15":"purchasable","16":"product-type-simple"},"acf":[],"_links":{"self":[{"href":"https:\/\/controllab.com\/es\/wp-json\/wp\/v2\/product\/7844","targetHints":{"allow":["GET"]}}],"collection":[{"href":"https:\/\/controllab.com\/es\/wp-json\/wp\/v2\/product"}],"about":[{"href":"https:\/\/controllab.com\/es\/wp-json\/wp\/v2\/types\/product"}],"version-history":[{"count":0,"href":"https:\/\/controllab.com\/es\/wp-json\/wp\/v2\/product\/7844\/revisions"}],"wp:featuredmedia":[{"embeddable":true,"href":"https:\/\/controllab.com\/es\/wp-json\/wp\/v2\/media\/16834"}],"wp:attachment":[{"href":"https:\/\/controllab.com\/es\/wp-json\/wp\/v2\/media?parent=7844"}],"wp:term":[{"taxonomy":"product_brand","embeddable":true,"href":"https:\/\/controllab.com\/es\/wp-json\/wp\/v2\/product_brand?post=7844"},{"taxonomy":"product_cat","embeddable":true,"href":"https:\/\/controllab.com\/es\/wp-json\/wp\/v2\/product_cat?post=7844"},{"taxonomy":"product_tag","embeddable":true,"href":"https:\/\/controllab.com\/es\/wp-json\/wp\/v2\/product_tag?post=7844"}],"curies":[{"name":"wp","href":"https:\/\/api.w.org\/{rel}","templated":true}]}}