{"id":8431,"date":"2021-06-15T14:26:26","date_gmt":"2021-06-15T17:26:26","guid":{"rendered":"https:\/\/controllab.com\/?post_type=product&#038;p=8431"},"modified":"2025-05-12T07:17:46","modified_gmt":"2025-05-12T10:17:46","slug":"tdr-bioquimica","status":"publish","type":"product","link":"https:\/\/controllab.com\/es\/programa\/tdr-bioquimica\/","title":{"rendered":"POCT Bioqu\u00edmica"},"content":{"rendered":"\t\t<div data-elementor-type=\"product-post\" data-elementor-id=\"8431\" class=\"elementor elementor-8431 elementor-8429\" data-elementor-post-type=\"product\">\n\t\t\t\t\t\t<section class=\"has_ae_slider elementor-section elementor-top-section elementor-element elementor-element-f35d108 elementor-section-boxed elementor-section-height-default elementor-section-height-default ae-bg-gallery-type-default\" data-id=\"f35d108\" data-element_type=\"section\" data-e-type=\"section\">\n\t\t\t\t\t\t<div class=\"elementor-container elementor-column-gap-default\">\n\t\t\t\t\t<div class=\"has_ae_slider elementor-column elementor-col-100 elementor-top-column elementor-element elementor-element-90059b7 ae-bg-gallery-type-default\" data-id=\"90059b7\" data-element_type=\"column\" data-e-type=\"column\">\n\t\t\t<div class=\"elementor-widget-wrap elementor-element-populated\">\n\t\t\t\t\t\t<div class=\"elementor-element elementor-element-4401966 elementor-widget elementor-widget-text-editor\" data-id=\"4401966\" data-element_type=\"widget\" data-e-type=\"widget\" data-widget_type=\"text-editor.default\">\n\t\t\t\t<div class=\"elementor-widget-container\">\n\t\t\t\t\t\t\t\t\t<p><strong>POCT Bioqu\u00edmica I<\/strong><\/p><ul><li>Colesterol HDL<\/li><li>Colesterol total<\/li><li>Glucosa<\/li><li>Triglic\u00e9ridos<\/li><\/ul><p>*O programa EP POCT Bioqu\u00edmica I \u00e9 destinado para sistemas que realizam as medi\u00e7\u00f5es de Colesterol Total, Colesterol HDL, Glicose e Triglicer\u00eddeos concomitantes na mesma tira.<\/p><div><p><strong>POCT Bioqu\u00edmica\u00a0 IV<\/strong><\/p><ul><li>\u00c1cido \u00darico<\/li><\/ul><\/div><div><p>\u00a0<\/p><p>\u00a0<\/p><p>\u00a0<\/p><p>\u00a0<\/p><p>\u00a0<\/p><p>\u00a0<\/p><p>\u00a0<\/p><p>\u00a0<\/p><p>\u00a0<\/p><p>\u00a0<\/p><p>\u00a0<\/p><p>\u00a0<\/p><p><strong>POCT Bioqu\u00edmica\u00a0 V<\/strong><\/p><ul><li>\u00c1cido \u00farico<\/li><li>Alb\u00famina<\/li><li>Bilirrubina directa<\/li><li>Bilirrubina total<\/li><li>Calcio i\u00f3nico<\/li><li>Cloruro<\/li><li>Colesterol HDL<\/li><li>Colesterol LDL<\/li><li>Colesterol total<\/li><li>Colesterol VLDL<\/li><li>Creatinina<\/li><li>Ferritina<\/li><li>Fosfatasa alcalina<\/li><li>F\u00f3sforo<\/li><li>Gamma GT<\/li><li>Glucosa<\/li><li>Magnesio<\/li><li>Potasio<\/li><li>Prote\u00edna total<\/li><li>Sodio<\/li><li>TGO (AST)<\/li><li>TGP (ALT)<\/li><li>Triglic\u00e9ridos<\/li><li>Urea<\/li><\/ul><\/div>\t\t\t\t\t\t\t\t<\/div>\n\t\t\t\t<\/div>\n\t\t\t\t\t<\/div>\n\t\t<\/div>\n\t\t\t\t\t<\/div>\n\t\t<\/section>\n\t\t\t\t<\/div>\n\t\t","protected":false},"excerpt":{"rendered":"<p>POCT Bioqu\u00edmica I Colesterol HDL Colesterol total Glucosa Triglic\u00e9ridos *O programa EP POCT Bioqu\u00edmica I \u00e9 destinado para sistemas que realizam as medi\u00e7\u00f5es de Colesterol Total,<span class=\"excerpt-hellip\"> [\u2026]<\/span><\/p>\n","protected":false},"featured_media":12460,"template":"","meta":{"_acf_changed":false},"product_brand":[],"product_cat":[440,442,436,482],"product_tag":[],"class_list":{"0":"post-8431","1":"product","2":"type-product","3":"status-publish","4":"has-post-thumbnail","6":"product_cat-clinico-es","7":"product_cat-ci-es","8":"product_cat-ep-es","9":"product_cat-tlr-point-of-care-testing-poct-es","10":"tm-has-options","12":"first","13":"instock","14":"taxable","15":"shipping-taxable","16":"purchasable","17":"product-type-simple"},"acf":[],"_links":{"self":[{"href":"https:\/\/controllab.com\/es\/wp-json\/wp\/v2\/product\/8431","targetHints":{"allow":["GET"]}}],"collection":[{"href":"https:\/\/controllab.com\/es\/wp-json\/wp\/v2\/product"}],"about":[{"href":"https:\/\/controllab.com\/es\/wp-json\/wp\/v2\/types\/product"}],"version-history":[{"count":4,"href":"https:\/\/controllab.com\/es\/wp-json\/wp\/v2\/product\/8431\/revisions"}],"predecessor-version":[{"id":185956,"href":"https:\/\/controllab.com\/es\/wp-json\/wp\/v2\/product\/8431\/revisions\/185956"}],"wp:featuredmedia":[{"embeddable":true,"href":"https:\/\/controllab.com\/es\/wp-json\/wp\/v2\/media\/12460"}],"wp:attachment":[{"href":"https:\/\/controllab.com\/es\/wp-json\/wp\/v2\/media?parent=8431"}],"wp:term":[{"taxonomy":"product_brand","embeddable":true,"href":"https:\/\/controllab.com\/es\/wp-json\/wp\/v2\/product_brand?post=8431"},{"taxonomy":"product_cat","embeddable":true,"href":"https:\/\/controllab.com\/es\/wp-json\/wp\/v2\/product_cat?post=8431"},{"taxonomy":"product_tag","embeddable":true,"href":"https:\/\/controllab.com\/es\/wp-json\/wp\/v2\/product_tag?post=8431"}],"curies":[{"name":"wp","href":"https:\/\/api.w.org\/{rel}","templated":true}]}}