{"id":90862,"date":"2022-12-08T15:56:16","date_gmt":"2022-12-08T18:56:16","guid":{"rendered":"https:\/\/controllab.com\/?post_type=product&#038;p=90862"},"modified":"2024-08-13T12:58:28","modified_gmt":"2024-08-13T15:58:28","slug":"tdr-bioquimica-2","status":"publish","type":"product","link":"https:\/\/controllab.com\/es\/programa\/tdr-bioquimica-2\/","title":{"rendered":"POCT Bioqu\u00edmica"},"content":{"rendered":"\t\t<div data-elementor-type=\"product-post\" data-elementor-id=\"90862\" class=\"elementor elementor-90862 elementor-90860\" data-elementor-post-type=\"product\">\n\t\t\t\t\t\t<section class=\"has_ae_slider elementor-section elementor-top-section elementor-element elementor-element-f35d108 elementor-section-boxed elementor-section-height-default elementor-section-height-default ae-bg-gallery-type-default\" data-id=\"f35d108\" data-element_type=\"section\" data-e-type=\"section\">\n\t\t\t\t\t\t<div class=\"elementor-container elementor-column-gap-default\">\n\t\t\t\t\t<div class=\"has_ae_slider elementor-column elementor-col-100 elementor-top-column elementor-element elementor-element-90059b7 ae-bg-gallery-type-default\" data-id=\"90059b7\" data-element_type=\"column\" data-e-type=\"column\">\n\t\t\t<div class=\"elementor-widget-wrap elementor-element-populated\">\n\t\t\t\t\t\t<div class=\"elementor-element elementor-element-4401966 elementor-widget elementor-widget-text-editor\" data-id=\"4401966\" data-element_type=\"widget\" data-e-type=\"widget\" data-widget_type=\"text-editor.default\">\n\t\t\t\t<div class=\"elementor-widget-container\">\n\t\t\t\t\t\t\t\t\t<p><strong>POCT Bioqu\u00edmica<br \/><\/strong><\/p><ul><li>\u00c1cido F\u00f3lico<\/li><li>\u00c1cido L\u00e1ctico<\/li><li>\u00c1cidos Biliares<\/li><li>\u00c1cido \u00darico<\/li><li>ADA<\/li><li>Alb\u00famina<\/li><li>Aldolasa<\/li><li>Amilasa<\/li><li>Amon\u00edaco<\/li><li>Betacaroteno<\/li><li>Bilirrubina Directa<\/li><li>Bilirrubina Total<\/li><li>Calcio<\/li><li>Cetona<\/li><li>Actividad de CK-MB<\/li><li>Masa De CK-MB<\/li><li>Cloruros<\/li><li>Cobre<\/li><li>Colesterol HDL<\/li><li>Colesterol Total<\/li><li>CPK<\/li><\/ul><ul><li>Creatinina<\/li><li>Hierro<\/li><li>Fosfatasa \u00c1cida Prost\u00e1tica<\/li><li>Fosfatasa \u00c1cida Total<\/li><li>Fosfatasa Alcalina<\/li><li>F\u00f3sforo<\/li><li>Fructosamina<\/li><li>gGT<\/li><li>Glucosa<\/li><li>LDH<\/li><li>Lipasa<\/li><li>Lipidos Totales<\/li><li>Magnesio<\/li><li>Potasio<\/li><li>Prote\u00ednas Totales<\/li><li>Sodio<\/li><li>TGO\/AST<\/li><li>TGP\/ALT<\/li><li>Triglic\u00e9ridos<\/li><li>Urea<\/li><\/ul>\t\t\t\t\t\t\t\t<\/div>\n\t\t\t\t<\/div>\n\t\t\t\t\t<\/div>\n\t\t<\/div>\n\t\t\t\t\t<\/div>\n\t\t<\/section>\n\t\t\t\t<\/div>\n\t\t","protected":false},"excerpt":{"rendered":"<p>TDR Bioqu\u00edmica \u00c1cido F\u00f3lico \u00c1cido L\u00e1ctico \u00c1cidos Biliares \u00c1cido \u00darico ADA Alb\u00famina Aldolasa Amilasa Amon\u00edaco Betacaroteno Bilirrubina Directa Bilirrubina Total Calcio Cetona Actividad de CK-MB Masa<span class=\"excerpt-hellip\"> [\u2026]<\/span><\/p>\n","protected":false},"featured_media":12460,"template":"","meta":{"_acf_changed":false},"product_brand":[],"product_cat":[436,482,650],"product_tag":[],"class_list":{"0":"post-90862","1":"product","2":"type-product","3":"status-publish","4":"has-post-thumbnail","6":"product_cat-ep-es","7":"product_cat-tlr-point-of-care-testing-poct-es","8":"product_cat-veterinario","9":"tm-has-options","11":"first","12":"instock","13":"taxable","14":"shipping-taxable","15":"purchasable","16":"product-type-simple"},"acf":[],"_links":{"self":[{"href":"https:\/\/controllab.com\/es\/wp-json\/wp\/v2\/product\/90862","targetHints":{"allow":["GET"]}}],"collection":[{"href":"https:\/\/controllab.com\/es\/wp-json\/wp\/v2\/product"}],"about":[{"href":"https:\/\/controllab.com\/es\/wp-json\/wp\/v2\/types\/product"}],"version-history":[{"count":0,"href":"https:\/\/controllab.com\/es\/wp-json\/wp\/v2\/product\/90862\/revisions"}],"wp:featuredmedia":[{"embeddable":true,"href":"https:\/\/controllab.com\/es\/wp-json\/wp\/v2\/media\/12460"}],"wp:attachment":[{"href":"https:\/\/controllab.com\/es\/wp-json\/wp\/v2\/media?parent=90862"}],"wp:term":[{"taxonomy":"product_brand","embeddable":true,"href":"https:\/\/controllab.com\/es\/wp-json\/wp\/v2\/product_brand?post=90862"},{"taxonomy":"product_cat","embeddable":true,"href":"https:\/\/controllab.com\/es\/wp-json\/wp\/v2\/product_cat?post=90862"},{"taxonomy":"product_tag","embeddable":true,"href":"https:\/\/controllab.com\/es\/wp-json\/wp\/v2\/product_tag?post=90862"}],"curies":[{"name":"wp","href":"https:\/\/api.w.org\/{rel}","templated":true}]}}