{"id":9116,"date":"2020-12-17T14:46:05","date_gmt":"2020-12-17T17:46:05","guid":{"rendered":"https:\/\/controllab.com\/?post_type=product&#038;p=9116"},"modified":"2024-08-21T15:38:39","modified_gmt":"2024-08-21T18:38:39","slug":"drogas-de-abuso-cabello-y-pelo","status":"publish","type":"product","link":"https:\/\/controllab.com\/es\/programa\/drogas-de-abuso-cabello-y-pelo\/","title":{"rendered":"Drogas de Abuso &#8211; Cabello y\/o Pelo"},"content":{"rendered":"\t\t<div data-elementor-type=\"product-post\" data-elementor-id=\"9116\" class=\"elementor elementor-9116 elementor-9114\" data-elementor-post-type=\"product\">\n\t\t\t\t\t\t<section class=\"has_ae_slider elementor-section elementor-top-section elementor-element elementor-element-f35d108 elementor-section-boxed elementor-section-height-default elementor-section-height-default ae-bg-gallery-type-default\" data-id=\"f35d108\" data-element_type=\"section\" data-e-type=\"section\">\n\t\t\t\t\t\t<div class=\"elementor-container elementor-column-gap-default\">\n\t\t\t\t\t<div class=\"has_ae_slider elementor-column elementor-col-100 elementor-top-column elementor-element elementor-element-90059b7 ae-bg-gallery-type-default\" data-id=\"90059b7\" data-element_type=\"column\" data-e-type=\"column\">\n\t\t\t<div class=\"elementor-widget-wrap elementor-element-populated\">\n\t\t\t\t\t\t<div class=\"elementor-element elementor-element-4401966 elementor-widget elementor-widget-text-editor\" data-id=\"4401966\" data-element_type=\"widget\" data-e-type=\"widget\" data-widget_type=\"text-editor.default\">\n\t\t\t\t<div class=\"elementor-widget-container\">\n\t\t\t\t\t\t\t\t\t<ul><li>6-acetilcode\u00edna<\/li><li>6-acetilmorfina<\/li><li>Alprazolam<\/li><li>Anfepramona (dietilpropi\u00f3n)<\/li><li>Anfetamina<\/li><li>Benzoilecgonina<\/li><li>Cannabidiol<\/li><li>Cannabinol<\/li><li>Ketamina<\/li><li>Clonazepam<\/li><li>Cocaetileno (coca\u00edna+alcohol)<\/li><li>Coca\u00edna<\/li><li>Code\u00edna<\/li><li>Grieta (AEME)<\/li><li>Diazepam<\/li><li>Dihidrocode\u00edna<\/li><li>\u00c9xtasis (MDMA)<\/li><li>EDDP<\/li><li>Efedrina<\/li><li>Fenproporex<\/li><li>Fenciclidina (PCP)<\/li><li>Fentanilo<\/li><li>Flunitrazepam<\/li><li>Flurazepam<\/li><li>Hero\u00edna<\/li><li>Levamisol<\/li><li>Lorazepam<\/li><li>Marihuana (THC carbox\u00edlico)<\/li><li>Marihuana (THC)<\/li><li>Mazindol<\/li><li>MBDB<\/li><li>MDA<\/li><li>MDEA<\/li><li>Metadona<\/li><li>Metanfetamina<\/li><li>Midazolam<\/li><li>Morfina<\/li><li>Nitrazepam<\/li><li>Norcoca\u00edna<\/li><li>Nordiazepam<\/li><li>Oxazepam<\/li><li>Oxicodona<\/li><li>Petidina<\/li><li>Temazepam<\/li><li>Tramadol<\/li><li>Zolpidem<\/li><li>Zopiclona<\/li><\/ul>\t\t\t\t\t\t\t\t<\/div>\n\t\t\t\t<\/div>\n\t\t\t\t\t<\/div>\n\t\t<\/div>\n\t\t\t\t\t<\/div>\n\t\t<\/section>\n\t\t\t\t<\/div>\n\t\t","protected":false},"excerpt":{"rendered":"<p>6-acetilcode\u00edna 6-acetilmorfina Alprazolam Anfepramona (dietilpropi\u00f3n) Anfetamina Benzoilecgonina Cannabidiol Cannabinol Ketamina Clonazepam Cocaetileno (coca\u00edna+alcohol) Coca\u00edna Code\u00edna Grieta (AEME) Diazepam Dihidrocode\u00edna \u00c9xtasis (MDMA) EDDP Efedrina Fenproporex Fenciclidina (PCP)<span class=\"excerpt-hellip\"> [\u2026]<\/span><\/p>\n","protected":false},"featured_media":23058,"template":"","meta":{"_acf_changed":false},"product_brand":[],"product_cat":[440,436,532],"product_tag":[],"class_list":{"0":"post-9116","1":"product","2":"type-product","3":"status-publish","4":"has-post-thumbnail","6":"product_cat-clinico-es","7":"product_cat-ep-es","8":"product_cat-toxicologia-ocupacional-drogas-de-abuso-es-2","9":"tm-has-options","11":"first","12":"instock","13":"taxable","14":"shipping-taxable","15":"purchasable","16":"product-type-simple"},"acf":[],"_links":{"self":[{"href":"https:\/\/controllab.com\/es\/wp-json\/wp\/v2\/product\/9116","targetHints":{"allow":["GET"]}}],"collection":[{"href":"https:\/\/controllab.com\/es\/wp-json\/wp\/v2\/product"}],"about":[{"href":"https:\/\/controllab.com\/es\/wp-json\/wp\/v2\/types\/product"}],"version-history":[{"count":0,"href":"https:\/\/controllab.com\/es\/wp-json\/wp\/v2\/product\/9116\/revisions"}],"wp:featuredmedia":[{"embeddable":true,"href":"https:\/\/controllab.com\/es\/wp-json\/wp\/v2\/media\/23058"}],"wp:attachment":[{"href":"https:\/\/controllab.com\/es\/wp-json\/wp\/v2\/media?parent=9116"}],"wp:term":[{"taxonomy":"product_brand","embeddable":true,"href":"https:\/\/controllab.com\/es\/wp-json\/wp\/v2\/product_brand?post=9116"},{"taxonomy":"product_cat","embeddable":true,"href":"https:\/\/controllab.com\/es\/wp-json\/wp\/v2\/product_cat?post=9116"},{"taxonomy":"product_tag","embeddable":true,"href":"https:\/\/controllab.com\/es\/wp-json\/wp\/v2\/product_tag?post=9116"}],"curies":[{"name":"wp","href":"https:\/\/api.w.org\/{rel}","templated":true}]}}