{"id":9163,"date":"2020-12-17T15:12:49","date_gmt":"2020-12-17T18:12:49","guid":{"rendered":"https:\/\/controllab.com\/?post_type=product&#038;p=9163"},"modified":"2024-08-21T15:47:30","modified_gmt":"2024-08-21T18:47:30","slug":"drogas-de-abuso-saliva","status":"publish","type":"product","link":"https:\/\/controllab.com\/es\/programa\/drogas-de-abuso-saliva\/","title":{"rendered":"Drogas de Abuso &#8211; Saliva"},"content":{"rendered":"\t\t<div data-elementor-type=\"product-post\" data-elementor-id=\"9163\" class=\"elementor elementor-9163 elementor-9161\" data-elementor-post-type=\"product\">\n\t\t\t\t\t\t<section class=\"has_ae_slider elementor-section elementor-top-section elementor-element elementor-element-f35d108 elementor-section-boxed elementor-section-height-default elementor-section-height-default ae-bg-gallery-type-default\" data-id=\"f35d108\" data-element_type=\"section\" data-e-type=\"section\">\n\t\t\t\t\t\t<div class=\"elementor-container elementor-column-gap-default\">\n\t\t\t\t\t<div class=\"has_ae_slider elementor-column elementor-col-100 elementor-top-column elementor-element elementor-element-90059b7 ae-bg-gallery-type-default\" data-id=\"90059b7\" data-element_type=\"column\" data-e-type=\"column\">\n\t\t\t<div class=\"elementor-widget-wrap elementor-element-populated\">\n\t\t\t\t\t\t<div class=\"elementor-element elementor-element-4401966 elementor-widget elementor-widget-text-editor\" data-id=\"4401966\" data-element_type=\"widget\" data-e-type=\"widget\" data-widget_type=\"text-editor.default\">\n\t\t\t\t<div class=\"elementor-widget-container\">\n\t\t\t\t\t\t\t\t\t<ul><li>6-acetilmorfina<\/li><li>Alprazolam<\/li><li>Anfetamina<\/li><li>Benzoilecgonina<\/li><li>Bromazepam<\/li><li>Cannabidiol<\/li><li>Cannabinol<\/li><li>Clonazepam<\/li><li>Cocaetileno (coca\u00edna + alcohol)<\/li><li>Coca\u00edna<\/li><li>Code\u00edna<\/li><li>Desmetiltramadol<\/li><li>Diazepam<\/li><li>Dihidrocode\u00edna<\/li><li>\u00c9xtasis (MDMA)<\/li><li>Fentanilo<\/li><li>Flunitrazepam<\/li><li>Flurazepam<\/li><li>Fenciclidina (PCP)<\/li><li>Grieta (AEME)<\/li><li>Hidrocodona<\/li><li>Hidromorfona<\/li><li>Ketamina<\/li><li>Lorazepam<\/li><li>Marihuana (THC)<\/li><li>MBDB<\/li><li>MDA<\/li><li>MDEA<\/li><li>Metadona<\/li><li>Metanfetamina<\/li><li>Midazolam<\/li><li>Morfina<\/li><li>Nitrazepam<\/li><li>Norketamina<\/li><li>Norcoca\u00edna<\/li><li>Nordiazepam<\/li><li>Norpropoxifeno<\/li><li>Oxazepam<\/li><li>Propoxifeno<\/li><li>Temazepam<\/li><li>Tramadol<\/li><\/ul>\t\t\t\t\t\t\t\t<\/div>\n\t\t\t\t<\/div>\n\t\t\t\t\t<\/div>\n\t\t<\/div>\n\t\t\t\t\t<\/div>\n\t\t<\/section>\n\t\t\t\t<\/div>\n\t\t","protected":false},"excerpt":{"rendered":"<p>6-acetilmorfina Alprazolam Anfetamina Benzoilecgonina Bromazepam Cannabidiol Cannabinol Clonazepam Cocaetileno (coca\u00edna + alcohol) Coca\u00edna Code\u00edna Desmetiltramadol Diazepam Dihidrocode\u00edna \u00c9xtasis (MDMA) Fentanilo Flunitrazepam Flurazepam Fenciclidina (PCP) Grieta (AEME)<span class=\"excerpt-hellip\"> [\u2026]<\/span><\/p>\n","protected":false},"featured_media":23058,"template":"","meta":{"_acf_changed":false},"product_brand":[],"product_cat":[440,442,436,532],"product_tag":[],"class_list":{"0":"post-9163","1":"product","2":"type-product","3":"status-publish","4":"has-post-thumbnail","6":"product_cat-clinico-es","7":"product_cat-ci-es","8":"product_cat-ep-es","9":"product_cat-toxicologia-ocupacional-drogas-de-abuso-es-2","10":"tm-has-options","12":"first","13":"instock","14":"taxable","15":"shipping-taxable","16":"purchasable","17":"product-type-simple"},"acf":[],"_links":{"self":[{"href":"https:\/\/controllab.com\/es\/wp-json\/wp\/v2\/product\/9163","targetHints":{"allow":["GET"]}}],"collection":[{"href":"https:\/\/controllab.com\/es\/wp-json\/wp\/v2\/product"}],"about":[{"href":"https:\/\/controllab.com\/es\/wp-json\/wp\/v2\/types\/product"}],"version-history":[{"count":0,"href":"https:\/\/controllab.com\/es\/wp-json\/wp\/v2\/product\/9163\/revisions"}],"wp:featuredmedia":[{"embeddable":true,"href":"https:\/\/controllab.com\/es\/wp-json\/wp\/v2\/media\/23058"}],"wp:attachment":[{"href":"https:\/\/controllab.com\/es\/wp-json\/wp\/v2\/media?parent=9163"}],"wp:term":[{"taxonomy":"product_brand","embeddable":true,"href":"https:\/\/controllab.com\/es\/wp-json\/wp\/v2\/product_brand?post=9163"},{"taxonomy":"product_cat","embeddable":true,"href":"https:\/\/controllab.com\/es\/wp-json\/wp\/v2\/product_cat?post=9163"},{"taxonomy":"product_tag","embeddable":true,"href":"https:\/\/controllab.com\/es\/wp-json\/wp\/v2\/product_tag?post=9163"}],"curies":[{"name":"wp","href":"https:\/\/api.w.org\/{rel}","templated":true}]}}