{"id":9193,"date":"2020-12-17T15:24:14","date_gmt":"2020-12-17T18:24:14","guid":{"rendered":"https:\/\/controllab.com\/?post_type=product&#038;p=9193"},"modified":"2025-05-22T08:40:50","modified_gmt":"2025-05-22T11:40:50","slug":"drogas-de-abuso-orina-por-automatizacion","status":"publish","type":"product","link":"https:\/\/controllab.com\/es\/programa\/drogas-de-abuso-orina-por-automatizacion\/","title":{"rendered":"Drogas de Abuso &#8211; Orina por Automatizaci\u00f3n"},"content":{"rendered":"\t\t<div data-elementor-type=\"product-post\" data-elementor-id=\"9193\" class=\"elementor elementor-9193 elementor-9191\" data-elementor-post-type=\"product\">\n\t\t\t\t\t\t<section class=\"has_ae_slider elementor-section elementor-top-section elementor-element elementor-element-f35d108 elementor-section-boxed elementor-section-height-default elementor-section-height-default ae-bg-gallery-type-default\" data-id=\"f35d108\" data-element_type=\"section\" data-e-type=\"section\">\n\t\t\t\t\t\t<div class=\"elementor-container elementor-column-gap-default\">\n\t\t\t\t\t<div class=\"has_ae_slider elementor-column elementor-col-100 elementor-top-column elementor-element elementor-element-90059b7 ae-bg-gallery-type-default\" data-id=\"90059b7\" data-element_type=\"column\" data-e-type=\"column\">\n\t\t\t<div class=\"elementor-widget-wrap elementor-element-populated\">\n\t\t\t\t\t\t<div class=\"elementor-element elementor-element-4401966 elementor-widget elementor-widget-text-editor\" data-id=\"4401966\" data-element_type=\"widget\" data-e-type=\"widget\" data-widget_type=\"text-editor.default\">\n\t\t\t\t<div class=\"elementor-widget-container\">\n\t\t\t\t\t\t\t\t\t<ul><li>6-acetilcode\u00edna<\/li><li>6-acetilmorfina<\/li><li>Alprazolano<\/li><li>Amobarbital<\/li><li>Anfetamina<\/li><li>Benzoilecgonina<\/li><li>Bromazepan<\/li><li>Butalbital<\/li><li>Clonazepam<\/li><li>Cocaetileno<\/li><li>Coca\u00edna<\/li><li>Code\u00edna<\/li><li>Diclofenaco<\/li><li>Dihidrocode\u00edna<\/li><li>Dizepam<\/li><li>EDDP<\/li><li>Efedrina<\/li><li>\u00c9xtasis (MDMA)<\/li><li>Fenacetina<\/li><li>Fenciclidina (PCP)<\/li><li>Fenobarbital<\/li><li>Fenproporex<\/li><li>Fentanilo<\/li><li>Flunitrazepam<\/li><li>Fluoxetina<\/li><li>Flurazepam<\/li><li>Glucur\u00f3nido de<\/li><li>Code\u00edna<\/li><li>Glucur\u00f3nido de Marihuana (THC carbox\u00edlico)<\/li><li>Glucur\u00f3nido de morfina<\/li><li>Grieta (AEME)<\/li><li>Hero\u00edna<\/li><li>ketamina<\/li><li>Lorazepam<\/li><li>lormetazepam<\/li><li>LSD<\/li><li>Marihuana (THC)<\/li><li>Mazindol<\/li><li>MDA<\/li><li>MDEA<\/li><li>Mefedrona<\/li><li>Meperedina<\/li><li>Metacualona<\/li><li>Metadona<\/li><li>Metanfetamina<\/li><li>Midazolam<\/li><li>Morfina<\/li><li>Nitrazepam<\/li><li>Norcoca\u00edna<\/li><li>Nordiazepam<\/li><li>Norketamina<\/li><li>Norpropoxifeno<\/li><li>Nortriptilina<\/li><li>Oxazepam<\/li><li>Oxicodona<\/li><li>Pentobarbital<\/li><li>Propoxifeno<\/li><li>Secobarbital<\/li><li>Temazepam<\/li><li>Tramadol<\/li><li>Zolpidem<\/li><li>Zopiclona <\/li><\/ul>\t\t\t\t\t\t\t\t<\/div>\n\t\t\t\t<\/div>\n\t\t\t\t\t<\/div>\n\t\t<\/div>\n\t\t\t\t\t<\/div>\n\t\t<\/section>\n\t\t\t\t<\/div>\n\t\t","protected":false},"excerpt":{"rendered":"<p>6-acetilcode\u00edna 6-acetilmorfina Alprazolano Amobarbital Anfetamina Benzoilecgonina Bromazepan Butalbital Clonazepam Cocaetileno Coca\u00edna Code\u00edna Diclofenaco Dihidrocode\u00edna Dizepam EDDP Efedrina \u00c9xtasis (MDMA) Fenacetina Fenciclidina (PCP) Fenobarbital Fenproporex Fentanilo Flunitrazepam<span class=\"excerpt-hellip\"> [\u2026]<\/span><\/p>\n","protected":false},"featured_media":23058,"template":"","meta":{"_acf_changed":false},"product_brand":[],"product_cat":[440,436,532],"product_tag":[],"class_list":{"0":"post-9193","1":"product","2":"type-product","3":"status-publish","4":"has-post-thumbnail","6":"product_cat-clinico-es","7":"product_cat-ep-es","8":"product_cat-toxicologia-ocupacional-drogas-de-abuso-es-2","9":"tm-has-options","11":"first","12":"instock","13":"taxable","14":"shipping-taxable","15":"purchasable","16":"product-type-simple"},"acf":[],"_links":{"self":[{"href":"https:\/\/controllab.com\/es\/wp-json\/wp\/v2\/product\/9193","targetHints":{"allow":["GET"]}}],"collection":[{"href":"https:\/\/controllab.com\/es\/wp-json\/wp\/v2\/product"}],"about":[{"href":"https:\/\/controllab.com\/es\/wp-json\/wp\/v2\/types\/product"}],"version-history":[{"count":1,"href":"https:\/\/controllab.com\/es\/wp-json\/wp\/v2\/product\/9193\/revisions"}],"predecessor-version":[{"id":187615,"href":"https:\/\/controllab.com\/es\/wp-json\/wp\/v2\/product\/9193\/revisions\/187615"}],"wp:featuredmedia":[{"embeddable":true,"href":"https:\/\/controllab.com\/es\/wp-json\/wp\/v2\/media\/23058"}],"wp:attachment":[{"href":"https:\/\/controllab.com\/es\/wp-json\/wp\/v2\/media?parent=9193"}],"wp:term":[{"taxonomy":"product_brand","embeddable":true,"href":"https:\/\/controllab.com\/es\/wp-json\/wp\/v2\/product_brand?post=9193"},{"taxonomy":"product_cat","embeddable":true,"href":"https:\/\/controllab.com\/es\/wp-json\/wp\/v2\/product_cat?post=9193"},{"taxonomy":"product_tag","embeddable":true,"href":"https:\/\/controllab.com\/es\/wp-json\/wp\/v2\/product_tag?post=9193"}],"curies":[{"name":"wp","href":"https:\/\/api.w.org\/{rel}","templated":true}]}}